

{"id":112,"date":"2022-04-22T18:41:55","date_gmt":"2022-04-22T18:41:55","guid":{"rendered":"http:\/\/bibliotecademo.xn--construyendotussueos-l7b.com\/?page_id=112"},"modified":"2025-07-13T18:15:11","modified_gmt":"2025-07-13T18:15:11","slug":"libros-y-documentos","status":"publish","type":"page","link":"https:\/\/bibliotecologos.pe\/index.php\/libros-y-documentos\/","title":{"rendered":"Libros y Documentos"},"content":{"rendered":"\n<p>En esta secci\u00f3n puede encontrar libros electr\u00f3nicos de acceso libre, es posible descargarlos cliqueando en el bot\u00f3n.<\/p>\n\n\n\n<div class=\"wp-block-columns is-layout-flex wp-container-core-columns-is-layout-1 wp-block-columns-is-layout-flex\">\n<div class=\"wp-block-column is-layout-flow wp-block-column-is-layout-flow\" style=\"flex-basis:33.33%\">\n<div class=\"wp-block-image\"><figure class=\"alignright size-full\"><img loading=\"lazy\" decoding=\"async\" width=\"236\" height=\"310\" src=\"http:\/\/bibliotecademo.xn--construyendotussueos-l7b.com\/wp-content\/uploads\/2022\/05\/1.png\" alt=\"\" class=\"wp-image-550\" srcset=\"https:\/\/bibliotecologos.pe\/wp-content\/uploads\/2022\/05\/1.png 236w, https:\/\/bibliotecologos.pe\/wp-content\/uploads\/2022\/05\/1-228x300.png 228w, https:\/\/bibliotecologos.pe\/wp-content\/uploads\/2022\/05\/1-206x270.png 206w\" sizes=\"(max-width: 236px) 100vw, 236px\" \/><\/figure><\/div>\n<\/div>\n\n\n\n<div class=\"wp-block-column is-layout-flow wp-block-column-is-layout-flow\" style=\"flex-basis:70%\">\n<p><strong>La Bibliotecolog\u00eda y la Documentaci\u00f3n en el contexto de la internacionalizaci\u00f3n y el acceso abierto \/ coordinadores Jaime R\u00edos Ortega, C\u00e9sar Augusto Ram\u00edrez Vel\u00e1zquez . &#8212; M\u00e9xico : UNAM, Instituto de Investigaciones Bibliotecol\u00f3gicas y de la Informaci\u00f3n, 2013.<\/strong><\/p>\n\n\n\n<p>En su conjunto, los investigadores y profesores que formaron parte del programa acad\u00e9mico de la 9\u00aa edici\u00f3n del Seminario Hispano-Mexicano de Investigaci\u00f3n en Bibliotecolog\u00eda y Documentaci\u00f3n, han contribuido con los diferentes escritos que componen este volumen. El seminario estuvo organizado por la Universidad Nacional Aut\u00f3noma de M\u00e9xico y la Universidad Complutense de Madrid.<\/p>\n\n\n\n<div class=\"wp-block-buttons is-content-justification-left is-layout-flex wp-container-core-buttons-is-layout-1 wp-block-buttons-is-layout-flex\">\n<div class=\"wp-block-button has-custom-width wp-block-button__width-50 is-style-fill\"><a class=\"wp-block-button__link\" href=\"https:\/\/www.ucm.es\/data\/cont\/docs\/129-2014-11-04-9_Seminario%20hispano-mexicano_Publicaci%C3%B3n.pdf\" style=\"border-radius:30px\" target=\"_blank\" rel=\"noreferrer noopener\">Descargar libro<\/a><\/div>\n<\/div>\n\n\n\n<p><\/p>\n<\/div>\n<\/div>\n\n\n\n<hr class=\"wp-block-separator is-style-wide\"\/>\n\n\n\n<div class=\"wp-block-columns is-layout-flex wp-container-core-columns-is-layout-2 wp-block-columns-is-layout-flex\">\n<div class=\"wp-block-column is-layout-flow wp-block-column-is-layout-flow\" style=\"flex-basis:33.33%\">\n<div class=\"wp-block-image\"><figure class=\"alignright size-full is-resized\"><img loading=\"lazy\" decoding=\"async\" src=\"http:\/\/bibliotecademo.xn--construyendotussueos-l7b.com\/wp-content\/uploads\/2022\/05\/2.jpg\" alt=\"\" class=\"wp-image-571\" width=\"242\" height=\"342\" srcset=\"https:\/\/bibliotecologos.pe\/wp-content\/uploads\/2022\/05\/2.jpg 283w, https:\/\/bibliotecologos.pe\/wp-content\/uploads\/2022\/05\/2-212x300.jpg 212w, https:\/\/bibliotecologos.pe\/wp-content\/uploads\/2022\/05\/2-191x270.jpg 191w\" sizes=\"(max-width: 242px) 100vw, 242px\" \/><\/figure><\/div>\n<\/div>\n\n\n\n<div class=\"wp-block-column is-layout-flow wp-block-column-is-layout-flow\" style=\"flex-basis:66.66%\">\n<p><strong>El sistema de gesti\u00f3n de documentos electr\u00f3nicos y la autenticidad de dichos documentos \/ Adalgisa Abdala B\u00e1rcenas \u2014Lima: Pontificia Universidad Cat\u00f3lica del Per\u00fa. Departamento de Humanidades, 2012. 35 p. , 21 cm. (Temas de Bibliotecolog\u00eda e Informaci\u00f3n; 16)<\/strong><\/p>\n\n\n\n<p>El entorno tecnol\u00f3gico en el que la mayor\u00eda de sociedades se desenvuelve en la actualidad plantea una serie de retos al profesional de la informaci\u00f3n, quien cada d\u00eda recibe y procesa una cantidad cada vez mayor de documentos en formato electr\u00f3nico, sin que est\u00e9 necesariamente preparado para afrontar tal situaci\u00f3n dada la velocidad con que se operan los cambios.<\/p>\n\n\n\n<div class=\"wp-block-buttons is-layout-flex wp-block-buttons-is-layout-flex\">\n<div class=\"wp-block-button has-custom-width wp-block-button__width-50\"><a class=\"wp-block-button__link\" href=\"http:\/\/repositorio.pucp.edu.pe\/index\/handle\/123456789\/47099\" style=\"border-radius:30px\" target=\"_blank\" rel=\"http:\/\/repositorio.pucp.edu.pe\/index\/handle\/123456789\/47099 noopener\">Descargar libro<\/a><\/div>\n<\/div>\n<\/div>\n<\/div>\n\n\n\n<hr class=\"wp-block-separator is-style-wide\"\/>\n\n\n\n<div class=\"wp-block-columns is-layout-flex wp-container-core-columns-is-layout-3 wp-block-columns-is-layout-flex\">\n<div class=\"wp-block-column is-layout-flow wp-block-column-is-layout-flow\" style=\"flex-basis:33.33%\">\n<div class=\"wp-block-image\"><figure class=\"alignright size-large is-resized\"><img loading=\"lazy\" decoding=\"async\" src=\"http:\/\/bibliotecademo.xn--construyendotussueos-l7b.com\/wp-content\/uploads\/2022\/05\/3-1024x722.png\" alt=\"\" class=\"wp-image-574\" width=\"269\" height=\"188\" srcset=\"https:\/\/bibliotecologos.pe\/wp-content\/uploads\/2022\/05\/3-300x211.png 300w, https:\/\/bibliotecologos.pe\/wp-content\/uploads\/2022\/05\/3-768x541.png 768w\" sizes=\"(max-width: 269px) 100vw, 269px\" \/><\/figure><\/div>\n<\/div>\n\n\n\n<div class=\"wp-block-column is-layout-flow wp-block-column-is-layout-flow\" style=\"flex-basis:66.66%\">\n<p><strong>Bibliotecas escolares \u00bfentre interrogantes? : Herramienta de autoevaluaci\u00f3n : Preguntas e indicadores para mejorar la biblioteca \/ In\u00e9s Miret, M\u00f3nica Bar\u00f3, Teresa Ma\u00f1\u00e1 e Inmaculada Vellosillo. &#8211; &#8211; Madrid : Ministerio de Educaci\u00f3n Secretar\u00eda de Estado de Educaci\u00f3n y Formaci\u00f3n Profesional; Fundaci\u00f3n Germ\u00e1n S\u00e1nchez Ruip\u00e9rez, 2011.<\/strong><\/p>\n\n\n\n<p>Una de las preocupaciones m\u00e1s acuciantes para el Ministerio de Educaci\u00f3n es favorecer en los escolares su capacidad para acceder a la informaci\u00f3n, comprenderla y reflexionar sobre ella para aplicarla en diversas situaciones de la vida real.<\/p>\n\n\n\n<div class=\"wp-block-buttons is-layout-flex wp-block-buttons-is-layout-flex\">\n<div class=\"wp-block-button has-custom-width wp-block-button__width-50\"><a class=\"wp-block-button__link\" href=\"https:\/\/libros.metabiblioteca.org\/bitstream\/001\/447\/1\/Bibliotecasentreinterrogantes.pdf\" style=\"border-radius:30px\" target=\"_blank\" rel=\"noreferrer noopener\">Descargar libro<\/a><\/div>\n<\/div>\n<\/div>\n<\/div>\n\n\n\n<hr class=\"wp-block-separator is-style-wide\"\/>\n\n\n\n<div class=\"wp-block-columns is-layout-flex wp-container-core-columns-is-layout-4 wp-block-columns-is-layout-flex\">\n<div class=\"wp-block-column is-layout-flow wp-block-column-is-layout-flow\" style=\"flex-basis:33.33%\">\n<div class=\"wp-block-image\"><figure class=\"alignright size-full is-resized\"><img loading=\"lazy\" decoding=\"async\" src=\"http:\/\/bibliotecademo.xn--construyendotussueos-l7b.com\/wp-content\/uploads\/2022\/05\/3-1.png\" alt=\"\" class=\"wp-image-578\" width=\"239\" height=\"312\" srcset=\"https:\/\/bibliotecologos.pe\/wp-content\/uploads\/2022\/05\/3-1.png 302w, https:\/\/bibliotecologos.pe\/wp-content\/uploads\/2022\/05\/3-1-229x300.png 229w, https:\/\/bibliotecologos.pe\/wp-content\/uploads\/2022\/05\/3-1-206x270.png 206w\" sizes=\"(max-width: 239px) 100vw, 239px\" \/><\/figure><\/div>\n<\/div>\n\n\n\n<div class=\"wp-block-column is-layout-flow wp-block-column-is-layout-flow\" style=\"flex-basis:66.66%\">\n<p><strong>Torres Vargas, Georgina Araceli<br>El acceso universal a la informaci\u00f3n, del modelo librario al digital \/ Georgina Araceli Torres Vargas. \u2013 M\u00e9xico : UNAM, Centro Universitario de Investigaciones Bibliotecol\u00f3gicas, 2010.<\/strong><\/p>\n\n\n\n<p>Para efectos de este trabajo el acceso a la informaci\u00f3n implica tanto la identificaci\u00f3n de los documentos como la disponibilidad de la informaci\u00f3n.<\/p>\n\n\n\n<div class=\"wp-block-buttons is-layout-flex wp-block-buttons-is-layout-flex\">\n<div class=\"wp-block-button has-custom-width wp-block-button__width-50\"><a class=\"wp-block-button__link\" href=\"https:\/\/libros.metabiblioteca.org\/bitstream\/001\/219\/9\/978-607-02-1422-6.pdf\" style=\"border-radius:30px\" target=\"_blank\" rel=\"noreferrer noopener\">Descargar libro<\/a><\/div>\n<\/div>\n<\/div>\n<\/div>\n\n\n\n<hr class=\"wp-block-separator is-style-wide\"\/>\n\n\n\n<div class=\"wp-block-columns is-layout-flex wp-container-core-columns-is-layout-5 wp-block-columns-is-layout-flex\">\n<div class=\"wp-block-column is-layout-flow wp-block-column-is-layout-flow\" style=\"flex-basis:33.33%\">\n<div class=\"wp-block-image\"><figure class=\"alignright size-full is-resized\"><img loading=\"lazy\" decoding=\"async\" src=\"http:\/\/bibliotecademo.xn--construyendotussueos-l7b.com\/wp-content\/uploads\/2022\/05\/5.png\" alt=\"\" class=\"wp-image-581\" width=\"239\" height=\"313\" srcset=\"https:\/\/bibliotecologos.pe\/wp-content\/uploads\/2022\/05\/5.png 302w, https:\/\/bibliotecologos.pe\/wp-content\/uploads\/2022\/05\/5-229x300.png 229w, https:\/\/bibliotecologos.pe\/wp-content\/uploads\/2022\/05\/5-206x270.png 206w\" sizes=\"(max-width: 239px) 100vw, 239px\" \/><\/figure><\/div>\n<\/div>\n\n\n\n<div class=\"wp-block-column is-layout-flow wp-block-column-is-layout-flow\" style=\"flex-basis:66.66%\">\n<p><strong>Bibliotecolog\u00eda, archiv\u00edstica, documentaci\u00f3n: intradisciplina, interdisciplina o transdisciplinariedad\/ coord. Miguel \u00c1ngel Rend\u00f3n Rojas ; colab. Silvana Cruz Dom\u00ednguez \u2026 [et. al.]. \u2013 M\u00e9xico : UNAM, Centro Universitario de Investigaciones Bibliotecol\u00f3gicas, 2011.<\/strong><\/p>\n\n\n\n<p>Debido a la aparici\u00f3n de nuevas disciplinas cient\u00edficas, tales como la Ciencia de la Informaci\u00f3n y la Documentaci\u00f3n, que estudian los fen\u00f3menos informativos documentales, y al mismo tiempo la permanencia de disciplinas como la Bibliotecolog\u00eda, la Biblioteconom\u00eda y la Archiv\u00edstica que tienen ese mismo objeto de estudio, ha surgido un creciente inter\u00e9s sobre indagaciones epistemol\u00f3gicas que tratan de explicar la interrelaci\u00f3n, subordinaci\u00f3n o armonizaci\u00f3n entre esas disciplinas cient\u00edficas.<\/p>\n\n\n\n<div class=\"wp-block-buttons is-layout-flex wp-block-buttons-is-layout-flex\">\n<div class=\"wp-block-button has-custom-width wp-block-button__width-50\"><a class=\"wp-block-button__link\" href=\"https:\/\/libros.metabiblioteca.org\/handle\/001\/380\" style=\"border-radius:30px\" target=\"_blank\" rel=\"noreferrer noopener\">Descargar libro<\/a><\/div>\n<\/div>\n<\/div>\n<\/div>\n\n\n\n<hr class=\"wp-block-separator is-style-wide\"\/>\n\n\n\n<div class=\"wp-block-columns is-layout-flex wp-container-core-columns-is-layout-6 wp-block-columns-is-layout-flex\">\n<div class=\"wp-block-column is-layout-flow wp-block-column-is-layout-flow\" style=\"flex-basis:33.33%\">\n<div class=\"wp-block-image\"><figure class=\"alignright size-full is-resized\"><img loading=\"lazy\" decoding=\"async\" src=\"http:\/\/bibliotecademo.xn--construyendotussueos-l7b.com\/wp-content\/uploads\/2022\/05\/6.png\" alt=\"\" class=\"wp-image-584\" width=\"238\" height=\"342\" srcset=\"https:\/\/bibliotecologos.pe\/wp-content\/uploads\/2022\/05\/6.png 258w, https:\/\/bibliotecologos.pe\/wp-content\/uploads\/2022\/05\/6-209x300.png 209w, https:\/\/bibliotecologos.pe\/wp-content\/uploads\/2022\/05\/6-188x270.png 188w\" sizes=\"(max-width: 238px) 100vw, 238px\" \/><\/figure><\/div>\n<\/div>\n\n\n\n<div class=\"wp-block-column is-layout-flow wp-block-column-is-layout-flow\" style=\"flex-basis:66.66%\">\n<p><strong>Jos\u00e9 Antonio Merlo Vega; \u00c1ngela Sorli Rojo<br>Biblioteconom\u00eda y documentaci\u00f3n en Internet \/ Jos\u00e9 Antonio Merlo Vega; \u00c1ngela Sorli Rojo. &#8212; Madrid : Consejo Superior de Investigaciones Cient\u00edficas, 1997.<\/strong><\/p>\n\n\n\n<p>Es una gu\u00eda de recursos especializados accesibles v\u00eda Internet. Esta obra pretende facilitar la labor de quienes utilizan Internet en las unidades de informaci\u00f3n, ya sea como una herramienta v\u00e1lida para el trabajo interno del centro o para ofrecer informaciones a sus usuarios. \u00bfD\u00f3nde acudir? \u00bfQu\u00e9 consultar? Son preguntas que pueden ser solventadas con este libro<\/p>\n\n\n\n<div class=\"wp-block-buttons is-layout-flex wp-block-buttons-is-layout-flex\">\n<div class=\"wp-block-button has-custom-width wp-block-button__width-50\"><a class=\"wp-block-button__link\" href=\"http:\/\/libros.csic.es\/product_info.php?products_id=339\" style=\"border-radius:30px\" target=\"_blank\" rel=\"noreferrer noopener\">Descargar libro<\/a><\/div>\n<\/div>\n<\/div>\n<\/div>\n\n\n\n<hr class=\"wp-block-separator is-style-wide\"\/>\n\n\n\n<hr class=\"wp-block-separator is-style-wide\"\/>\n\n\n\n<hr class=\"wp-block-separator is-style-wide\"\/>\n\r\n","protected":false},"excerpt":{"rendered":"<p>En esta secci\u00f3n puede encontrar libros electr\u00f3nicos de acceso libre, es posible descargarlos cliqueando en el bot\u00f3n. La Bibliotecolog\u00eda y la Documentaci\u00f3n en el contexto de la internacionalizaci\u00f3n y el acceso abierto \/ coordinadores Jaime R\u00edos Ortega, C\u00e9sar Augusto Ram\u00edrez Vel\u00e1zquez . &#8212; M\u00e9xico : UNAM, Instituto de Investigaciones Bibliotecol\u00f3gicas y de la Informaci\u00f3n, 2013. [&hellip;]<\/p>\n","protected":false},"author":4,"featured_media":0,"parent":0,"menu_order":0,"comment_status":"closed","ping_status":"closed","template":"","meta":{"_et_pb_use_builder":"","_et_pb_old_content":"","_et_gb_content_width":"","_monsterinsights_skip_tracking":false,"_monsterinsights_sitenote_active":false,"_monsterinsights_sitenote_note":"","_monsterinsights_sitenote_category":0,"_joinchat":[],"footnotes":""},"_links":{"self":[{"href":"https:\/\/bibliotecologos.pe\/index.php\/wp-json\/wp\/v2\/pages\/112"}],"collection":[{"href":"https:\/\/bibliotecologos.pe\/index.php\/wp-json\/wp\/v2\/pages"}],"about":[{"href":"https:\/\/bibliotecologos.pe\/index.php\/wp-json\/wp\/v2\/types\/page"}],"author":[{"embeddable":true,"href":"https:\/\/bibliotecologos.pe\/index.php\/wp-json\/wp\/v2\/users\/4"}],"replies":[{"embeddable":true,"href":"https:\/\/bibliotecologos.pe\/index.php\/wp-json\/wp\/v2\/comments?post=112"}],"version-history":[{"count":37,"href":"https:\/\/bibliotecologos.pe\/index.php\/wp-json\/wp\/v2\/pages\/112\/revisions"}],"predecessor-version":[{"id":1013,"href":"https:\/\/bibliotecologos.pe\/index.php\/wp-json\/wp\/v2\/pages\/112\/revisions\/1013"}],"wp:attachment":[{"href":"https:\/\/bibliotecologos.pe\/index.php\/wp-json\/wp\/v2\/media?parent=112"}],"curies":[{"name":"wp","href":"https:\/\/api.w.org\/{rel}","templated":true}]}}