

{"id":116,"date":"2022-04-22T18:41:55","date_gmt":"2022-04-22T18:41:55","guid":{"rendered":"http:\/\/bibliotecademo.xn--construyendotussueos-l7b.com\/?page_id=116"},"modified":"2025-07-13T18:18:24","modified_gmt":"2025-07-13T18:18:24","slug":"tesauros-en-linea","status":"publish","type":"page","link":"https:\/\/bibliotecologos.pe\/index.php\/tesauros-en-linea\/","title":{"rendered":"Tesauros en l\u00ednea"},"content":{"rendered":"<p>[et_pb_section fb_built=\u00bb1&#8243; _builder_version=\u00bb4.7.7&#8243; _module_preset=\u00bbdefault\u00bb][et_pb_row _builder_version=\u00bb4.7.7&#8243; _module_preset=\u00bbdefault\u00bb][et_pb_column _builder_version=\u00bb4.7.7&#8243; _module_preset=\u00bbdefault\u00bb type=\u00bb4_4&#8243;][et_pb_image src=\u00bbhttps:\/\/bibliotecologos.pe\/wp-content\/uploads\/2022\/05\/Education-Google-Classroom-Header-School-Supplies.png\u00bb _builder_version=\u00bb4.7.7&#8243; _module_preset=\u00bbdefault\u00bb title_text=\u00bbEducation Google Classroom Header School Supplies\u00bb hover_enabled=\u00bb0&#8243; sticky_enabled=\u00bb0&#8243;][\/et_pb_image][\/et_pb_column][\/et_pb_row][et_pb_row _builder_version=\u00bb4.7.7&#8243; _module_preset=\u00bbdefault\u00bb][et_pb_column type=\u00bb4_4&#8243; _builder_version=\u00bb4.7.7&#8243; _module_preset=\u00bbdefault\u00bb][et_pb_text _builder_version=\u00bb4.7.7&#8243; _module_preset=\u00bbdefault\u00bb hover_enabled=\u00bb0&#8243; sticky_enabled=\u00bb0&#8243;]<\/p>\n<p style=\"text-align: center;\"><span style=\"color: #000000;\"><strong>TESAUROS EN L\u00cdNEA<\/strong><\/span><\/p>\n<table width=\"595\">\n<tbody>\n<tr>\n<td colspan=\"2\" width=\"595\">\n<p style=\"text-align: left;\"><span style=\"color: #000000;\"><strong>TESAUROS DE ORGANISMOS<\/strong><\/span><\/p>\n<\/td>\n<\/tr>\n<tr>\n<td width=\"153\">\n<p><strong>Tesauro de la UNESCO<\/strong><\/p>\n<p>&nbsp;<\/p>\n<\/td>\n<td width=\"442\">\n<p>Tesauro de temas generales, pero con \u00e9nfasis en educaci\u00f3n y cultura, ciencias sociales y humanas. Los temas que abarca, por lo tanto, est\u00e1n muy relacionados a los \u00e1mbitos de investigaci\u00f3n de la organizaci\u00f3n. Su b\u00fasqueda de forma alfab\u00e9tica y por grupos.<\/p>\n<p><a href=\"https:\/\/vocabularies.unesco.org\/browser\/thesaurus\/es\/\">https:\/\/vocabularies.unesco.org\/browser\/thesaurus\/es\/<\/a><\/p>\n<\/td>\n<\/tr>\n<tr>\n<td width=\"153\">\n<p><strong>OECD Macrothesaurus Chapter Headings<\/strong><\/p>\n<p>&nbsp;<\/p>\n<\/td>\n<td width=\"442\">\n<p>Contiene todas las \u00e1reas, con \u00e9nfasis en los temas econ\u00f3micos y sociales. Su b\u00fasqueda se realiza solo de forma alfab\u00e9tica.<\/p>\n<p><a href=\"http:\/\/bibliotecavirtual.clacso.org.ar\/ar\/oecd-macroth\/es\/\">Ir al tesauro<\/a><\/p>\n<\/td>\n<\/tr>\n<tr>\n<td width=\"153\">\n<p><strong>Tesauro Unbis<\/strong><\/p>\n<\/td>\n<td width=\"442\">\n<p>T\u00e9rminos multiling\u00fce, usados por el Sistema de Informaci\u00f3n Bibliogr\u00e1fica de las Naciones Unidas, y se alimenta a partir de la producci\u00f3n de conocimiento de las agencias de las Naciones Unidas: Banco Mundial, OIT, OMS, FAO, OIEA y Unesco.<\/p>\n<p><a href=\"https:\/\/vocabularyserver.com\/unbis\/es\/\">https:\/\/vocabularyserver.com\/unbis\/es\/<\/a><\/p>\n<\/td>\n<\/tr>\n<tr>\n<td colspan=\"2\" width=\"595\">\n<p><span style=\"color: #000000;\"><strong>TESAUROS UNIVERSITARIOS<\/strong><\/span><\/p>\n<\/td>\n<\/tr>\n<tr>\n<td width=\"153\">\n<p><strong>Tesauro Digital Complutense<\/strong><\/p>\n<\/td>\n<td width=\"442\">\n<p>Recoge t\u00e9rminos human\u00edsticos, aunque abarca varios campos del conocimiento. La b\u00fasqueda se realiza de forma simple y avanzada. Indica qu\u00e9 t\u00e9rminos van como encabezados o subencabezados.<\/p>\n<p><a href=\"http:\/\/alfama.sim.ucm.es\/tesauro\/\">Ir al tesauro<\/a><\/p>\n<\/td>\n<\/tr>\n<tr>\n<td width=\"153\">\n<p><strong>Tesauro Iteso<\/strong><\/p>\n<\/td>\n<td width=\"442\">\n<p>T\u00e9rminos con \u00e9nfasis en ingenier\u00eda. Es gestionado por la Biblioteca Jorge Villalobos de la Universidad Jesuita de Guadalajara.<\/p>\n<p><a href=\"http:\/\/quijote.biblio.iteso.mx\/catia\/tesauro\/default.htm\">http:\/\/quijote.biblio.iteso.mx\/catia\/tesauro\/default.htm<\/a><\/p>\n<\/td>\n<\/tr>\n<tr>\n<td width=\"153\">\n<p><strong>Tesauro Serbiula<\/strong><\/p>\n<\/td>\n<td width=\"442\">\n<p>Es un tesauro ordenado, que incluye t\u00e9rminos en ingl\u00e9s de la Universidad de los Andes (Venezuela) es probablemente el mejor elaborado con TemaTres, una herramienta tecnol\u00f3gica con la cual muchas otras instituciones han elaborado sus propios tesauros, pero que est\u00e1n lejos de estar tan nutridos de descriptores como Serbiula, un tesauro limpio, ordenado y que presenta el t\u00e9rmino en ingl\u00e9s y una jerarqu\u00eda muy bien desarrollada, adem\u00e1s de un excelente buscador.<\/p>\n<p><a href=\"http:\/\/www.serbi.ula.ve\/tematres\/vocab\/index.php\">Ir al tesauro<\/a><\/p>\n<\/td>\n<\/tr>\n<tr>\n<td colspan=\"2\" width=\"595\">\n<p><span style=\"color: #000000;\"><strong>TESAUROS ESPECIALIZADOS<\/strong><\/span><\/p>\n<\/td>\n<\/tr>\n<tr>\n<td width=\"153\">\n<p><strong>Descriptores en Ciencias de la Salud (DeCS)<\/strong><\/p>\n<\/td>\n<td width=\"442\">\n<p>Es un vocabulario controlado que indexa art\u00edculos cient\u00edficos y otros documentos en el campo biom\u00e9dico. Los temas se encuentran en espa\u00f1ol, ingl\u00e9s y portugu\u00e9s. Cuenta con el respaldo de la Organizaci\u00f3n Mundial de la Salud.<\/p>\n<p><a href=\"https:\/\/decs.bvsalud.org\/E\/homepagee.htm\">https:\/\/decs.bvsalud.org\/E\/homepagee.htm<\/a><\/p>\n<\/td>\n<\/tr>\n<tr>\n<td width=\"153\">\n<p><strong>Tesauro y Glosario Agr\u00edcola<\/strong><\/p>\n<\/td>\n<td width=\"442\">\n<p>Es un tesauro muy completo desarrollado por la Biblioteca Nacional de Agricultura de los EE. UU. y el Instituto Interamericano de Cooperaci\u00f3n para la Agricultura. Puede realizar la b\u00fasqueda en espa\u00f1ol e ingl\u00e9s sobre temas agr\u00edcolas y veterinarios.<\/p>\n<p><a href=\"https:\/\/agclass.nal.usda.gov\/es\/ultimos-anos-buscar-en-el-2021-tesauro-la-busqueda-de-nalt-2022-viniendo-de-febrero-de-2022\">https:\/\/agclass.nal.usda.gov\/es\/ultimos-anos-buscar-en-el-2021-tesauro-la-busqueda-de-nalt-2022-viniendo-de-febrero-de-2022<\/a><\/p>\n<\/td>\n<\/tr>\n<tr>\n<td width=\"153\">\n<p><strong>Tesauro de Arte &amp; Arquitectura<\/strong><\/p>\n<\/td>\n<td width=\"442\">\n<p>Este tesauro ha sido elaborado por el Getty Research Institute y traducido al espa\u00f1ol por el Centro de Documentaci\u00f3n de Bienes Patrimoniales de Chile. Cada descriptor ha sido rigurosamente extra\u00eddo de diversos diccionarios especializados.<\/p>\n<p><a href=\"https:\/\/www.aatespanol.cl\/\">https:\/\/www.aatespanol.cl\/<\/a><\/p>\n<\/td>\n<\/tr>\n<tr>\n<td width=\"153\">\n<p><strong>Tesauro Europeo de\u00a0 la Educaci\u00f3n<\/strong><\/p>\n<\/td>\n<td width=\"442\">\n<p>Es un tesauro multiling\u00fce formado por descriptores y estructurado en relaciones jer\u00e1rquicas y asociativas. Su finalidad es facilitar la indizaci\u00f3n y b\u00fasqueda de informaci\u00f3n y documentaci\u00f3n sobre los sistemas y pol\u00edticas educativas.<\/p>\n<p><a href=\"https:\/\/vocabularyserver.com\/tee\/es\/\">https:\/\/vocabularyserver.com\/tee\/es\/<\/a><\/p>\n<\/td>\n<\/tr>\n<\/tbody>\n<\/table>\n<p>[\/et_pb_text][\/et_pb_column][\/et_pb_row][\/et_pb_section]<\/p>\n","protected":false},"excerpt":{"rendered":"<p>[et_pb_section fb_built=\u00bb1&#8243; _builder_version=\u00bb4.7.7&#8243; _module_preset=\u00bbdefault\u00bb][et_pb_row _builder_version=\u00bb4.7.7&#8243; _module_preset=\u00bbdefault\u00bb][et_pb_column _builder_version=\u00bb4.7.7&#8243; _module_preset=\u00bbdefault\u00bb type=\u00bb4_4&#8243;][et_pb_image src=\u00bbhttps:\/\/bibliotecologos.pe\/wp-content\/uploads\/2022\/05\/Education-Google-Classroom-Header-School-Supplies.png\u00bb _builder_version=\u00bb4.7.7&#8243; _module_preset=\u00bbdefault\u00bb title_text=\u00bbEducation Google Classroom Header School Supplies\u00bb hover_enabled=\u00bb0&#8243; sticky_enabled=\u00bb0&#8243;][\/et_pb_image][\/et_pb_column][\/et_pb_row][et_pb_row _builder_version=\u00bb4.7.7&#8243; _module_preset=\u00bbdefault\u00bb][et_pb_column type=\u00bb4_4&#8243; _builder_version=\u00bb4.7.7&#8243; _module_preset=\u00bbdefault\u00bb][et_pb_text _builder_version=\u00bb4.7.7&#8243; _module_preset=\u00bbdefault\u00bb hover_enabled=\u00bb0&#8243; sticky_enabled=\u00bb0&#8243;] TESAUROS EN L\u00cdNEA TESAUROS DE ORGANISMOS Tesauro de la UNESCO &nbsp; Tesauro de temas generales, pero con \u00e9nfasis en educaci\u00f3n y cultura, ciencias sociales y humanas. [&hellip;]<\/p>\n","protected":false},"author":4,"featured_media":0,"parent":0,"menu_order":0,"comment_status":"closed","ping_status":"closed","template":"","meta":{"_et_pb_use_builder":"on","_et_pb_old_content":"","_et_gb_content_width":"","_monsterinsights_skip_tracking":false,"_monsterinsights_sitenote_active":false,"_monsterinsights_sitenote_note":"","_monsterinsights_sitenote_category":0,"_joinchat":[],"footnotes":""},"_links":{"self":[{"href":"https:\/\/bibliotecologos.pe\/index.php\/wp-json\/wp\/v2\/pages\/116"}],"collection":[{"href":"https:\/\/bibliotecologos.pe\/index.php\/wp-json\/wp\/v2\/pages"}],"about":[{"href":"https:\/\/bibliotecologos.pe\/index.php\/wp-json\/wp\/v2\/types\/page"}],"author":[{"embeddable":true,"href":"https:\/\/bibliotecologos.pe\/index.php\/wp-json\/wp\/v2\/users\/4"}],"replies":[{"embeddable":true,"href":"https:\/\/bibliotecologos.pe\/index.php\/wp-json\/wp\/v2\/comments?post=116"}],"version-history":[{"count":5,"href":"https:\/\/bibliotecologos.pe\/index.php\/wp-json\/wp\/v2\/pages\/116\/revisions"}],"predecessor-version":[{"id":933,"href":"https:\/\/bibliotecologos.pe\/index.php\/wp-json\/wp\/v2\/pages\/116\/revisions\/933"}],"wp:attachment":[{"href":"https:\/\/bibliotecologos.pe\/index.php\/wp-json\/wp\/v2\/media?parent=116"}],"curies":[{"name":"wp","href":"https:\/\/api.w.org\/{rel}","templated":true}]}}