

{"id":134,"date":"2022-04-22T18:43:25","date_gmt":"2022-04-22T18:43:25","guid":{"rendered":"http:\/\/bibliotecademo.xn--construyendotussueos-l7b.com\/?page_id=134"},"modified":"2025-07-13T18:18:58","modified_gmt":"2025-07-13T18:18:58","slug":"vision-global-ifla","status":"publish","type":"page","link":"https:\/\/bibliotecologos.pe\/index.php\/vision-global-ifla\/","title":{"rendered":"Visi\u00f3n Global IFLA"},"content":{"rendered":"\n<p><\/p>\n\n\n\n<h2 class=\"wp-block-heading\">Hacia la visi\u00f3n global de un nuevo rol para nuestra profesi\u00f3n<\/h2>\n\n\n\n<p>El Per\u00fa particip\u00f3 activamente en la consulta y debate mundial impulsado por la IFLA (Federaci\u00f3n Internacional de Asociaciones de Bibliotecarios) con la finalidad de explorar los retos y oportunidades a los que se enfrenta el sector<br>bibliotecario en un mundo globalizado y promover la articulaci\u00f3n para potenciar e innovar su rol:<\/p>\n\n\n\n<p>construir sociedades alfabetizadas, informadas y participativas.<\/p>\n\n\n\n<p><a href=\"https:\/\/repository.ifla.org\/items\/0e3383ff-1c31-4e5d-bfa8-f9ea4be93cea\">Estrategia de la IFLA 2024-2029<\/a><\/p>\n","protected":false},"excerpt":{"rendered":"<p>Hacia la visi\u00f3n global de un nuevo rol para nuestra profesi\u00f3n El Per\u00fa particip\u00f3 activamente en la consulta y debate mundial impulsado por la IFLA (Federaci\u00f3n Internacional de Asociaciones de Bibliotecarios) con la finalidad de explorar los retos y oportunidades a los que se enfrenta el sectorbibliotecario en un mundo globalizado y promover la articulaci\u00f3n [&hellip;]<\/p>\n","protected":false},"author":4,"featured_media":0,"parent":0,"menu_order":0,"comment_status":"closed","ping_status":"closed","template":"","meta":{"_et_pb_use_builder":"","_et_pb_old_content":"","_et_gb_content_width":"","_monsterinsights_skip_tracking":false,"_monsterinsights_sitenote_active":false,"_monsterinsights_sitenote_note":"","_monsterinsights_sitenote_category":0,"_joinchat":[],"footnotes":""},"_links":{"self":[{"href":"https:\/\/bibliotecologos.pe\/index.php\/wp-json\/wp\/v2\/pages\/134"}],"collection":[{"href":"https:\/\/bibliotecologos.pe\/index.php\/wp-json\/wp\/v2\/pages"}],"about":[{"href":"https:\/\/bibliotecologos.pe\/index.php\/wp-json\/wp\/v2\/types\/page"}],"author":[{"embeddable":true,"href":"https:\/\/bibliotecologos.pe\/index.php\/wp-json\/wp\/v2\/users\/4"}],"replies":[{"embeddable":true,"href":"https:\/\/bibliotecologos.pe\/index.php\/wp-json\/wp\/v2\/comments?post=134"}],"version-history":[{"count":3,"href":"https:\/\/bibliotecologos.pe\/index.php\/wp-json\/wp\/v2\/pages\/134\/revisions"}],"predecessor-version":[{"id":4399,"href":"https:\/\/bibliotecologos.pe\/index.php\/wp-json\/wp\/v2\/pages\/134\/revisions\/4399"}],"wp:attachment":[{"href":"https:\/\/bibliotecologos.pe\/index.php\/wp-json\/wp\/v2\/media?parent=134"}],"curies":[{"name":"wp","href":"https:\/\/api.w.org\/{rel}","templated":true}]}}