

{"id":1483,"date":"2023-02-03T21:44:39","date_gmt":"2023-02-03T21:44:39","guid":{"rendered":"https:\/\/bibliotecologos.pe\/?page_id=1483"},"modified":"2025-06-27T04:01:56","modified_gmt":"2025-06-27T04:01:56","slug":"consejo-directivo-nacional-2025-2026","status":"publish","type":"page","link":"https:\/\/bibliotecologos.pe\/index.php\/consejo-directivo-nacional-2025-2026\/","title":{"rendered":"Consejo Directivo Nacional 2025-2026"},"content":{"rendered":"<p>[et_pb_section fb_built=\u00bb1&#8243; admin_label=\u00bbsection\u00bb _builder_version=\u00bb3.22&#8243;][et_pb_row admin_label=\u00bbrow\u00bb _builder_version=\u00bb3.25&#8243; background_size=\u00bbinitial\u00bb background_position=\u00bbtop_left\u00bb background_repeat=\u00bbrepeat\u00bb][et_pb_column type=\u00bb4_4&#8243; _builder_version=\u00bb3.25&#8243; custom_padding=\u00bb|||\u00bb custom_padding__hover=\u00bb|||\u00bb][et_pb_text _builder_version=\u00bb4.7.7&#8243; _module_preset=\u00bbdefault\u00bb]<\/p>\n<h1 style=\"text-align: center;\">Consejo Directivo Nacional 2025-2026<\/h1>\n<p>[\/et_pb_text][et_pb_text _builder_version=\u00bb4.7.7&#8243; _module_preset=\u00bbdefault\u00bb text_font_size=\u00bb19px\u00bb]<\/p>\n<h1 style=\"text-align: center;\"><strong>LA VISIBILIDAD DEL CBP es tarea de todos<\/strong><\/h1>\n<p>[\/et_pb_text][et_pb_image src=\u00bbhttps:\/\/bibliotecologos.pe\/wp-content\/uploads\/2025\/01\/CDN2025-2026.jpeg\u00bb title_text=\u00bbCDN2025-2026&#8243; _builder_version=\u00bb4.7.7&#8243; _module_preset=\u00bbdefault\u00bb][\/et_pb_image][et_pb_text _builder_version=\u00bb4.7.7&#8243; _module_preset=\u00bbdefault\u00bb]<\/p>\n<p>El d\u00eda 11 de enero de 2025, en la <strong>Sala Multiusos de la Biblioteca Nacional del Per\u00fa<\/strong>, asumi\u00f3 el nuevo Consejo Directivo Nacional del Colegio de Bibliotec\u00f3logos del Per\u00fa, que desempe\u00f1ar\u00e1 sus funciones durante el periodo 2025-2026. Este evento marca un momento importante para avanzar en el trabajo y desarrollo de la profesi\u00f3n bibliotecol\u00f3gica en nuestro pa\u00eds.<\/p>\n<p>[\/et_pb_text][et_pb_text _builder_version=\u00bb4.7.7&#8243; _module_preset=\u00bbdefault\u00bb text_font_size=\u00bb7px\u00bb text_line_height=\u00bb1.2em\u00bb custom_margin=\u00bb||45px|||\u00bb]<\/p>\n<table border=\"1\" cellspacing=\"0\" cellpadding=\"5\">\n<thead>\n<tr bgcolor=\"#0000B0\" style=\"color: white; font-size: small;\">\n<th><span style=\"color: #ffffff;\">Nombre<\/span><\/th>\n<th><span style=\"color: #ffffff;\">Cargo<\/span><\/th>\n<\/tr>\n<\/thead>\n<tbody style=\"font-size: small;\">\n<tr>\n<td>Mg. Henry Gabino Ch\u00e1vez S\u00e1nchez<\/td>\n<td><b>Decano del CBP<\/b><\/td>\n<\/tr>\n<tr>\n<td>Lic. Jes\u00fas Miryam Arce Ventocilla<\/td>\n<td>Vicedecana<\/td>\n<\/tr>\n<tr>\n<td>Mg. Roxana Huaman Huriarte<\/td>\n<td>Secretaria General<\/td>\n<\/tr>\n<tr>\n<td>Lic. Petronila Liz Contreras Yalico<\/td>\n<td>Directora de Econom\u00eda<\/td>\n<\/tr>\n<tr>\n<td>Mg. Carlos Antonio Sam Anlas<\/td>\n<td>Director de Defensa Profesional<\/td>\n<\/tr>\n<tr>\n<td>Lic. Hayd\u00e9e Limascca Mej\u00eda<\/td>\n<td>Directora de Desarrollo profesional<\/td>\n<\/tr>\n<tr>\n<td>Lic. Ana Rebeca Castillo Garc\u00eda<\/td>\n<td>Directora de Relaciones P\u00fablicas<\/td>\n<\/tr>\n<tr>\n<td>Lic. Claudia Nila Elizabeth V\u00e1squez Castillo<\/td>\n<td>Directora de Bienestar<\/td>\n<\/tr>\n<tr>\n<td>Dr. Olaya Guerrero, Julio Cesar<\/td>\n<td>Director de Bibliotecas<\/td>\n<\/tr>\n<\/tbody>\n<\/table>\n<p>[\/et_pb_text][\/et_pb_column][\/et_pb_row][et_pb_row _builder_version=\u00bb4.7.7&#8243; _module_preset=\u00bbdefault\u00bb][et_pb_column type=\u00bb4_4&#8243; _builder_version=\u00bb4.7.7&#8243; _module_preset=\u00bbdefault\u00bb][et_pb_image src=\u00bbhttps:\/\/bibliotecologos.pe\/wp-content\/uploads\/2023\/09\/logotipoCBP.png\u00bb title_text=\u00bblogotipoCBP\u00bb _builder_version=\u00bb4.7.7&#8243; _module_preset=\u00bbdefault\u00bb][\/et_pb_image][\/et_pb_column][\/et_pb_row][et_pb_row column_structure=\u00bb1_2,1_2&#8243; _builder_version=\u00bb4.7.7&#8243; _module_preset=\u00bbdefault\u00bb custom_padding=\u00bb4px|||||\u00bb][et_pb_column type=\u00bb1_2&#8243; _builder_version=\u00bb4.7.7&#8243; _module_preset=\u00bbdefault\u00bb][et_pb_image src=\u00bbhttps:\/\/bibliotecologos.pe\/wp-content\/uploads\/2025\/03\/Foto-Mg.-Henry-Chavez-Sanchez-Decano-Nacional-240&#215;300.jpg\u00bb title_text=\u00bbFoto Mg. Henry Chavez Sa\u0301nchez &#8211; Decano Nacional\u00bb _builder_version=\u00bb4.7.7&#8243; _module_preset=\u00bbdefault\u00bb custom_margin=\u00bb1px|||||\u00bb custom_padding=\u00bb0px|||||\u00bb border_width_all=\u00bb1px\u00bb border_color_all=\u00bb#9b9b9b\u00bb][\/et_pb_image][et_pb_text _builder_version=\u00bb4.7.7&#8243; _module_preset=\u00bbdefault\u00bb]<\/p>\n<p style=\"text-align: center;\"><span face=\"Liberation Serif\" size=\"5\">Mg. Henry Gabino Ch\u00e1vez S\u00e1nchez<\/span><\/p>\n<p style=\"text-align: center;\"><strong>Decano del CBP<\/strong><\/p>\n<p>[\/et_pb_text][\/et_pb_column][et_pb_column type=\u00bb1_2&#8243; _builder_version=\u00bb4.7.7&#8243; _module_preset=\u00bbdefault\u00bb][et_pb_image src=\u00bbhttps:\/\/bibliotecologos.pe\/wp-content\/uploads\/2025\/04\/Lic.-Jesus-Miryam-Arce-Ventocilla-Vicedecana-233&#215;300.jpg\u00bb title_text=\u00bbLic. Jesu\u0301s Miryam Arce Ventocilla &#8211; Vicedecana\u00bb _builder_version=\u00bb4.7.7&#8243; _module_preset=\u00bbdefault\u00bb custom_margin=\u00bb-9px|||||\u00bb custom_padding=\u00bb||0px|||\u00bb border_width_all=\u00bb1px\u00bb border_color_all=\u00bb#9b9b9b\u00bb][\/et_pb_image][et_pb_text _builder_version=\u00bb4.7.7&#8243; _module_preset=\u00bbdefault\u00bb]<\/p>\n<p style=\"text-align: center;\">Lic. Jes\u00fas Miryam Arce Ventocilla<\/p>\n<p style=\"text-align: center;\"><strong>Vicedecana<\/strong><\/p>\n<p>[\/et_pb_text][\/et_pb_column][\/et_pb_row][et_pb_row column_structure=\u00bb1_3,1_3,1_3&#8243; _builder_version=\u00bb4.7.7&#8243; _module_preset=\u00bbdefault\u00bb][et_pb_column type=\u00bb1_3&#8243; _builder_version=\u00bb4.7.7&#8243; _module_preset=\u00bbdefault\u00bb][et_pb_image src=\u00bbhttps:\/\/bibliotecologos.pe\/wp-content\/uploads\/2025\/03\/Foto-Mg.-Roxana-Huaman-Secretaria-General-CBP-240&#215;300.jpeg\u00bb title_text=\u00bbFoto Mg. Roxana Huaman &#8211; Secretaria General CBP\u00bb _builder_version=\u00bb4.7.7&#8243; _module_preset=\u00bbdefault\u00bb border_width_all=\u00bb1px\u00bb border_color_all=\u00bb#9b9b9b\u00bb][\/et_pb_image][et_pb_text _builder_version=\u00bb4.7.7&#8243; _module_preset=\u00bbdefault\u00bb]<\/p>\n<p style=\"text-align: center;\">Mg. Roxana Huaman Huriarte\u00a0<\/p>\n<p style=\"text-align: center;\"><strong>Secretaria General<\/strong><\/p>\n<p>[\/et_pb_text][\/et_pb_column][et_pb_column type=\u00bb1_3&#8243; _builder_version=\u00bb4.7.7&#8243; _module_preset=\u00bbdefault\u00bb][et_pb_image src=\u00bbhttps:\/\/bibliotecologos.pe\/wp-content\/uploads\/2025\/03\/avatar22.png\u00bb title_text=\u00bbavatar22&#8243; _builder_version=\u00bb4.7.7&#8243; _module_preset=\u00bbdefault\u00bb custom_margin=\u00bb||106px|||\u00bb][\/et_pb_image][et_pb_text _builder_version=\u00bb4.7.7&#8243; _module_preset=\u00bbdefault\u00bb]<\/p>\n<p style=\"text-align: center;\"><span>Lic. Petronila Liz Contreras Yalico<\/span><\/p>\n<p style=\"text-align: center;\"><strong>Directora de\u00a0 Econom\u00eda<\/strong><\/p>\n<p>[\/et_pb_text][\/et_pb_column][et_pb_column type=\u00bb1_3&#8243; _builder_version=\u00bb4.7.7&#8243; _module_preset=\u00bbdefault\u00bb][et_pb_image src=\u00bbhttps:\/\/bibliotecologos.pe\/wp-content\/uploads\/2025\/03\/avatar22.png\u00bb title_text=\u00bbavatar22&#8243; _builder_version=\u00bb4.7.7&#8243; _module_preset=\u00bbdefault\u00bb custom_margin=\u00bb||103px|||\u00bb][\/et_pb_image][et_pb_text _builder_version=\u00bb4.7.7&#8243; _module_preset=\u00bbdefault\u00bb]<\/p>\n<p style=\"text-align: center;\"><span>Mg. Carlos Antonio Sam Anlas<\/span><\/p>\n<p style=\"text-align: center;\"><strong>Director de Defensa Profesional<\/strong><\/p>\n<p>[\/et_pb_text][\/et_pb_column][\/et_pb_row][et_pb_row column_structure=\u00bb1_3,1_3,1_3&#8243; _builder_version=\u00bb4.7.7&#8243; _module_preset=\u00bbdefault\u00bb][et_pb_column type=\u00bb1_3&#8243; _builder_version=\u00bb4.7.7&#8243; _module_preset=\u00bbdefault\u00bb][et_pb_image src=\u00bbhttps:\/\/bibliotecologos.pe\/wp-content\/uploads\/2025\/06\/Haydee-Limascca-200&#215;300.jpeg\u00bb title_text=\u00bbHaydee Limascca\u00bb _builder_version=\u00bb4.7.7&#8243; _module_preset=\u00bbdefault\u00bb border_width_all=\u00bb1px\u00bb][\/et_pb_image][et_pb_text _builder_version=\u00bb4.7.7&#8243; _module_preset=\u00bbdefault\u00bb]<\/p>\n<p style=\"text-align: center;\"><span face=\"Liberation Serif\" size=\"5\">Lic. Hayd\u00e9e Limascca Mej\u00eda<\/span><\/p>\n<p style=\"text-align: center;\"><strong>Directora de Desarrollo Profesional<\/strong><\/p>\n<p>[\/et_pb_text][\/et_pb_column][et_pb_column type=\u00bb1_3&#8243; _builder_version=\u00bb4.7.7&#8243; _module_preset=\u00bbdefault\u00bb][et_pb_image src=\u00bbhttps:\/\/bibliotecologos.pe\/wp-content\/uploads\/2025\/03\/avatar22.png\u00bb title_text=\u00bbavatar22&#8243; _builder_version=\u00bb4.7.7&#8243; _module_preset=\u00bbdefault\u00bb custom_margin=\u00bb||103px|||\u00bb][\/et_pb_image][et_pb_text _builder_version=\u00bb4.7.7&#8243; _module_preset=\u00bbdefault\u00bb]<\/p>\n<p style=\"text-align: center;\"><span>Lic. Ana Rebeca Castillo Garc\u00eda<\/span><\/p>\n<p style=\"text-align: center;\"><strong>Directora de Relaciones P\u00fablicas<\/strong><\/p>\n<p>[\/et_pb_text][\/et_pb_column][et_pb_column type=\u00bb1_3&#8243; _builder_version=\u00bb4.7.7&#8243; _module_preset=\u00bbdefault\u00bb][et_pb_image src=\u00bbhttps:\/\/bibliotecologos.pe\/wp-content\/uploads\/2025\/03\/Foto-Lic.-Claudia-Vasquez-Castillo-Dir-Bienestar-240&#215;300.jpeg\u00bb title_text=\u00bbFoto Lic. Claudia Va\u0301squez Castillo &#8211; Dir Bienestar\u00bb _builder_version=\u00bb4.7.7&#8243; _module_preset=\u00bbdefault\u00bb border_width_all=\u00bb1px\u00bb border_color_all=\u00bb#9b9b9b\u00bb][\/et_pb_image][et_pb_text _builder_version=\u00bb4.7.7&#8243; _module_preset=\u00bbdefault\u00bb]<\/p>\n<p style=\"text-align: center;\">Lic. Claudia Nila Elizabeth V\u00e1squez Castillo<\/p>\n<p style=\"text-align: center;\"><strong>Directora de Bienestar<\/strong><\/p>\n<p>[\/et_pb_text][\/et_pb_column][\/et_pb_row][et_pb_row _builder_version=\u00bb4.7.7&#8243; _module_preset=\u00bbdefault\u00bb][et_pb_column type=\u00bb4_4&#8243; _builder_version=\u00bb4.7.7&#8243; _module_preset=\u00bbdefault\u00bb][et_pb_image src=\u00bbhttps:\/\/bibliotecologos.pe\/wp-content\/uploads\/2025\/06\/Foto-Dr.-Julio-Cesar-Olaya-Director-de-Biblioteca-225&#215;300.jpg\u00bb title_text=\u00bbFoto Dr. Julio Cesar Olaya &#8211; Director de Biblioteca\u00bb _builder_version=\u00bb4.7.7&#8243; _module_preset=\u00bbdefault\u00bb hover_enabled=\u00bb0&#8243; sticky_enabled=\u00bb0&#8243; custom_padding=\u00bb||0px|||\u00bb min_height=\u00bb263px\u00bb][\/et_pb_image][et_pb_text _builder_version=\u00bb4.7.7&#8243; _module_preset=\u00bbdefault\u00bb]<\/p>\n<p style=\"text-align: center;\"><span>Dr. Julio Cesar\u00a0Olaya Guerrero<\/span><\/p>\n<p style=\"text-align: center;\"><strong>Director de\u00a0 Bibliotecas<\/strong><\/p>\n<p>[\/et_pb_text][\/et_pb_column][\/et_pb_row][\/et_pb_section]<\/p>\n","protected":false},"excerpt":{"rendered":"<p>[et_pb_section fb_built=\u00bb1&#8243; admin_label=\u00bbsection\u00bb _builder_version=\u00bb3.22&#8243;][et_pb_row admin_label=\u00bbrow\u00bb _builder_version=\u00bb3.25&#8243; background_size=\u00bbinitial\u00bb background_position=\u00bbtop_left\u00bb background_repeat=\u00bbrepeat\u00bb][et_pb_column type=\u00bb4_4&#8243; _builder_version=\u00bb3.25&#8243; custom_padding=\u00bb|||\u00bb custom_padding__hover=\u00bb|||\u00bb][et_pb_text _builder_version=\u00bb4.7.7&#8243; _module_preset=\u00bbdefault\u00bb] Consejo Directivo Nacional 2025-2026 [\/et_pb_text][et_pb_text _builder_version=\u00bb4.7.7&#8243; _module_preset=\u00bbdefault\u00bb text_font_size=\u00bb19px\u00bb] LA VISIBILIDAD DEL CBP es tarea de todos [\/et_pb_text][et_pb_image src=\u00bbhttps:\/\/bibliotecologos.pe\/wp-content\/uploads\/2025\/01\/CDN2025-2026.jpeg\u00bb title_text=\u00bbCDN2025-2026&#8243; _builder_version=\u00bb4.7.7&#8243; _module_preset=\u00bbdefault\u00bb][\/et_pb_image][et_pb_text _builder_version=\u00bb4.7.7&#8243; _module_preset=\u00bbdefault\u00bb] El d\u00eda 11 de enero de 2025, en la Sala Multiusos de la Biblioteca Nacional del Per\u00fa, [&hellip;]<\/p>\n","protected":false},"author":4,"featured_media":0,"parent":0,"menu_order":0,"comment_status":"closed","ping_status":"closed","template":"","meta":{"_et_pb_use_builder":"on","_et_pb_old_content":"","_et_gb_content_width":"","_monsterinsights_skip_tracking":false,"_monsterinsights_sitenote_active":false,"_monsterinsights_sitenote_note":"","_monsterinsights_sitenote_category":0,"_joinchat":[],"footnotes":""},"_links":{"self":[{"href":"https:\/\/bibliotecologos.pe\/index.php\/wp-json\/wp\/v2\/pages\/1483"}],"collection":[{"href":"https:\/\/bibliotecologos.pe\/index.php\/wp-json\/wp\/v2\/pages"}],"about":[{"href":"https:\/\/bibliotecologos.pe\/index.php\/wp-json\/wp\/v2\/types\/page"}],"author":[{"embeddable":true,"href":"https:\/\/bibliotecologos.pe\/index.php\/wp-json\/wp\/v2\/users\/4"}],"replies":[{"embeddable":true,"href":"https:\/\/bibliotecologos.pe\/index.php\/wp-json\/wp\/v2\/comments?post=1483"}],"version-history":[{"count":29,"href":"https:\/\/bibliotecologos.pe\/index.php\/wp-json\/wp\/v2\/pages\/1483\/revisions"}],"predecessor-version":[{"id":4787,"href":"https:\/\/bibliotecologos.pe\/index.php\/wp-json\/wp\/v2\/pages\/1483\/revisions\/4787"}],"wp:attachment":[{"href":"https:\/\/bibliotecologos.pe\/index.php\/wp-json\/wp\/v2\/media?parent=1483"}],"curies":[{"name":"wp","href":"https:\/\/api.w.org\/{rel}","templated":true}]}}