

{"id":161,"date":"2022-04-22T18:49:06","date_gmt":"2022-04-22T18:49:06","guid":{"rendered":"http:\/\/bibliotecademo.xn--construyendotussueos-l7b.com\/?page_id=161"},"modified":"2025-07-13T18:09:58","modified_gmt":"2025-07-13T18:09:58","slug":"consejo-directivo-nacional-2021-2022","status":"publish","type":"page","link":"https:\/\/bibliotecologos.pe\/index.php\/consejo-directivo-nacional-2021-2022\/","title":{"rendered":"Consejo Directivo Nacional 2021-2022"},"content":{"rendered":"\n<div style=\"height:44px\" aria-hidden=\"true\" class=\"wp-block-spacer\"><\/div>\n\n\n\n<h1 class=\"has-text-align-center wp-block-heading\">Consejo Directivo Nacional 2021-2022<\/h1>\n\n\n\n<h2 class=\"has-text-align-center wp-block-heading\">\u00ab<strong>Profesionales Construyendo la Sociedad del Conocimiento e impulsando el logro de los objetivos del desarrollo sostenible (ODS)<\/strong>\u00ab<\/h2>\n\n\n\n<div style=\"height:50px\" aria-hidden=\"true\" class=\"wp-block-spacer\"><\/div>\n\n\n\n<div class=\"wp-block-columns is-layout-flex wp-container-core-columns-is-layout-1 wp-block-columns-is-layout-flex\">\n<div class=\"wp-block-column is-layout-flow wp-block-column-is-layout-flow\" style=\"flex-basis:33.33%\">\n<div class=\"wp-block-image\"><figure class=\"aligncenter size-large\"><img decoding=\"async\" src=\"http:\/\/bibliotecologos.pe\/wp-content\/uploads\/2022\/05\/CBP-Eduardo-Jorge-Caparo.jpeg\" alt=\"\"\/><\/figure><\/div>\n<\/div>\n\n\n\n<div class=\"wp-block-column is-layout-flow wp-block-column-is-layout-flow\" style=\"flex-basis:66.66%\">\n<p><strong>PALABRAS DEL DECANO<\/strong><\/p>\n\n\n\n<p>Estimados Colegas el Colegio de Bibliotec\u00f3logos del Per\u00fa, a trav\u00e9s de nuestro Consejo Directivo Nacional est\u00e1 plenamente comprometido y convencido de que nosotros como gremio estamos en condiciones de demostrar que, siendo organizados, \u00e9ticos y manejando informaci\u00f3n y conocimiento de car\u00e1cter transversal que coadyuven a la investigaci\u00f3n y toma de decisiones, somos capaces de contribuir con el desarrollo del pa\u00eds.<\/p>\n\n\n\n<p>Bib. Eduardo Caparo Soto<\/p>\n<\/div>\n<\/div>\n\n\n\n<p>El d\u00eda viernes 15 de enero de 2021 en ceremonia solemne, en un contexto virtual por la crisis sanitaria, a consecuencia de la pandemia, asume sus funciones el Consejo Directivo Nacional que dirigir\u00e1 nuestro querido Colegio de Bibliotec\u00f3logos del Per\u00fa en el per\u00edodo 2021-2022. El Consejo est\u00e1 conformado por profesionales de reconocida trayectoria y experiencia.<\/p>\n\n\n\n<div class=\"wp-block-columns are-vertically-aligned-center is-layout-flex wp-container-core-columns-is-layout-2 wp-block-columns-is-layout-flex\">\n<div class=\"wp-block-column is-vertically-aligned-center is-layout-flow wp-block-column-is-layout-flow\">\n<div class=\"wp-block-image\"><figure class=\"aligncenter size-large\"><img decoding=\"async\" src=\"http:\/\/bibliotecologos.pe\/wp-content\/uploads\/2022\/05\/enma.jpg\" alt=\"\"\/><figcaption>Enma Camacho Gonz\u00e1les<br><strong>Vicedecana<\/strong><\/figcaption><\/figure><\/div>\n<\/div>\n\n\n\n<div class=\"wp-block-column is-vertically-aligned-center is-layout-flow wp-block-column-is-layout-flow\">\n<div class=\"wp-block-image\"><figure class=\"aligncenter size-large\"><img decoding=\"async\" src=\"http:\/\/bibliotecologos.pe\/wp-content\/uploads\/2022\/05\/Gladys.jpg\" alt=\"\"\/><figcaption>Gladys Lizana Salvatierra<br><strong>Secretaria General<\/strong><\/figcaption><\/figure><\/div>\n<\/div>\n\n\n\n<div class=\"wp-block-column is-vertically-aligned-center is-layout-flow wp-block-column-is-layout-flow\">\n<div class=\"wp-block-image\"><figure class=\"aligncenter size-large\"><img decoding=\"async\" src=\"http:\/\/bibliotecologos.pe\/wp-content\/uploads\/2022\/05\/ofelira.jpg\" alt=\"\"\/><figcaption>Ofelia Mamani Apaza<br><strong>Directora de Econom\u00eda<\/strong><\/figcaption><\/figure><\/div>\n<\/div>\n<\/div>\n\n\n\n<div class=\"wp-block-columns are-vertically-aligned-center is-layout-flex wp-container-core-columns-is-layout-3 wp-block-columns-is-layout-flex\">\n<div class=\"wp-block-column is-vertically-aligned-center is-layout-flow wp-block-column-is-layout-flow\">\n<div class=\"wp-block-image\"><figure class=\"aligncenter size-large\"><img decoding=\"async\" src=\"http:\/\/bibliotecologos.pe\/wp-content\/uploads\/2022\/05\/Laura-Beatriz-Chipana-Espinoza.jpg\" alt=\"\"\/><figcaption>Laura Beatriz Chipana Espinoza<br><strong>Directora de Defensa Profesional<\/strong><\/figcaption><\/figure><\/div>\n<\/div>\n\n\n\n<div class=\"wp-block-column is-vertically-aligned-center is-layout-flow wp-block-column-is-layout-flow\">\n<div class=\"wp-block-image\"><figure class=\"aligncenter size-large\"><img decoding=\"async\" src=\"http:\/\/bibliotecologos.pe\/wp-content\/uploads\/2022\/05\/beti-contreeasa.jpg\" alt=\"\"\/><figcaption>Betty Contreras Ramos<br><strong>Directora de Bienestar<\/strong><\/figcaption><\/figure><\/div>\n<\/div>\n\n\n\n<div class=\"wp-block-column is-vertically-aligned-center is-layout-flow wp-block-column-is-layout-flow\">\n<div class=\"wp-block-image\"><figure class=\"aligncenter size-large\"><img decoding=\"async\" src=\"http:\/\/bibliotecologos.pe\/wp-content\/uploads\/2022\/05\/norma-beatriz.jpg\" alt=\"\"\/><figcaption>Norma Beatriz Arnao Guti\u00e9rre<br><strong>Directora de Bibliotecas, Informaci\u00f3n y Documentaci\u00f3n<\/strong><\/figcaption><\/figure><\/div>\n<\/div>\n<\/div>\n\n\n\n<div class=\"wp-block-columns is-layout-flex wp-container-core-columns-is-layout-4 wp-block-columns-is-layout-flex\">\n<div class=\"wp-block-column is-layout-flow wp-block-column-is-layout-flow\" style=\"flex-basis:10%\"><\/div>\n\n\n\n<div class=\"wp-block-column is-layout-flow wp-block-column-is-layout-flow\" style=\"flex-basis:66.67%\">\n<p>Bib. Eduardo Jorge Capar\u00f3 Soto (Decano Nacional)<br>Bib. Emma del Carmen Camacho Gonz\u00e1les (Vicedecana)<br>Bib. Gladys Delia Lizana Salvatierra (Secretaria General)<br>Bib. Ofelia Mamani Apaza (Directora de Econom\u00eda)<br>Bib. Roxana Alexandra Albarrac\u00edn Aparicio (Directora de Desarrollo Profesional)<br>Bib. Laura Beatriz Chipana Espinoza (Directora de Defensa Profesional)<br>Bib. Gabriela Isabel Vilela Castro de Wong (Directora de Relaciones P\u00fablicas)<br>Bib. Betty Doris Contreras Ramos (Directora de Bienestar)<br>Bib. Norma Beatriz Arnao Guiti\u00e9rrez (Directora de Biblioteca, Documentaci\u00f3n e Informaci\u00f3n)<\/p>\n<\/div>\n<\/div>\n\n\n\n<div style=\"height:78px\" aria-hidden=\"true\" class=\"wp-block-spacer\"><\/div>\n\n\n\n<p><\/p>\n\r\n","protected":false},"excerpt":{"rendered":"<p>Consejo Directivo Nacional 2021-2022 \u00abProfesionales Construyendo la Sociedad del Conocimiento e impulsando el logro de los objetivos del desarrollo sostenible (ODS)\u00ab PALABRAS DEL DECANO Estimados Colegas el Colegio de Bibliotec\u00f3logos del Per\u00fa, a trav\u00e9s de nuestro Consejo Directivo Nacional est\u00e1 plenamente comprometido y convencido de que nosotros como gremio estamos en condiciones de demostrar que, [&hellip;]<\/p>\n","protected":false},"author":4,"featured_media":0,"parent":0,"menu_order":0,"comment_status":"closed","ping_status":"closed","template":"","meta":{"_et_pb_use_builder":"","_et_pb_old_content":"","_et_gb_content_width":"1080","_monsterinsights_skip_tracking":false,"_monsterinsights_sitenote_active":false,"_monsterinsights_sitenote_note":"","_monsterinsights_sitenote_category":0,"_joinchat":[],"footnotes":""},"_links":{"self":[{"href":"https:\/\/bibliotecologos.pe\/index.php\/wp-json\/wp\/v2\/pages\/161"}],"collection":[{"href":"https:\/\/bibliotecologos.pe\/index.php\/wp-json\/wp\/v2\/pages"}],"about":[{"href":"https:\/\/bibliotecologos.pe\/index.php\/wp-json\/wp\/v2\/types\/page"}],"author":[{"embeddable":true,"href":"https:\/\/bibliotecologos.pe\/index.php\/wp-json\/wp\/v2\/users\/4"}],"replies":[{"embeddable":true,"href":"https:\/\/bibliotecologos.pe\/index.php\/wp-json\/wp\/v2\/comments?post=161"}],"version-history":[{"count":24,"href":"https:\/\/bibliotecologos.pe\/index.php\/wp-json\/wp\/v2\/pages\/161\/revisions"}],"predecessor-version":[{"id":1262,"href":"https:\/\/bibliotecologos.pe\/index.php\/wp-json\/wp\/v2\/pages\/161\/revisions\/1262"}],"wp:attachment":[{"href":"https:\/\/bibliotecologos.pe\/index.php\/wp-json\/wp\/v2\/media?parent=161"}],"curies":[{"name":"wp","href":"https:\/\/api.w.org\/{rel}","templated":true}]}}