

{"id":163,"date":"2022-04-22T18:49:06","date_gmt":"2022-04-22T18:49:06","guid":{"rendered":"http:\/\/bibliotecademo.xn--construyendotussueos-l7b.com\/?page_id=163"},"modified":"2025-07-13T18:09:51","modified_gmt":"2025-07-13T18:09:51","slug":"consejo-directivo-nacional-2019-2020","status":"publish","type":"page","link":"https:\/\/bibliotecologos.pe\/index.php\/consejo-directivo-nacional-2019-2020\/","title":{"rendered":"Consejo Directivo Nacional 2019-2020"},"content":{"rendered":"\n<div style=\"height:67px\" aria-hidden=\"true\" class=\"wp-block-spacer\"><\/div>\n\n\n\n<h1 class=\"has-text-align-center wp-block-heading\"><strong>Consejo Directivo Nacional 2019-2020<\/strong><\/h1>\n\n\n\n<h2 class=\"has-text-align-center wp-block-heading\"><strong>\u00abProfesionales Construyendo la Sociedad del Conocimiento e impulsando el logro de los objetivos de Desarrollo Sostenible (ODS)\u00bb<\/strong><\/h2>\n\n\n\n<div style=\"height:48px\" aria-hidden=\"true\" class=\"wp-block-spacer\"><\/div>\n\n\n\n<p class=\"has-text-align-left\">El d\u00eda martes 15 de enero en ceremonia solemne asume sus funciones el Consejo Directivo Nacional que dirigir\u00e1 nuestra instituci\u00f3n en el bienio 2019-2020. El Consejo est\u00e1 conformado por profesionales de amplia experiencia.<\/p>\n\n\n\n<div class=\"wp-block-image\"><figure class=\"aligncenter size-full\"><img loading=\"lazy\" decoding=\"async\" width=\"732\" height=\"488\" src=\"https:\/\/bibliotecologos.pe\/wp-content\/uploads\/2022\/11\/Consejo-Directivo-Nacional-2019-2020.jpeg\" alt=\"\" class=\"wp-image-1260\" srcset=\"https:\/\/bibliotecologos.pe\/wp-content\/uploads\/2022\/11\/Consejo-Directivo-Nacional-2019-2020.jpeg 732w, https:\/\/bibliotecologos.pe\/wp-content\/uploads\/2022\/11\/Consejo-Directivo-Nacional-2019-2020-480x320.jpeg 480w\" sizes=\"(min-width: 0px) and (max-width: 480px) 480px, (min-width: 481px) 732px, 100vw\" \/><figcaption>De izquierda a derecha: Ada Rengifo, Margarita Mart\u00ednez, Gladys Lizana, Elizabeth Huiza, Eva Flores, Graciela Rengifo, Delia Elvira, Silvia Huaillani, Cecilia Justino<\/figcaption><\/figure><\/div>\n\n\n\n<div class=\"wp-block-columns is-layout-flex wp-container-core-columns-is-layout-1 wp-block-columns-is-layout-flex\">\n<div class=\"wp-block-column is-layout-flow wp-block-column-is-layout-flow\" style=\"flex-basis:33.33%\"><\/div>\n\n\n\n<div class=\"wp-block-column is-layout-flow wp-block-column-is-layout-flow\" style=\"flex-basis:66.66%\">\n<p>Bib. Eva Paulina Flores Noriega (Decana Nacional)<br>Bib. Elizabeth Huisa Veria (Vicedecana)<br>Bib. Olinda Graciela Rengifo Garc\u00eda (Secretaria General)<br>Bib. Margarita Isabel Mart\u00ednez Ordinola (Directora de Econom\u00eda)<br>Bib. Gladys Delia Lizana Salvatierra (Directora de Desarrollo Profesional)<br>Bib. Cecilia Leonela Justino M\u00e9rida (Directora de Defensa Profesional)<br>Bib. Silvia Del Rosario Huaillani Chavez (Directora de Relaciones P\u00fablicas)<br>Bib. Ada Rengifo Garc\u00eda (Directora de Bienestar)<br>Bib. Delia Elvira C\u00f3rdova Pintado (Directora de Biblioteca, Documentaci\u00f3n e Informaci\u00f3n)<\/p>\n<\/div>\n<\/div>\n\n\n\n<div style=\"height:100px\" aria-hidden=\"true\" class=\"wp-block-spacer\"><\/div>\n\r\n","protected":false},"excerpt":{"rendered":"<p>Consejo Directivo Nacional 2019-2020 \u00abProfesionales Construyendo la Sociedad del Conocimiento e impulsando el logro de los objetivos de Desarrollo Sostenible (ODS)\u00bb El d\u00eda martes 15 de enero en ceremonia solemne asume sus funciones el Consejo Directivo Nacional que dirigir\u00e1 nuestra instituci\u00f3n en el bienio 2019-2020. El Consejo est\u00e1 conformado por profesionales de amplia experiencia. Bib. [&hellip;]<\/p>\n","protected":false},"author":4,"featured_media":0,"parent":0,"menu_order":0,"comment_status":"closed","ping_status":"closed","template":"","meta":{"_et_pb_use_builder":"","_et_pb_old_content":"","_et_gb_content_width":"1080","_monsterinsights_skip_tracking":false,"_monsterinsights_sitenote_active":false,"_monsterinsights_sitenote_note":"","_monsterinsights_sitenote_category":0,"_joinchat":[],"footnotes":""},"_links":{"self":[{"href":"https:\/\/bibliotecologos.pe\/index.php\/wp-json\/wp\/v2\/pages\/163"}],"collection":[{"href":"https:\/\/bibliotecologos.pe\/index.php\/wp-json\/wp\/v2\/pages"}],"about":[{"href":"https:\/\/bibliotecologos.pe\/index.php\/wp-json\/wp\/v2\/types\/page"}],"author":[{"embeddable":true,"href":"https:\/\/bibliotecologos.pe\/index.php\/wp-json\/wp\/v2\/users\/4"}],"replies":[{"embeddable":true,"href":"https:\/\/bibliotecologos.pe\/index.php\/wp-json\/wp\/v2\/comments?post=163"}],"version-history":[{"count":5,"href":"https:\/\/bibliotecologos.pe\/index.php\/wp-json\/wp\/v2\/pages\/163\/revisions"}],"predecessor-version":[{"id":1261,"href":"https:\/\/bibliotecologos.pe\/index.php\/wp-json\/wp\/v2\/pages\/163\/revisions\/1261"}],"wp:attachment":[{"href":"https:\/\/bibliotecologos.pe\/index.php\/wp-json\/wp\/v2\/media?parent=163"}],"curies":[{"name":"wp","href":"https:\/\/api.w.org\/{rel}","templated":true}]}}