

{"id":164,"date":"2022-04-22T18:49:06","date_gmt":"2022-04-22T18:49:06","guid":{"rendered":"http:\/\/bibliotecademo.xn--construyendotussueos-l7b.com\/?page_id=164"},"modified":"2025-07-13T18:09:45","modified_gmt":"2025-07-13T18:09:45","slug":"consejo-directivo-nacional-2017-2018","status":"publish","type":"page","link":"https:\/\/bibliotecologos.pe\/index.php\/consejo-directivo-nacional-2017-2018\/","title":{"rendered":"Consejo Directivo nacional 2017-2018"},"content":{"rendered":"\n<div style=\"height:62px\" aria-hidden=\"true\" class=\"wp-block-spacer\"><\/div>\n\n\n\n<h1 class=\"has-text-align-center wp-block-heading\"><strong>Consejo Directivo Nacional 2017-2018<\/strong><\/h1>\n\n\n\n<h2 class=\"has-text-align-center wp-block-heading\">\u00abProfesionales Construyendo la Sociedad del Conocimiento e impulsando el logro de los Objetivos del Desarrollo Sostenible (ODS)\u00bb<\/h2>\n\n\n\n<div style=\"height:52px\" aria-hidden=\"true\" class=\"wp-block-spacer\"><\/div>\n\n\n\n<p>El d\u00eda 12 de enero del 2017 en ceremonia solemne el Consejo Directivo Nacional 2017-2018 asumi\u00f3 sus funciones, en fecha que rememora la fecha de la Ley del Ejercicio Profesional en Bibliotecolog\u00eda y Ciencias de la Informaci\u00f3n (12 enero 2008).<\/p>\n\n\n\n<div class=\"wp-block-image\"><figure class=\"aligncenter size-full\"><img loading=\"lazy\" decoding=\"async\" width=\"720\" height=\"405\" src=\"https:\/\/bibliotecologos.pe\/wp-content\/uploads\/2022\/11\/Consejo-Directivo-Nacional-2017-2018.jpg\" alt=\"\" class=\"wp-image-1264\" srcset=\"https:\/\/bibliotecologos.pe\/wp-content\/uploads\/2022\/11\/Consejo-Directivo-Nacional-2017-2018.jpg 720w, https:\/\/bibliotecologos.pe\/wp-content\/uploads\/2022\/11\/Consejo-Directivo-Nacional-2017-2018-480x270.jpg 480w\" sizes=\"(min-width: 0px) and (max-width: 480px) 480px, (min-width: 481px) 720px, 100vw\" \/><figcaption>De izquierda a derecha: Carlos Rojas, Jaime Mor\u00e1n, Ana Mar\u00eda Talavera, Cira Koecklin, Jessica Loyola, Elizabeth Huisa, Mar\u00eda Isabel Merino<\/figcaption><\/figure><\/div>\n\n\n\n<div class=\"wp-block-columns is-layout-flex wp-container-core-columns-is-layout-1 wp-block-columns-is-layout-flex\">\n<div class=\"wp-block-column is-layout-flow wp-block-column-is-layout-flow\" style=\"flex-basis:33.33%\"><\/div>\n\n\n\n<div class=\"wp-block-column is-layout-flow wp-block-column-is-layout-flow\" style=\"flex-basis:66.66%\">\n<p>Ana Mar\u00eda Talavera Ibarra \u2013 Decana<br>Carlos Javier Rojas L\u00e1zaro \u2013 Vice-Decano<br>Jaime Mor\u00e1n Arce \u2013 Secretar\u00eda general<br>Cira Koechlin Arce \u2013 Direcci\u00f3n de Econom\u00eda<br>Jessica Margarita Loyola Romani \u2013 Direcci\u00f3n de Desarrollo Profesional<br>Elizabeth Huisa Veria\u2013 Direcci\u00f3n de Defensa Profesional<br>Mar\u00eda Isabel Merino G\u00f3mez \u2013 Direcci\u00f3n de Relaciones P\u00fablicas<br>Olimpia Ochoa R\u00faa \u2013 Direcci\u00f3n de Relaciones P\u00fablicas<br>Lidia Berrocal Quijhua \u2013 Direcci\u00f3n de Bibliotecas Documentaci\u00f3n e Informaci\u00f3n<\/p>\n<\/div>\n<\/div>\n\n\n\n<div style=\"height:80px\" aria-hidden=\"true\" class=\"wp-block-spacer\"><\/div>\n\n\n\n<p><\/p>\n\r\n","protected":false},"excerpt":{"rendered":"<p>Consejo Directivo Nacional 2017-2018 \u00abProfesionales Construyendo la Sociedad del Conocimiento e impulsando el logro de los Objetivos del Desarrollo Sostenible (ODS)\u00bb El d\u00eda 12 de enero del 2017 en ceremonia solemne el Consejo Directivo Nacional 2017-2018 asumi\u00f3 sus funciones, en fecha que rememora la fecha de la Ley del Ejercicio Profesional en Bibliotecolog\u00eda y Ciencias [&hellip;]<\/p>\n","protected":false},"author":4,"featured_media":0,"parent":0,"menu_order":0,"comment_status":"closed","ping_status":"closed","template":"","meta":{"_et_pb_use_builder":"","_et_pb_old_content":"","_et_gb_content_width":"1080","_monsterinsights_skip_tracking":false,"_monsterinsights_sitenote_active":false,"_monsterinsights_sitenote_note":"","_monsterinsights_sitenote_category":0,"_joinchat":[],"footnotes":""},"_links":{"self":[{"href":"https:\/\/bibliotecologos.pe\/index.php\/wp-json\/wp\/v2\/pages\/164"}],"collection":[{"href":"https:\/\/bibliotecologos.pe\/index.php\/wp-json\/wp\/v2\/pages"}],"about":[{"href":"https:\/\/bibliotecologos.pe\/index.php\/wp-json\/wp\/v2\/types\/page"}],"author":[{"embeddable":true,"href":"https:\/\/bibliotecologos.pe\/index.php\/wp-json\/wp\/v2\/users\/4"}],"replies":[{"embeddable":true,"href":"https:\/\/bibliotecologos.pe\/index.php\/wp-json\/wp\/v2\/comments?post=164"}],"version-history":[{"count":4,"href":"https:\/\/bibliotecologos.pe\/index.php\/wp-json\/wp\/v2\/pages\/164\/revisions"}],"predecessor-version":[{"id":1265,"href":"https:\/\/bibliotecologos.pe\/index.php\/wp-json\/wp\/v2\/pages\/164\/revisions\/1265"}],"wp:attachment":[{"href":"https:\/\/bibliotecologos.pe\/index.php\/wp-json\/wp\/v2\/media?parent=164"}],"curies":[{"name":"wp","href":"https:\/\/api.w.org\/{rel}","templated":true}]}}