

{"id":184,"date":"2022-04-22T19:00:51","date_gmt":"2022-04-22T19:00:51","guid":{"rendered":"http:\/\/bibliotecademo.xn--construyendotussueos-l7b.com\/?page_id=184"},"modified":"2025-07-13T18:07:35","modified_gmt":"2025-07-13T18:07:35","slug":"capitulo-de-bibliotecas-en-ciencias-de-la-salud","status":"publish","type":"page","link":"https:\/\/bibliotecologos.pe\/index.php\/capitulo-de-bibliotecas-en-ciencias-de-la-salud\/","title":{"rendered":"Cap\u00edtulo de Bibliotecas en Ciencias de la Salud"},"content":{"rendered":"\n<p><br><strong>Objetivo general<\/strong><\/p>\n\n\n\n<p>Integrar a especialistas de la Informaci\u00f3n, en el \u00e1rea de Ciencias de la Salud, para actividades especializadas bajo colaboraci\u00f3n e intercambio, para el progreso de la labor en la disciplina.<\/p>\n\n\n\n<p><\/p>\n\n\n\n<p><strong>Objetivos espec\u00edficos<\/strong><\/p>\n\n\n\n<ol><li>Fortalecer la cooperaci\u00f3n bibliogr\u00e1fica en Ciencias de la Salud (nacional y extranjero).<\/li><li>Aplicar el Convenio de mutuo beneficio acad\u00e9mico con el Colegio M\u00e9dico del Per\u00fa<\/li><li>Promover la educaci\u00f3n cont\u00ednua de bibliotec\u00f3logos especializados.<\/li><li>Fomentar la publicaci\u00f3n de gu\u00edas, directorios (en medios impresos y digitales)<\/li><li>Cooperar con Programas IFLA Core y otras entidades de la especialidad.<\/li><\/ol>\n\n\n\n<p><\/p>\n\n\n\n<p><strong>Miembros<\/strong><\/p>\n\n\n\n<ul><li>Graciela Rengifo Garc\u00eda (Instituto Nacional de Salud)<\/li><li>Silvia Huaillani (Instituto Nacional de Salud)<\/li><li>Ofelia Mamani Apaza (Instituto Nacional de Salud)<\/li><li>Marta Alcantara (UPCH)<\/li><li>Maryuri More Espinoza (Inst. Nac. Rehabilitaci\u00f3n \u201cDra. Adriana Rebaza Flores\u201d)<\/li><li>Liubenka Obranovich (CEDRO)<\/li><li>Nohemy Pacheco (Instituto Nacional de Salud)<\/li><li>Edgar Or\u00e9 Carrasco (Instituto Nacional de Salud)<\/li><li>Julia Alpista (Instituto Nacional de Salud)<\/li><li>Rosa Matos (Seguro Social)<\/li><li>Gabriela R\u00edos (Instituto Nacional de Enfermedades Neopl\u00e1sicas)<\/li><\/ul>\n\n\n\n<p><\/p>\n\n\n\n<p><strong>Eventos:<\/strong><\/p>\n\n\n\n<ul><li>I Jornadas de Salud Sostenible<\/li><li>II Jornadas de Salud Sostenible (9 de noviembre 2016) [ver aqu\u00ed]<\/li><\/ul>\n\n\n\n<p><strong>Mayor informaci\u00f3n:<\/strong><\/p>\n\n\n\n<p><em>Mg. Graciela Rengifo Garc\u00eda<\/em><br><a href=\"mailto:orengifo@ins.gob.pe\">orengifo@ins.gob.pe<\/a><\/p>\n\n\n\n<p><a href=\"mailto:bibliotecologosperu@gmail.com\">bibliotecologosperu@gmail.com<\/a><\/p>\n\r\n","protected":false},"excerpt":{"rendered":"<p>Objetivo general Integrar a especialistas de la Informaci\u00f3n, en el \u00e1rea de Ciencias de la Salud, para actividades especializadas bajo colaboraci\u00f3n e intercambio, para el progreso de la labor en la disciplina. Objetivos espec\u00edficos Fortalecer la cooperaci\u00f3n bibliogr\u00e1fica en Ciencias de la Salud (nacional y extranjero). Aplicar el Convenio de mutuo beneficio acad\u00e9mico con el [&hellip;]<\/p>\n","protected":false},"author":4,"featured_media":0,"parent":0,"menu_order":0,"comment_status":"closed","ping_status":"closed","template":"","meta":{"_et_pb_use_builder":"","_et_pb_old_content":"","_et_gb_content_width":"1080","_monsterinsights_skip_tracking":false,"_monsterinsights_sitenote_active":false,"_monsterinsights_sitenote_note":"","_monsterinsights_sitenote_category":0,"_joinchat":[],"footnotes":""},"_links":{"self":[{"href":"https:\/\/bibliotecologos.pe\/index.php\/wp-json\/wp\/v2\/pages\/184"}],"collection":[{"href":"https:\/\/bibliotecologos.pe\/index.php\/wp-json\/wp\/v2\/pages"}],"about":[{"href":"https:\/\/bibliotecologos.pe\/index.php\/wp-json\/wp\/v2\/types\/page"}],"author":[{"embeddable":true,"href":"https:\/\/bibliotecologos.pe\/index.php\/wp-json\/wp\/v2\/users\/4"}],"replies":[{"embeddable":true,"href":"https:\/\/bibliotecologos.pe\/index.php\/wp-json\/wp\/v2\/comments?post=184"}],"version-history":[{"count":3,"href":"https:\/\/bibliotecologos.pe\/index.php\/wp-json\/wp\/v2\/pages\/184\/revisions"}],"predecessor-version":[{"id":693,"href":"https:\/\/bibliotecologos.pe\/index.php\/wp-json\/wp\/v2\/pages\/184\/revisions\/693"}],"wp:attachment":[{"href":"https:\/\/bibliotecologos.pe\/index.php\/wp-json\/wp\/v2\/media?parent=184"}],"curies":[{"name":"wp","href":"https:\/\/api.w.org\/{rel}","templated":true}]}}