

{"id":200,"date":"2022-04-22T19:04:58","date_gmt":"2022-04-22T19:04:58","guid":{"rendered":"http:\/\/bibliotecademo.xn--construyendotussueos-l7b.com\/?page_id=200"},"modified":"2026-01-22T01:21:09","modified_gmt":"2026-01-22T01:21:09","slug":"requisitos","status":"publish","type":"page","link":"https:\/\/bibliotecologos.pe\/index.php\/requisitos\/","title":{"rendered":"Colegiatura"},"content":{"rendered":"<p>[et_pb_section fb_built=\u00bb1&#8243; admin_label=\u00bbsection\u00bb _builder_version=\u00bb3.22&#8243; width=\u00bb100%\u00bb][et_pb_row admin_label=\u00bbrow\u00bb _builder_version=\u00bb3.25&#8243; background_size=\u00bbinitial\u00bb background_position=\u00bbtop_left\u00bb background_repeat=\u00bbrepeat\u00bb][et_pb_column type=\u00bb4_4&#8243; _builder_version=\u00bb3.25&#8243; custom_padding=\u00bb|||\u00bb custom_padding__hover=\u00bb|||\u00bb][et_pb_image src=\u00bbhttps:\/\/bibliotecologos.pe\/wp-content\/uploads\/2026\/01\/CBP-Colegiatura-1.png\u00bb title_text=\u00bbCBP-Colegiatura-1&#8243; _builder_version=\u00bb4.7.7&#8243; _module_preset=\u00bbdefault\u00bb hover_enabled=\u00bb0&#8243; sticky_enabled=\u00bb0&#8243;][\/et_pb_image][et_pb_text admin_label=\u00bbText\u00bb _builder_version=\u00bb4.7.7&#8243; text_text_color=\u00bb#000000&#8243; background_size=\u00bbinitial\u00bb background_position=\u00bbtop_left\u00bb background_repeat=\u00bbrepeat\u00bb custom_padding=\u00bb||0px|||\u00bb]<\/p>\n<p><span style=\"font-size: 14px;\">Estar Colegiado es formar parte de nuestro espacio profesional para compartir experiencias y crecer como agentes de cambio comprometidos con la sociedad y con quienes requieren informaci\u00f3n en todos los campos del conocimiento y del quehacer humano.<\/span><\/p>\n<p><strong style=\"font-size: 14px;\">Colegiatura:<\/strong><span style=\"font-size: 14px;\"> Titulados en Bibliotecolog\u00eda y Ciencias de la Informaci\u00f3n<\/span><\/p>\n<p>[\/et_pb_text][\/et_pb_column][\/et_pb_row][et_pb_row _builder_version=\u00bb4.7.7&#8243; _module_preset=\u00bbdefault\u00bb custom_margin=\u00bb-20px|auto|-63px|auto||\u00bb][et_pb_column type=\u00bb4_4&#8243; _builder_version=\u00bb4.7.7&#8243; _module_preset=\u00bbdefault\u00bb][et_pb_text _builder_version=\u00bb4.7.7&#8243; _module_preset=\u00bbdefault\u00bb text_text_color=\u00bb#000000&#8243; background_color=\u00bb#ffffff\u00bb use_background_color_gradient=\u00bbon\u00bb background_color_gradient_start=\u00bbrgba(0,0,0,0)\u00bb background_color_gradient_end=\u00bb#ffffff\u00bb min_height=\u00bb345.4px\u00bb custom_margin=\u00bb||21px|||\u00bb custom_padding=\u00bb20px|20px|20px|20px|false|false\u00bb hover_enabled=\u00bb0&#8243; sticky_enabled=\u00bb0&#8243;]<\/p>\n<p><strong style=\"font-size: 14px;\"><u>REQUISITOS PARA NUEVA COLEGIATURA:<\/u><\/strong><\/p>\n<p><strong style=\"font-size: 14px;\"><u><\/u><\/strong><\/p>\n<p><strong>Paso 1.<\/strong> Llenar la Ficha de Solicitud : <a href=\"https:\/\/forms.gle\/D6ZAFA9uyvCV27GH9\">https:\/\/forms.gle\/D6ZAFA9uyvCV27GH9<\/a><\/p>\n<p><strong>Paso 2.<\/strong> Enviar un correo a <a href=\"mailto:bibliotecologosperu@gmail.com\">bibliotecologosperu@gmail.com<\/a> indicando que ya complet\u00f3 el formulario, adjuntando:<\/p>\n<ul>\n<li>T\u00edtulo profesional<\/li>\n<li>DNI<\/li>\n<li>Fotograf\u00eda digital actual tama\u00f1o carnet o pasaporte<\/li>\n<\/ul>\n<p><strong>Paso 3.<\/strong> Efectuar los pagos correspondientes a la cuenta bancaria que el CBP le enviar\u00e1 por correo:<\/p>\n<ul>\n<li>Derecho de Colegiatura S\/. 150.00 (ciento cincuenta soles), pago por \u00fanica vez<\/li>\n<li>Membres\u00eda Habilitada del a\u00f1o en curso S\/. 120.00 (ciento veinte soles).<\/li>\n<li>Enviar los vouchers al correo <a href=\"mailto:bibliotecologosperu@gmail.com\">bibliotecologosperu@gmail.com<\/a><\/li>\n<\/ul>\n<p>[\/et_pb_text][\/et_pb_column][\/et_pb_row][et_pb_row _builder_version=\u00bb4.7.7&#8243; _module_preset=\u00bbdefault\u00bb][et_pb_column type=\u00bb4_4&#8243; _builder_version=\u00bb4.7.7&#8243; _module_preset=\u00bbdefault\u00bb][et_pb_text _builder_version=\u00bb4.7.7&#8243; _module_preset=\u00bbdefault\u00bb text_text_color=\u00bb#000000&#8243; hover_enabled=\u00bb0&#8243; sticky_enabled=\u00bb0&#8243;]<\/p>\n<p><strong><u>Tener en cuenta:<\/u><\/strong><\/p>\n<ul>\n<li>El pago de las habilitaciones anuales son por a\u00f1o en curso &#8211; de enero a diciembre -.<\/li>\n<li>El tr\u00e1mite puede tomar entre 7 a 10 d\u00edas calendario. Luego recibir\u00e1 v\u00eda email: Constancia de incorporaci\u00f3n a la orden, Constancia de Habilitaci\u00f3n del a\u00f1o en curso, Boleta de venta y Habilitaci\u00f3n de colegiatura en la web del CBP.<\/li>\n<li>Posteriormente deber\u00e1 entregar los siguientes documentos f\u00edsicos:<\/li>\n<li>Fotocopia Legalizada del T\u00edtulo Profesional (solo si su t\u00edtulo see emiti\u00f3 de forma f\u00edsica).<\/li>\n<li>Fotocopia del DNI.<\/li>\n<li>2 Fotograf\u00edas f\u00edsicas actuales tama\u00f1o pasaporte a color, con nombres al reverso.<\/li>\n<li>La ceremonia de colegiatura se coordinar\u00e1 posteriormente, a disponibilidad del CBP..<\/li>\n<li>Para extranjeros, los t\u00edtulos deben estar REVALIDADOS por la SUNEDU.<\/li>\n<\/ul>\n<p>&nbsp;<\/p>\n<p>[\/et_pb_text][\/et_pb_column][\/et_pb_row][et_pb_row _builder_version=\u00bb4.7.7&#8243; _module_preset=\u00bbdefault\u00bb][et_pb_column type=\u00bb4_4&#8243; _builder_version=\u00bb4.7.7&#8243; _module_preset=\u00bbdefault\u00bb][et_pb_text _builder_version=\u00bb4.7.7&#8243; _module_preset=\u00bbdefault\u00bb text_text_color=\u00bb#000000&#8243; hover_enabled=\u00bb0&#8243; sticky_enabled=\u00bb0&#8243;]<\/p>\n<p><strong><u>REQUISITOS PARA RENOVAR LAS HABILITACIONES PARA EL EJERCICIO PROFESIONAL<\/u><\/strong><\/p>\n<ul>\n<li>Consultar al correo del CBP por las cuentas para realizar el abono.<\/li>\n<li>Pago de la cuota de membres\u00eda anual S\/. 120.00 (ciento veinte soles) a las cuentas indicadas previamente por el CBP.<\/li>\n<li>Si el pago se realiza en los tres primeros meses del a\u00f1o (enero \u2013 marzo) aplica la modalidad de PRONTOPAGO y el monto a pagar es de: S\/. 100.00 (cien soles) (se tiene un descuento del 17% solamente a los colegiados con mas de 1 a\u00f1o de de colegiatura).<\/li>\n<li>Aquellos colegiados que tengan deuda pendiente, enviar un correo a <a href=\"mailto:bibliotecologosperu@gmail.com\">bibliotecologosperu@gmail.com<\/a> para otener su estado de cuenta y evaluar la viabilidad de una carta de compromiso.<\/li>\n<li>Las cartas de compromiso tienen car\u00e1cter legal; su incumplimiento anula la habilitaci\u00f3n del ejercicio profesional para el a\u00f1o en curso.<\/li>\n<\/ul>\n<p>&nbsp;<\/p>\n<p>[\/et_pb_text][\/et_pb_column][\/et_pb_row][\/et_pb_section]<\/p>\n","protected":false},"excerpt":{"rendered":"<p>[et_pb_section fb_built=\u00bb1&#8243; admin_label=\u00bbsection\u00bb _builder_version=\u00bb3.22&#8243; width=\u00bb100%\u00bb][et_pb_row admin_label=\u00bbrow\u00bb _builder_version=\u00bb3.25&#8243; background_size=\u00bbinitial\u00bb background_position=\u00bbtop_left\u00bb background_repeat=\u00bbrepeat\u00bb][et_pb_column type=\u00bb4_4&#8243; _builder_version=\u00bb3.25&#8243; custom_padding=\u00bb|||\u00bb custom_padding__hover=\u00bb|||\u00bb][et_pb_image src=\u00bbhttps:\/\/bibliotecologos.pe\/wp-content\/uploads\/2026\/01\/CBP-Colegiatura-1.png\u00bb title_text=\u00bbCBP-Colegiatura-1&#8243; _builder_version=\u00bb4.7.7&#8243; _module_preset=\u00bbdefault\u00bb hover_enabled=\u00bb0&#8243; sticky_enabled=\u00bb0&#8243;][\/et_pb_image][et_pb_text admin_label=\u00bbText\u00bb _builder_version=\u00bb4.7.7&#8243; text_text_color=\u00bb#000000&#8243; background_size=\u00bbinitial\u00bb background_position=\u00bbtop_left\u00bb background_repeat=\u00bbrepeat\u00bb custom_padding=\u00bb||0px|||\u00bb] Estar Colegiado es formar parte de nuestro espacio profesional para compartir experiencias y crecer como agentes de cambio comprometidos con la sociedad y con quienes requieren informaci\u00f3n en [&hellip;]<\/p>\n","protected":false},"author":4,"featured_media":0,"parent":0,"menu_order":0,"comment_status":"closed","ping_status":"closed","template":"","meta":{"_et_pb_use_builder":"on","_et_pb_old_content":"<!-- wp:paragraph -->\n<p>Estar Colegiado es formar parte de nuestro espacio profesional para compartir experiencias y crecer como agentes de cambio comprometidos con la sociedad y con quienes requieren informaci\u00f3n en todos los campos del conocimiento y del quehacer humano.<\/p>\n<!-- \/wp:paragraph -->\n\n<!-- wp:paragraph -->\n<p><strong><u>Colegiatura:<\/u><\/strong> Titulados en Bibliotecolog\u00eda y Ciencias de la Informaci\u00f3n<\/p>\n<!-- \/wp:paragraph -->\n\n<!-- wp:paragraph -->\n<p><strong><u>Beneficios<\/u><\/strong><\/p>\n<!-- \/wp:paragraph -->\n\n<!-- wp:list -->\n<ul><li>Acreditaci\u00f3n para acceso al mercado laboral.<\/li><li>Respaldo institucional para desarrollo profesional.<\/li><li>Informaci\u00f3n y orientaci\u00f3n legal para ejercicio profesional.<\/li><li>Seguimiento ante intrusismo profesional.<\/li><li>Respaldo en difusi\u00f3n de actividades profesionales.<\/li><li>Respaldo en oferta y demanda profesional.<\/li><li>Bolet\u00edn CBP \u00abSala de Data\u00bb.<\/li><li>Oferta de Conferencias, Cursos y Talleres con expertos.<\/li><li>Encuentro con pares en Congreso Internacional Especializado (bianual)<\/li><li>Integraci\u00f3n y desarrollo de Cap\u00edtulos Profesionales.<\/li><li>Descuento en eventos especializados.<\/li><\/ul>\n<!-- \/wp:list -->\n\n<!-- wp:paragraph -->\n<p><strong><u>Requisitos para ingreso al Colegio Profesional:<\/u><\/strong><\/p>\n<!-- \/wp:paragraph -->\n\n<!-- wp:list -->\n<ul><li>Llenar la Ficha de Solicitud [<a href=\"https:\/\/docs.google.com\/forms\/d\/1FJ6TgNoosWZLlzxCCdiStMYHKG0wguh7_gC93npk-RQ\/viewform?edit_requested=true\" target=\"_blank\" rel=\"noreferrer noopener\"><strong>ingrese aqu\u00ed<\/strong><\/a>]<\/li><li>Enviar al CBP un mensaje indicando que ya registr\u00f3 su Solicitud y adjuntar los siguientes documentos escaneados: T\u00edtulo profesional y DNI.<\/li><li>Efectuar los pagos correspondientes:<\/li><li>Derecho de Colegiatura S\/. 150.00 (ciento cincuenta soles), pago por \u00fanica vez<\/li><li>Membres\u00eda Habilitada por un a\u00f1o S\/. 120.00 anual<\/li><\/ul>\n<!-- \/wp:list -->\n\n<!-- wp:paragraph -->\n<p><strong><u>Acercarse al Colegio llevando la siguiente documentaci\u00f3n:<\/u><\/strong> (mientras dure la emergencia sanitaria por la pandemia de la Covid-19, enviar estos documentos escaneados debiendo regularizar despu\u00e9s):<\/p>\n<!-- \/wp:paragraph -->\n\n<!-- wp:list -->\n<ul><li>Fotocopia Legalizada del T\u00edtulo Profesional (copia escaneada del anverso y reverso)<\/li><li>Fotocopia del DNI (copia escaneada del anverso y reverso)<\/li><li>02 fotograf\u00edas actuales tama\u00f1o pasaporte a color, con nombres al reverso (una fotograf\u00eda escaneada)<\/li><li>Recibo de dep\u00f3sito o de pago en el banco (foto del voucher)<\/li><\/ul>\n<!-- \/wp:list -->\n\n<!-- wp:paragraph -->\n<p><strong><u>Formas de pago:<\/u><\/strong><\/p>\n<!-- \/wp:paragraph -->\n\n<!-- wp:paragraph -->\n<p>Dep\u00f3sito de pago Bancario:<\/p>\n<!-- \/wp:paragraph -->\n\n<!-- wp:paragraph -->\n<p><strong>BANCO BBVA<\/strong><\/p>\n<!-- \/wp:paragraph -->\n\n<!-- wp:paragraph -->\n<p>Cuenta N\u00b0 0011-0189-0200495364<\/p>\n<!-- \/wp:paragraph -->\n\n<!-- wp:paragraph -->\n<p>C\u00f3digo interbancario N\u00b0 011 18900020049536488<\/p>\n<!-- \/wp:paragraph -->\n\n<!-- wp:paragraph -->\n<p>(cuenta temporal mancomunada a nombre del Decano: Eduardo Capar\u00f3 y de la Directora de Econom\u00eda: Ofelia Mamani)<\/p>\n<!-- \/wp:paragraph -->\n\n<!-- wp:paragraph -->\n<p><strong><u>Enviar Comprobante<\/u><\/strong> de Dep\u00f3sito escaneado al correo bibliotecologosperu@bibliotecologos.pe y el CBP confirmar\u00e1 la recepci\u00f3n del pago.<\/p>\n<!-- \/wp:paragraph -->\n\n<!-- wp:paragraph -->\n<p><strong><u>Pago de CUOTA ANUAL<\/u><\/strong><\/p>\n<!-- \/wp:paragraph -->\n\n<!-- wp:list -->\n<ul><li>Pago por membres\u00eda anual S\/. 120 (ciento veinte soles).<\/li><li>Si el pago se realiza en los tres primeros meses del a\u00f1o (enero \u2013 marzo) aplica la modalidad de PRONTOPAGO y el monto a pagar es de: S\/. 100.00 (cien soles) (se tiene un descuento del 17%).<\/li><\/ul>\n<!-- \/wp:list -->\n\n<!-- wp:paragraph {\"align\":\"left\"} -->\n<p class=\"has-text-align-left\"><strong><u>Nota:<\/u><\/strong> El plazo para el descuento se extiende por el periodo de duraci\u00f3n de la emergencia sanitaria por la pandemia de la Covid-19<\/p>\n<!-- \/wp:paragraph -->\n\n<!-- wp:list -->\n<ul><li>Para los que tengan deuda pendiente, podr\u00e1n saldar su cuenta del presente a\u00f1o y tener la habilitaci\u00f3n, pero con el compromiso especificado en la carta modelo-carta-de-compromiso-CBP-2021<\/li><\/ul>\n<!-- \/wp:list -->\n\n<!-- wp:paragraph -->\n<p><strong>Para los extranjeros, los t\u00edtulos deben estar REVALIDADOS por las universidades del Per\u00fa que oferten la carrera de Bibliotecolog\u00eda y Ciencias de la Informaci\u00f3n.<\/strong><\/p>\n<!-- \/wp:paragraph -->","_et_gb_content_width":"1080","_monsterinsights_skip_tracking":false,"_monsterinsights_sitenote_active":false,"_monsterinsights_sitenote_note":"","_monsterinsights_sitenote_category":0,"_joinchat":[],"footnotes":""},"_links":{"self":[{"href":"https:\/\/bibliotecologos.pe\/index.php\/wp-json\/wp\/v2\/pages\/200"}],"collection":[{"href":"https:\/\/bibliotecologos.pe\/index.php\/wp-json\/wp\/v2\/pages"}],"about":[{"href":"https:\/\/bibliotecologos.pe\/index.php\/wp-json\/wp\/v2\/types\/page"}],"author":[{"embeddable":true,"href":"https:\/\/bibliotecologos.pe\/index.php\/wp-json\/wp\/v2\/users\/4"}],"replies":[{"embeddable":true,"href":"https:\/\/bibliotecologos.pe\/index.php\/wp-json\/wp\/v2\/comments?post=200"}],"version-history":[{"count":30,"href":"https:\/\/bibliotecologos.pe\/index.php\/wp-json\/wp\/v2\/pages\/200\/revisions"}],"predecessor-version":[{"id":4896,"href":"https:\/\/bibliotecologos.pe\/index.php\/wp-json\/wp\/v2\/pages\/200\/revisions\/4896"}],"wp:attachment":[{"href":"https:\/\/bibliotecologos.pe\/index.php\/wp-json\/wp\/v2\/media?parent=200"}],"curies":[{"name":"wp","href":"https:\/\/api.w.org\/{rel}","templated":true}]}}