

{"id":201,"date":"2022-04-22T19:04:58","date_gmt":"2022-04-22T19:04:58","guid":{"rendered":"http:\/\/bibliotecademo.xn--construyendotussueos-l7b.com\/?page_id=201"},"modified":"2025-07-13T18:15:24","modified_gmt":"2025-07-13T18:15:24","slug":"miembros-emeritos","status":"publish","type":"page","link":"https:\/\/bibliotecologos.pe\/index.php\/miembros-emeritos\/","title":{"rendered":"Miembros Em\u00e9ritos"},"content":{"rendered":"<p>[et_pb_section fb_built=\u00bb1&#8243; admin_label=\u00bbsection\u00bb _builder_version=\u00bb4.7.7&#8243; custom_padding=\u00bb0px|||||\u00bb][et_pb_row admin_label=\u00bbrow\u00bb _builder_version=\u00bb3.25&#8243; background_size=\u00bbinitial\u00bb background_position=\u00bbtop_left\u00bb background_repeat=\u00bbrepeat\u00bb min_height=\u00bb941.2px\u00bb custom_padding=\u00bb3px|||||\u00bb][et_pb_column type=\u00bb4_4&#8243; _builder_version=\u00bb3.25&#8243; custom_padding=\u00bb|||\u00bb hover_enabled=\u00bb0&#8243; custom_padding__hover=\u00bb|||\u00bb sticky_enabled=\u00bb0&#8243;][et_pb_text _builder_version=\u00bb4.7.7&#8243; _module_preset=\u00bbdefault\u00bb custom_margin=\u00bb0px||-2px|||\u00bb min_height=\u00bb52.6px\u00bb]<\/p>\n<p>\u00a0<span>El Consejo Directivo Nacional otorga la distinci\u00f3n de Bibliotec\u00f3logo Em\u00e9rito a los miembros de la Orden, en reconocimiento de su carrera profesional en favor del desarrollo de la bibliotecolog\u00eda y las ciencias de la informaci\u00f3n y su aporte a la sociedad (Estatuto CBP, Tit.2 art. 10 y 11)<\/span><\/p>\n<p>[\/et_pb_text][et_pb_text _builder_version=\u00bb4.7.7&#8243; _module_preset=\u00bbdefault\u00bb custom_margin=\u00bb-1px||0px|||\u00bb custom_padding=\u00bb0px||1px|||\u00bb hover_enabled=\u00bb0&#8243; min_height=\u00bb898.6px\u00bb sticky_enabled=\u00bb0&#8243;]<\/p>\n<p>&nbsp;<\/p>\n<table width=\"767\" height=\"29\">\n<tbody>\n<tr>\n<td style=\"width: 375.5px; text-align: center;\" colspan=\"2\">Los siguientes miembros se han hecho merecedores de esta distinci\u00f3n<\/td>\n<\/tr>\n<tr>\n<td style=\"width: 375.5px;\">\n<p><strong>2024<\/strong><\/p>\n<ul>\n<li>Gustavo Guillermo von Bischoffshausen Henriod<\/li>\n<li>Rebeca Elisa Morales Flores<\/li>\n<\/ul>\n<p><strong>2023<\/strong><\/p>\n<ul>\n<li>Cesar Augusto Castro Aliaga<\/li>\n<\/ul>\n<p><strong>2022<\/strong><\/p>\n<ul>\n<li>Nelly Mercedes Casas Pastor<\/li>\n<\/ul>\n<p><strong>2021<\/strong><\/p>\n<ul>\n<li>Mart\u00edn Alonso Estrada Cuzcano<\/li>\n<\/ul>\n<p><strong>2020<\/strong><\/p>\n<ul>\n<li>Liubenka Obrenovich Rojas.<\/li>\n<\/ul>\n<p><strong>2017<\/strong><\/p>\n<ul>\n<li>Mar\u00eda Isabel Roda\u00a0[semblanza]<\/li>\n<\/ul>\n<p><strong>2016<\/strong><\/p>\n<ul>\n<li>Elsa Echegaray Molina [semblanza]<\/li>\n<li>Ruth Chirinos\u00a0[semblanza]<\/li>\n<\/ul>\n<p><strong>2013<\/strong><\/p>\n<ul>\n<li>Luis Guti\u00e9rrez Morales (+)<\/li>\n<li>Milagros Morgan Rosas<\/li>\n<li>Mar\u00eda del Pilar Prieto Celi<\/li>\n<\/ul>\n<p>&nbsp;<\/p>\n<\/td>\n<td style=\"width: 375.5px;\">\n<p><strong>2006<\/strong><\/p>\n<ul>\n<li>Beatriz Prieto Celi<\/li>\n<\/ul>\n<p><strong>2004<\/strong><\/p>\n<ul>\n<li>Gloria Zapata Maldonado (+)<\/li>\n<li>Rosario Prado Prado (+)<\/li>\n<li>Nelly Mackee Pr\u00edale de Maurial<\/li>\n<\/ul>\n<p><strong>2001<\/strong><\/p>\n<ul>\n<li>Lucila Valderrama Gonz\u00e1lez (+)<\/li>\n<li>Erlinda Ch\u00e1vez Barriga (+)<\/li>\n<\/ul>\n<p><strong>2000<\/strong><\/p>\n<ul>\n<li>Rosario Graciela S\u00e1nchez Cerro Mendoza (+)<\/li>\n<\/ul>\n<p><strong>1999<\/strong><\/p>\n<ul>\n<li>Olivia Ojeda de Pard\u00f3n (+)<\/li>\n<\/ul>\n<p><strong>1998<\/strong><\/p>\n<ul>\n<li>Carmen Checa de Silva (+)<\/li>\n<li>Beatriz Chiriboga de Cusato<\/li>\n<\/ul>\n<p><strong>1996<\/strong><\/p>\n<ul>\n<li>Mar\u00eda Clara Bonilla de Gaviria (+)<\/li>\n<li>Martha Fern\u00e1ndez de L\u00f3pez (+)<\/li>\n<li>Isabel Olivera Rivarola<\/li>\n<\/ul>\n<p>&nbsp;<\/p>\n<p>&nbsp;<\/p>\n<\/td>\n<\/tr>\n<\/tbody>\n<\/table>\n<p>[\/et_pb_text][\/et_pb_column][\/et_pb_row][\/et_pb_section]<\/p>\n","protected":false},"excerpt":{"rendered":"<p>[et_pb_section fb_built=\u00bb1&#8243; admin_label=\u00bbsection\u00bb _builder_version=\u00bb4.7.7&#8243; custom_padding=\u00bb0px|||||\u00bb][et_pb_row admin_label=\u00bbrow\u00bb _builder_version=\u00bb3.25&#8243; background_size=\u00bbinitial\u00bb background_position=\u00bbtop_left\u00bb background_repeat=\u00bbrepeat\u00bb min_height=\u00bb941.2px\u00bb custom_padding=\u00bb3px|||||\u00bb][et_pb_column type=\u00bb4_4&#8243; _builder_version=\u00bb3.25&#8243; custom_padding=\u00bb|||\u00bb hover_enabled=\u00bb0&#8243; custom_padding__hover=\u00bb|||\u00bb sticky_enabled=\u00bb0&#8243;][et_pb_text _builder_version=\u00bb4.7.7&#8243; _module_preset=\u00bbdefault\u00bb custom_margin=\u00bb0px||-2px|||\u00bb min_height=\u00bb52.6px\u00bb] \u00a0El Consejo Directivo Nacional otorga la distinci\u00f3n de Bibliotec\u00f3logo Em\u00e9rito a los miembros de la Orden, en reconocimiento de su carrera profesional en favor del desarrollo de la bibliotecolog\u00eda y las ciencias de [&hellip;]<\/p>\n","protected":false},"author":4,"featured_media":0,"parent":0,"menu_order":0,"comment_status":"closed","ping_status":"closed","template":"","meta":{"_et_pb_use_builder":"on","_et_pb_old_content":"<!-- wp:paragraph -->\n<p>El Consejo Directivo Nacional otorga la distinci\u00f3n de Bibliotec\u00f3logo Em\u00e9rito a los miembros de la Orden, en reconocimiento de su carrera profesional en favor del desarrollo de la bibliotecolog\u00eda y las ciencias de la informaci\u00f3n y su aporte a la sociedad (Estatuto CBP, Tit.2 art. 10 y 11)<\/p>\n<!-- \/wp:paragraph -->\n\n<!-- wp:paragraph -->\n<p>Los siguientes miembros se han hecho merecedores de esta distinci\u00f3n:<\/p>\n<!-- \/wp:paragraph -->\n\n<!-- wp:paragraph -->\n<p><strong>2017<\/strong><\/p>\n<!-- \/wp:paragraph -->\n\n<!-- wp:list -->\n<ul><li>Mar\u00eda Isabel Roda&nbsp;&nbsp;&nbsp;&nbsp;&nbsp;&nbsp;&nbsp;&nbsp;&nbsp;&nbsp;&nbsp;&nbsp;&nbsp;&nbsp; [semblanza]<\/li><\/ul>\n<!-- \/wp:list -->\n\n<!-- wp:paragraph -->\n<p><strong>2016<\/strong><\/p>\n<!-- \/wp:paragraph -->\n\n<!-- wp:list -->\n<ul><li>Elsa Echegaray Molina&nbsp;&nbsp;&nbsp;&nbsp;&nbsp;&nbsp; [semblanza]<\/li><li>Ruth Chirinos&nbsp;&nbsp;&nbsp;&nbsp;&nbsp;&nbsp;&nbsp;&nbsp;&nbsp;&nbsp;&nbsp;&nbsp;&nbsp;&nbsp;&nbsp;&nbsp;&nbsp;&nbsp;&nbsp;&nbsp;&nbsp;&nbsp; [semblanza]<\/li><\/ul>\n<!-- \/wp:list -->\n\n<!-- wp:paragraph -->\n<p><strong>2013<\/strong><\/p>\n<!-- \/wp:paragraph -->\n\n<!-- wp:list -->\n<ul><li>Luis Guti\u00e9rrez Morales<\/li><li>Milagros Morgan Rosas<\/li><li>Mar\u00eda del Pilar Prieto Celi<\/li><\/ul>\n<!-- \/wp:list -->\n\n<!-- wp:paragraph -->\n<p><strong>2006<\/strong><\/p>\n<!-- \/wp:paragraph -->\n\n<!-- wp:list -->\n<ul><li>Beatriz Prieto Celi<\/li><\/ul>\n<!-- \/wp:list -->\n\n<!-- wp:paragraph -->\n<p><strong>2004<\/strong><\/p>\n<!-- \/wp:paragraph -->\n\n<!-- wp:list -->\n<ul><li>Gloria Zapata Maldonado (+)<\/li><li>Rosario Prado Prado<\/li><li>Nelly Mackee Pr\u00edale de Maurial<\/li><\/ul>\n<!-- \/wp:list -->\n\n<!-- wp:paragraph -->\n<p><strong>2001<\/strong><\/p>\n<!-- \/wp:paragraph -->\n\n<!-- wp:list -->\n<ul><li>Lucila Valderrama Gonz\u00e1lez (+)<\/li><li>Erlinda Ch\u00e1vez Barriga (+)<\/li><\/ul>\n<!-- \/wp:list -->\n\n<!-- wp:paragraph -->\n<p><strong>2000<\/strong><\/p>\n<!-- \/wp:paragraph -->\n\n<!-- wp:list -->\n<ul><li>Rosario Graciela S\u00e1nchez Cerro Mendoza (+)<\/li><\/ul>\n<!-- \/wp:list -->\n\n<!-- wp:paragraph -->\n<p><strong>1999<\/strong><\/p>\n<!-- \/wp:paragraph -->\n\n<!-- wp:list -->\n<ul><li>Olivia Ojeda de Pard\u00f3n (+)<\/li><\/ul>\n<!-- \/wp:list -->\n\n<!-- wp:paragraph -->\n<p><strong>1998<\/strong><\/p>\n<!-- \/wp:paragraph -->\n\n<!-- wp:list -->\n<ul><li>Carmen Checa de Silva (+)<\/li><li>Beatriz Chiriboga de Cusato<\/li><\/ul>\n<!-- \/wp:list -->\n\n<!-- wp:paragraph -->\n<p><strong>1996<\/strong><\/p>\n<!-- \/wp:paragraph -->\n\n<!-- wp:list -->\n<ul><li>Mar\u00eda Clara Bonilla de Gaviria (+)<\/li><li>Martha Fern\u00e1ndez de L\u00f3pez<\/li><li>Isabel Olivera Rivarola<\/li><\/ul>\n<!-- \/wp:list -->","_et_gb_content_width":"","_monsterinsights_skip_tracking":false,"_monsterinsights_sitenote_active":false,"_monsterinsights_sitenote_note":"","_monsterinsights_sitenote_category":0,"_joinchat":[],"footnotes":""},"_links":{"self":[{"href":"https:\/\/bibliotecologos.pe\/index.php\/wp-json\/wp\/v2\/pages\/201"}],"collection":[{"href":"https:\/\/bibliotecologos.pe\/index.php\/wp-json\/wp\/v2\/pages"}],"about":[{"href":"https:\/\/bibliotecologos.pe\/index.php\/wp-json\/wp\/v2\/types\/page"}],"author":[{"embeddable":true,"href":"https:\/\/bibliotecologos.pe\/index.php\/wp-json\/wp\/v2\/users\/4"}],"replies":[{"embeddable":true,"href":"https:\/\/bibliotecologos.pe\/index.php\/wp-json\/wp\/v2\/comments?post=201"}],"version-history":[{"count":13,"href":"https:\/\/bibliotecologos.pe\/index.php\/wp-json\/wp\/v2\/pages\/201\/revisions"}],"predecessor-version":[{"id":4346,"href":"https:\/\/bibliotecologos.pe\/index.php\/wp-json\/wp\/v2\/pages\/201\/revisions\/4346"}],"wp:attachment":[{"href":"https:\/\/bibliotecologos.pe\/index.php\/wp-json\/wp\/v2\/media?parent=201"}],"curies":[{"name":"wp","href":"https:\/\/api.w.org\/{rel}","templated":true}]}}