

{"id":22,"date":"2022-04-22T17:51:16","date_gmt":"2022-04-22T17:51:16","guid":{"rendered":"http:\/\/bibliotecademo.xn--construyendotussueos-l7b.com\/?page_id=22"},"modified":"2025-07-13T18:05:50","modified_gmt":"2025-07-13T18:05:50","slug":"que-hacemos","status":"publish","type":"page","link":"https:\/\/bibliotecologos.pe\/index.php\/que-hacemos\/","title":{"rendered":"\u00bfQu\u00e9 hacemos?"},"content":{"rendered":"<p>[et_pb_section fb_built=\u00bb1&#8243; _builder_version=\u00bb4.7.7&#8243; _module_preset=\u00bbdefault\u00bb custom_padding=\u00bb6px|||||\u00bb][et_pb_row _builder_version=\u00bb4.7.7&#8243; _module_preset=\u00bbdefault\u00bb hover_enabled=\u00bb0&#8243; sticky_enabled=\u00bb0&#8243;][et_pb_column _builder_version=\u00bb4.7.7&#8243; _module_preset=\u00bbdefault\u00bb type=\u00bb4_4&#8243; hover_enabled=\u00bb0&#8243; sticky_enabled=\u00bb0&#8243;][et_pb_text _builder_version=\u00bb4.7.7&#8243; _module_preset=\u00bbdefault\u00bb hover_enabled=\u00bb0&#8243; sticky_enabled=\u00bb0&#8243;]<\/p>\n<h2><strong>\u00bfQu\u00e9 hacemos en el Colegio de Bibliotec\u00f3logos del Per\u00fa?<\/strong><\/h2>\n<p>El Colegio de Bibliotec\u00f3logos del Per\u00fa (CBP) es la instituci\u00f3n que representa y defiende a los profesionales de la informaci\u00f3n en nuestro pa\u00eds. Nuestra misi\u00f3n es promover el desarrollo de la bibliotecolog\u00eda y garantizar el acceso de la sociedad a la informaci\u00f3n de calidad.<\/p>\n<h2><strong>\u00bfC\u00f3mo lo hacemos?<\/strong><\/h2>\n<ul>\n<li>Convenios institucionales: Establecemos alianzas estrat\u00e9gicas con universidades, bibliotecas, instituciones culturales y otras organizaciones afines para fomentar la investigaci\u00f3n, la capacitaci\u00f3n y el intercambio de conocimientos.<\/li>\n<li>Actualizaci\u00f3n profesional: Organizamos seminarios, talleres, conferencias y cursos especializados para que nuestros miembros est\u00e9n al d\u00eda en las \u00faltimas tendencias y tecnolog\u00edas de la informaci\u00f3n.<\/li>\n<li>Cap\u00edtulos de desarrollo profesional: Fomentamos la creaci\u00f3n de grupos de trabajo tem\u00e1ticos para abordar de manera espec\u00edfica diferentes \u00e1reas de la bibliotecolog\u00eda, como bibliotecas escolares, universitarias, especializadas, etc.<\/li>\n<li>Actividades culturales: Promovemos el desarrollo de la cultura a trav\u00e9s de eventos culturales, exposiciones, presentaciones de libros y otras actividades que contribuyen a la formaci\u00f3n integral de nuestros miembros.<\/li>\n<li>Capacitaci\u00f3n: Ofrecemos programas de capacitaci\u00f3n continua para mejorar las competencias profesionales de nuestros colegiados y fomentar su crecimiento personal.<\/li>\n<\/ul>\n<p><strong>\u00bfPor qu\u00e9 somos importantes?<\/strong><\/p>\n<p>Al cumplir con los fines y objetivos establecidos en nuestro estatuto, el CBP:<\/p>\n<ul>\n<li>Defiende la profesi\u00f3n: Velamos por los intereses de los bibliotec\u00f3logos peruanos y promovemos el ejercicio \u00e9tico de la profesi\u00f3n.<\/li>\n<li>Promueve la superaci\u00f3n: Fomentamos la formaci\u00f3n continua y la investigaci\u00f3n para mejorar la calidad de los servicios bibliotecarios.<\/li>\n<li>Facilita el acceso a la informaci\u00f3n: Trabajamos para que todas las personas tengan acceso a la informaci\u00f3n que necesitan para desarrollarse personal y profesionalmente.<\/li>\n<li>Concientiza sobre el rol de las bibliotecas: Difundimos la importancia de las bibliotecas como espacios de aprendizaje, cultura y desarrollo social.<\/li>\n<li>Representa a los bibliotec\u00f3logos: Somos la voz de los bibliotec\u00f3logos peruanos ante las autoridades y la sociedad en general.<\/li>\n<\/ul>\n<p>\u00danete al CBP y forma parte de una comunidad de profesionales comprometidos con el desarrollo de la bibliotecolog\u00eda en el Per\u00fa.<\/p>\n<p>[\/et_pb_text][\/et_pb_column][\/et_pb_row][et_pb_row _builder_version=\u00bb4.7.7&#8243; _module_preset=\u00bbdefault\u00bb][et_pb_column _builder_version=\u00bb4.7.7&#8243; _module_preset=\u00bbdefault\u00bb type=\u00bb4_4&#8243;][et_pb_image src=\u00bbhttps:\/\/bibliotecologos.pe\/wp-content\/uploads\/2022\/12\/CBP-Actualizacion-profesional-300&#215;39.png\u00bb _builder_version=\u00bb4.7.7&#8243; _module_preset=\u00bbdefault\u00bb title_text=\u00bbCBP-Actualizacion-profesional\u00bb hover_enabled=\u00bb0&#8243; sticky_enabled=\u00bb0&#8243; custom_margin=\u00bb||0px|||\u00bb url=\u00bbhttps:\/\/bibliotecologos.pe\/index.php\/actualizacion-profesional\/\u00bb][\/et_pb_image][et_pb_image src=\u00bbhttps:\/\/bibliotecologos.pe\/wp-content\/uploads\/2022\/12\/CBP-Convenios-institucionales-300&#215;39.png\u00bb _builder_version=\u00bb4.7.7&#8243; _module_preset=\u00bbdefault\u00bb title_text=\u00bbCBP-Convenios-institucionales\u00bb hover_enabled=\u00bb0&#8243; sticky_enabled=\u00bb0&#8243; custom_margin=\u00bb8px||-1px|||\u00bb url=\u00bbhttps:\/\/bibliotecologos.pe\/index.php\/convenios-institucionales\/\u00bb][\/et_pb_image][et_pb_image src=\u00bbhttps:\/\/bibliotecologos.pe\/wp-content\/uploads\/2022\/12\/CBP-Capitulo-de-desarrollo-profesional-300&#215;39.png\u00bb _builder_version=\u00bb4.7.7&#8243; _module_preset=\u00bbdefault\u00bb title_text=\u00bbCBP-Capitulo-de-desarrollo-profesional\u00bb hover_enabled=\u00bb0&#8243; sticky_enabled=\u00bb0&#8243; custom_margin=\u00bb5px||1px|||\u00bb custom_padding=\u00bb7px||7px|||\u00bb url=\u00bbhttps:\/\/bibliotecologos.pe\/index.php\/capitulo-de-desarrollo-profesional\/\u00bb][\/et_pb_image][et_pb_image src=\u00bbhttps:\/\/bibliotecologos.pe\/wp-content\/uploads\/2022\/12\/CBP-Actividades-culturales-300&#215;39.png\u00bb _builder_version=\u00bb4.7.7&#8243; _module_preset=\u00bbdefault\u00bb title_text=\u00bbCBP-Actividades-culturales\u00bb hover_enabled=\u00bb0&#8243; sticky_enabled=\u00bb0&#8243; url=\u00bbhttps:\/\/bibliotecologos.pe\/index.php\/actividades-culturales\/\u00bb][\/et_pb_image][\/et_pb_column][\/et_pb_row][\/et_pb_section]<\/p>\n","protected":false},"excerpt":{"rendered":"<p>[et_pb_section fb_built=\u00bb1&#8243; _builder_version=\u00bb4.7.7&#8243; _module_preset=\u00bbdefault\u00bb custom_padding=\u00bb6px|||||\u00bb][et_pb_row _builder_version=\u00bb4.7.7&#8243; _module_preset=\u00bbdefault\u00bb hover_enabled=\u00bb0&#8243; sticky_enabled=\u00bb0&#8243;][et_pb_column _builder_version=\u00bb4.7.7&#8243; _module_preset=\u00bbdefault\u00bb type=\u00bb4_4&#8243; hover_enabled=\u00bb0&#8243; sticky_enabled=\u00bb0&#8243;][et_pb_text _builder_version=\u00bb4.7.7&#8243; _module_preset=\u00bbdefault\u00bb hover_enabled=\u00bb0&#8243; sticky_enabled=\u00bb0&#8243;] \u00bfQu\u00e9 hacemos en el Colegio de Bibliotec\u00f3logos del Per\u00fa? El Colegio de Bibliotec\u00f3logos del Per\u00fa (CBP) es la instituci\u00f3n que representa y defiende a los profesionales de la informaci\u00f3n en nuestro pa\u00eds. Nuestra misi\u00f3n es promover el [&hellip;]<\/p>\n","protected":false},"author":4,"featured_media":0,"parent":0,"menu_order":0,"comment_status":"closed","ping_status":"closed","template":"","meta":{"_et_pb_use_builder":"on","_et_pb_old_content":"<!-- wp:spacer -->\n<div style=\"height:100px\" aria-hidden=\"true\" class=\"wp-block-spacer\"><\/div>\n<!-- \/wp:spacer -->\n\n<!-- wp:image {\"align\":\"center\",\"id\":1369,\"sizeSlug\":\"full\",\"linkDestination\":\"custom\"} -->\n<div class=\"wp-block-image\"><figure class=\"aligncenter size-full\"><a href=\"https:\/\/bibliotecologos.pe\/index.php\/convenios-institucionales\/\" target=\"_blank\" rel=\"noopener\"><img src=\"https:\/\/bibliotecologos.pe\/wp-content\/uploads\/2022\/12\/CBP-Convenios-institucionales.png\" alt=\"\" class=\"wp-image-1369\"\/><\/a><\/figure><\/div>\n<!-- \/wp:image -->\n\n<!-- wp:image {\"align\":\"center\",\"id\":1370,\"sizeSlug\":\"full\",\"linkDestination\":\"custom\"} -->\n<div class=\"wp-block-image\"><figure class=\"aligncenter size-full\"><a href=\"https:\/\/bibliotecologos.pe\/index.php\/nuevos-colegiados\/\" target=\"_blank\" rel=\"noopener\"><img src=\"https:\/\/bibliotecologos.pe\/wp-content\/uploads\/2022\/12\/CBP-Nuevos-colegiados.png\" alt=\"\" class=\"wp-image-1370\"\/><\/a><\/figure><\/div>\n<!-- \/wp:image -->\n\n<!-- wp:image {\"align\":\"center\",\"id\":1367,\"width\":700,\"height\":90,\"sizeSlug\":\"full\",\"linkDestination\":\"custom\"} -->\n<div class=\"wp-block-image\"><figure class=\"aligncenter size-full is-resized\"><a href=\"https:\/\/bibliotecologos.pe\/index.php\/actualizacion-profesional\/\" target=\"_blank\" rel=\"noopener\"><img src=\"https:\/\/bibliotecologos.pe\/wp-content\/uploads\/2022\/12\/CBP-Actualizacion-profesional.png\" alt=\"\" class=\"wp-image-1367\" width=\"700\" height=\"90\"\/><\/a><\/figure><\/div>\n<!-- \/wp:image -->\n\n<!-- wp:image {\"align\":\"center\",\"id\":1371,\"sizeSlug\":\"full\",\"linkDestination\":\"custom\"} -->\n<div class=\"wp-block-image\"><figure class=\"aligncenter size-full\"><a href=\"https:\/\/bibliotecologos.pe\/index.php\/capitulo-de-desarrollo-profesional\/\" target=\"_blank\" rel=\"noopener\"><img src=\"https:\/\/bibliotecologos.pe\/wp-content\/uploads\/2022\/12\/CBP-Capitulo-de-desarrollo-profesional.png\" alt=\"\" class=\"wp-image-1371\"\/><\/a><\/figure><\/div>\n<!-- \/wp:image -->\n\n<!-- wp:image {\"align\":\"center\",\"id\":1372,\"sizeSlug\":\"full\",\"linkDestination\":\"custom\"} -->\n<div class=\"wp-block-image\"><figure class=\"aligncenter size-full\"><a href=\"https:\/\/bibliotecologos.pe\/index.php\/actividades-culturales\/\" target=\"_blank\" rel=\"noopener\"><img src=\"https:\/\/bibliotecologos.pe\/wp-content\/uploads\/2022\/12\/CBP-Actividades-culturales.png\" alt=\"\" class=\"wp-image-1372\"\/><\/a><\/figure><\/div>\n<!-- \/wp:image -->\n\n<!-- wp:image {\"align\":\"center\",\"id\":1373,\"sizeSlug\":\"full\",\"linkDestination\":\"custom\"} -->\n<div class=\"wp-block-image\"><figure class=\"aligncenter size-full\"><a href=\"https:\/\/bibliotecologos.pe\/index.php\/capacitacion\/\" target=\"_blank\" rel=\"noopener\"><img src=\"https:\/\/bibliotecologos.pe\/wp-content\/uploads\/2022\/12\/CBP-Capacitacion.png\" alt=\"\" class=\"wp-image-1373\"\/><\/a><\/figure><\/div>\n<!-- \/wp:image -->\n\n<!-- wp:spacer {\"height\":\"129px\"} -->\n<div style=\"height:129px\" aria-hidden=\"true\" class=\"wp-block-spacer\"><\/div>\n<!-- \/wp:spacer -->\r\n","_et_gb_content_width":"1080","_monsterinsights_skip_tracking":false,"_monsterinsights_sitenote_active":false,"_monsterinsights_sitenote_note":"","_monsterinsights_sitenote_category":0,"_joinchat":[],"footnotes":""},"_links":{"self":[{"href":"https:\/\/bibliotecologos.pe\/index.php\/wp-json\/wp\/v2\/pages\/22"}],"collection":[{"href":"https:\/\/bibliotecologos.pe\/index.php\/wp-json\/wp\/v2\/pages"}],"about":[{"href":"https:\/\/bibliotecologos.pe\/index.php\/wp-json\/wp\/v2\/types\/page"}],"author":[{"embeddable":true,"href":"https:\/\/bibliotecologos.pe\/index.php\/wp-json\/wp\/v2\/users\/4"}],"replies":[{"embeddable":true,"href":"https:\/\/bibliotecologos.pe\/index.php\/wp-json\/wp\/v2\/comments?post=22"}],"version-history":[{"count":9,"href":"https:\/\/bibliotecologos.pe\/index.php\/wp-json\/wp\/v2\/pages\/22\/revisions"}],"predecessor-version":[{"id":4389,"href":"https:\/\/bibliotecologos.pe\/index.php\/wp-json\/wp\/v2\/pages\/22\/revisions\/4389"}],"wp:attachment":[{"href":"https:\/\/bibliotecologos.pe\/index.php\/wp-json\/wp\/v2\/media?parent=22"}],"curies":[{"name":"wp","href":"https:\/\/api.w.org\/{rel}","templated":true}]}}