

{"id":2539,"date":"2023-09-27T13:57:53","date_gmt":"2023-09-27T13:57:53","guid":{"rendered":"https:\/\/bibliotecologos.pe\/?page_id=2539"},"modified":"2025-07-13T18:16:52","modified_gmt":"2025-07-13T18:16:52","slug":"programa","status":"publish","type":"page","link":"https:\/\/bibliotecologos.pe\/index.php\/programa\/","title":{"rendered":"Programa"},"content":{"rendered":"<p>[et_pb_section fb_built=\u00bb1&#8243; admin_label=\u00bbsection\u00bb _builder_version=\u00bb4.7.7&#8243; use_background_color_gradient=\u00bbon\u00bb background_image=\u00bbhttps:\/\/bibliotecologos.pe\/wp-content\/uploads\/2022\/04\/Coleccion-4.jpg\u00bb min_height=\u00bb728.6px\u00bb custom_margin=\u00bb||-90px|||\u00bb custom_padding=\u00bb||18px|||\u00bb][et_pb_row column_structure=\u00bb1_5,3_5,1_5&#8243; use_custom_gutter=\u00bbon\u00bb gutter_width=\u00bb1&#8243; make_equal=\u00bbon\u00bb admin_label=\u00bbrow\u00bb _builder_version=\u00bb4.7.7&#8243; background_color=\u00bb#ffffff\u00bb background_size=\u00bbinitial\u00bb background_position=\u00bbtop_left\u00bb background_repeat=\u00bbrepeat\u00bb width=\u00bb90%\u00bb max_width=\u00bb1273px\u00bb module_alignment=\u00bbcenter\u00bb custom_margin=\u00bb|0px||0px|false|false\u00bb custom_padding=\u00bb0px||0px||false|false\u00bb global_module=\u00bb2637&#8243;][et_pb_column type=\u00bb1_5&#8243; _builder_version=\u00bb4.7.7&#8243; custom_padding=\u00bb|||\u00bb custom_padding__hover=\u00bb|||\u00bb][et_pb_image src=\u00bbhttps:\/\/bibliotecologos.pe\/wp-content\/uploads\/2023\/09\/logotipoCBP.png\u00bb title_text=\u00bblogotipoCBP\u00bb url=\u00bbhttps:\/\/bibliotecologos.pe\/index.php\/tendenciasbibliotecasods\/\u00bb _builder_version=\u00bb4.7.7&#8243; _module_preset=\u00bbdefault\u00bb][\/et_pb_image][\/et_pb_column][et_pb_column type=\u00bb3_5&#8243; _builder_version=\u00bb4.7.7&#8243; custom_padding=\u00bb|||\u00bb custom_padding__hover=\u00bb|||\u00bb][et_pb_menu menu_id=\u00bb24&#8243; menu_style=\u00bbcentered\u00bb _builder_version=\u00bb4.7.7&#8243; _module_preset=\u00bbdefault\u00bb menu_font=\u00bb|700||on|||||\u00bb menu_font_size=\u00bb17px\u00bb module_alignment=\u00bbcenter\u00bb min_height=\u00bb25px\u00bb custom_margin=\u00bb14px|||0px|false|false\u00bb custom_padding=\u00bb0px|||0px|false|false\u00bb][\/et_pb_menu][\/et_pb_column][et_pb_column type=\u00bb1_5&#8243; _builder_version=\u00bb4.7.7&#8243; custom_padding=\u00bb|||\u00bb custom_padding__hover=\u00bb|||\u00bb][et_pb_code _builder_version=\u00bb4.7.7&#8243; _module_preset=\u00bbdefault\u00bb text_orientation=\u00bbcenter\u00bb module_alignment=\u00bbcenter\u00bb custom_margin=\u00bb15px||||false|false\u00bb]<\/p>\n<div class=\"redes-sociales\"><!-- [et_pb_line_break_holder] -->  <a href=\"https:\/\/www.facebook.com\/ColegiodeBibliotecologosdelPeru\/\" target=\"_blank\" rel=\"noopener\"><!-- [et_pb_line_break_holder] -->    <img loading=\"lazy\" decoding=\"async\" src=\"https:\/\/bibliotecologos.pe\/wp-content\/uploads\/2023\/09\/facebook-icon.png\" alt=\"Facebook\" width=\"24\" height=\"24\"><!-- [et_pb_line_break_holder] -->  <\/a><!-- [et_pb_line_break_holder] -->  <a href=\"https:\/\/twitter.com\/cbiblioperu\" target=\"_blank\" rel=\"noopener\"><!-- [et_pb_line_break_holder] -->    <img loading=\"lazy\" decoding=\"async\" src=\"https:\/\/bibliotecologos.pe\/wp-content\/uploads\/2023\/09\/twitter.png\" alt=\"Twitter\" width=\"24\" height=\"24\"><!-- [et_pb_line_break_holder] -->  <\/a><!-- [et_pb_line_break_holder] -->  <a href=\"https:\/\/www.linkedin.com\/in\/colegiobibliotecologosperu\/\" target=\"_blank\" rel=\"noopener\"><!-- [et_pb_line_break_holder] -->    <img loading=\"lazy\" decoding=\"async\" src=\"https:\/\/bibliotecologos.pe\/wp-content\/uploads\/2023\/09\/linkedin.png\" alt=\"LinkedIn\" width=\"24\" height=\"24\"><!-- [et_pb_line_break_holder] -->  <\/a><!-- [et_pb_line_break_holder] --><\/div>\n<p>[\/et_pb_code][\/et_pb_column][\/et_pb_row][et_pb_row _builder_version=\u00bb4.7.7&#8243; _module_preset=\u00bbdefault\u00bb][et_pb_column type=\u00bb4_4&#8243; _builder_version=\u00bb4.7.7&#8243; _module_preset=\u00bbdefault\u00bb][et_pb_divider show_divider=\u00bboff\u00bb _builder_version=\u00bb4.7.7&#8243; _module_preset=\u00bbdefault\u00bb min_height=\u00bb0px\u00bb custom_padding=\u00bb0px||40px|||\u00bb][\/et_pb_divider][et_pb_image src=\u00bbhttps:\/\/bibliotecologos.pe\/wp-content\/uploads\/2023\/10\/CBP-Logo-colegio-de-bibliotecologos.png\u00bb title_text=\u00bbCBP Logo colegio de bibliotec\u00f3logos\u00bb _builder_version=\u00bb4.7.7&#8243; _module_preset=\u00bbdefault\u00bb background_color=\u00bb#ffffff\u00bb custom_margin=\u00bb||1px||false|false\u00bb custom_padding=\u00bb60px||||false|false\u00bb][\/et_pb_image][et_pb_text _builder_version=\u00bb4.7.7&#8243; _module_preset=\u00bbdefault\u00bb background_color=\u00bb#ffffff\u00bb min_height=\u00bb171px\u00bb custom_margin=\u00bb-3px|||||\u00bb custom_padding=\u00bb60px|60px|60px|60px|false|false\u00bb]<\/p>\n<h4 style=\"text-align: center;\"><em><strong>\u201cA\u00f1o de la Unidad, La Paz y el Desarrollo\u201d<\/strong><\/em><\/h4>\n<p style=\"text-align: center;\"><em><strong><\/strong><\/em><\/p>\n<h2 style=\"text-align: center;\"><strong><span style=\"text-decoration: underline;\">SEMINARIO INTERNACIONAL<\/span><\/strong><\/h2>\n<h3 style=\"text-align: center;\"><span style=\"color: #3366ff;\">\u00abTendencias de las Bibliotecas en el Marco de los Objetivos de Desarrollo Sostenible 2030\u00bb<\/span><br \/> <span style=\"color: #3366ff;\"> 03 y 04 de Noviembre de 2023<\/span><\/h3>\n<h3 style=\"text-align: center;\"><span style=\"text-decoration: underline;\"><span style=\"color: #0000ff;\"><a href=\"https:\/\/bibliotecologos.pe\/wp-content\/uploads\/2023\/11\/Programa-Seminario-2-de-noviembre-de-2023.pdf\" target=\"_blank\" rel=\"noopener noreferrer\" style=\"color: #0000ff; text-decoration: underline;\">DESCARGAR Programa Completo<\/a><\/span><\/span><\/h3>\n<p>[\/et_pb_text][et_pb_divider show_divider=\u00bboff\u00bb _builder_version=\u00bb4.7.7&#8243; _module_preset=\u00bbdefault\u00bb][\/et_pb_divider][et_pb_text _builder_version=\u00bb4.7.7&#8243; _module_preset=\u00bbdefault\u00bb background_color=\u00bb#ffffff\u00bb custom_margin=\u00bb-30px||||false|false\u00bb custom_padding=\u00bb60px|60px|60px|60px|false|false\u00bb hover_enabled=\u00bb0&#8243; sticky_enabled=\u00bb0&#8243;]<\/p>\n<h3 style=\"text-align: center;\"><span style=\"text-decoration: underline;\"><strong>VIERNES 03 DE NOVIEMBRE<\/strong><\/span><\/h3>\n<p>CONTROL DE ASISTENCIA: 9:00-9:30 horas<br \/>\nINAUGURACI\u00d3N: 9:30-10:00 horas<\/p>\n<p>Curso-Taller: Dise\u00f1o de estrategias de b\u00fasqueda con ChatGPT<br \/>\nExpositor: <span style=\"text-decoration: underline;\"><strong>CHRISTOPHER HERN\u00c1NDEZ AM\u00c9SQUITA (PERU)<\/strong><\/span><br \/>\nInstituci\u00f3n: Biblioteca Nacional del Per\u00fa<br \/>\nHora 10:00- 11:30 horas<br \/>\nAuditorio: Teatro Auditorio Mario Vargas Llosa de la Biblioteca Nacional del Per\u00fa<\/p>\n<p>Conferencia Magistral Virtual: \u00bfPueden las bibliotecas universitarias contribuir a la Agenda 2030 a trav\u00e9s del acceso abierto?\u201d.<br \/>\nExpositor: <span style=\"text-decoration: underline;\"><strong>GERARDO MARRAUD (ESPA\u00d1A)<\/strong><\/span><br \/>\nInstituci\u00f3n: Universidad de Vigo<br \/>\nHora 11:30 \u2013 12:15 horas<br \/>\nRonda de Preguntas: 12:15- 12:30<br \/>\nAuditorio: Teatro Auditorio Mario Vargas Llosa de la Biblioteca Nacional del Per\u00fa<\/p>\n<p>Intermedio coffee break 12:30- 12:45<br \/>\nPresentaci\u00f3n de Poster 12:45- 13:00<br \/>\nAuditorio: Sala de Usos M\u00faltiples de la Biblioteca Nacional del Per\u00fa<\/p>\n<p>Conferencia: \u201cGesti\u00f3n de informaci\u00f3n de la Red Nacional de Informaci\u00f3n en Ciencia, Tecnolog\u00eda e Innovaci\u00f3n \/ Per\u00fa CRIS\u00bb<br \/>\nExpositor: <strong><span style=\"text-decoration: underline;\">ABEL ERICK DEL CARPIO GUERRERO<\/span><\/strong><br \/>\nInstituci\u00f3n: CONCYTEC<br \/>\nHora: 13:00- 13:45 horas<br \/>\nRonda de preguntas: 13:45- 14:00:<br \/>\nAuditorio: Teatro Auditorio Mario Vargas Llosa de la Biblioteca Nacional del Per\u00fa<\/p>\n<p>ALMUERZO 14:00-15:00 HORAS<\/p>\n<p>Conferencia: Influencia de la Inteligencia Artificial en la investigaci\u00f3n y la publicaci\u00f3n cient\u00edfica.<br \/>\nExpositor: <span style=\"text-decoration: underline;\"><strong>FERNANDO ARDITO S\u00c1ENZ<\/strong><\/span><br \/>\nInstituci\u00f3n: ITMS Group<br \/>\nHora 15:00 \u2013 15: 30 horas<br \/>\nRonda de preguntas 15:30- 15:45<br \/>\nAuditorio: Teatro Auditorio Mario Vargas Llosa de la Biblioteca Nacional del Per\u00fa<\/p>\n<p>Conferencia: El rol de la inteligencia artificial en la democratizaci\u00f3n de la gesti\u00f3n del conocimiento.<br \/>\nExpositor: <span style=\"text-decoration: underline;\"><strong>EDUARDO ALFARO MORI<\/strong><\/span><br \/>\nInstituci\u00f3n: MASKHAY PERU<br \/>\nHora 15:45 \u2013 16:15 horas<br \/>\nRonda de preguntas: 16:15 \u2013 16:30<br \/>\nAuditorio: Teatro Auditorio Mario Vargas Llosa de la Biblioteca Nacional del Per\u00fa<\/p>\n<p>Conferencia: Bibliotecas y alfabetizaci\u00f3n informacional: Claves para el desarrollo sostenible.<br \/>\nExpositora: <span style=\"text-decoration: underline;\"><strong>ROXANA ALBARRAC\u00cdN APARICIO (PERU)<\/strong><\/span><br \/>\nInstituci\u00f3n: Docente Universidad Nacional Mayor de San Marcos e Instituto San Ignacio de Loyola<br \/>\nHora 16:30 \u2013 17:15 horas<br \/>\nRonda de preguntas 17:15-17:30<br \/>\nAuditorio: Teatro Auditorio Mario Vargas Llosa de la Biblioteca Nacional del Per\u00fa<\/p>\n<p>Intermedio coffee break 17:30 &#8211; 17:45<br \/>\nPresentaci\u00f3n de Poster 17:45 \u2013 18:00<br \/>\nAuditorio: Sala de usos m\u00faltiples de la Biblioteca Nacional del Per\u00fa<\/p>\n<p>Conferencia: \u00abIA y Bibliotecas: Motor de Cambio para los Objetivos de Desarrollo Sostenible 2030\u00bb.<br \/>\nExpositor: <span style=\"text-decoration: underline;\"><strong>SANTIAGO VILLEGAS-CEBALLOS (COLOMBIA)<\/strong><\/span><br \/>\nInstituci\u00f3n: The Shelf<br \/>\nHora 18:00 \u2013 18:45 horas<br \/>\nRonda de preguntas 18:45-19:00<br \/>\nAuditorio: Teatro Auditorio Mario Vargas Llosa de la Biblioteca Nacional del Per\u00fa[\/et_pb_text][et_pb_text _builder_version=\u00bb4.7.7&#8243; _module_preset=\u00bbdefault\u00bb background_color=\u00bb#ffffff\u00bb custom_padding=\u00bb60px|60px|60px|60px|false|false\u00bb]<\/p>\n<h3 style=\"text-align: center;\"><strong><span style=\"text-decoration: underline;\">SABADO 04 DE NOVIEMBRE<\/span><\/strong><\/h3>\n<p>Curso-Taller: \u00abUso de las Reglas RDA: Pautas Fundamentales para Bibliotecas<br \/> Expositora: <span style=\"text-decoration: underline;\"><strong>JULIA MARGARITA MARTINEZ SALDA\u00d1A (MEXICO)<\/strong><\/span><br \/> Instituci\u00f3n: Jefa de Departamento, Sistema de Bibliotecas, Universidad Aut\u00f3noma de San Luis Potos\u00ed<br \/> Hora : 09:00- 10:30 horas<br \/> Auditorio: Teatro Auditorio Mario Vargas Llosa de la Biblioteca Nacional del Per\u00fa<\/p>\n<p>Intermedio coffee break 10:30 \u2013 10:45<br \/> Presentaci\u00f3n de Poster 10:45 \u2013 11:00<br \/> Auditorio: Sala de usos m\u00faltiples de la Biblioteca Nacional del Per\u00fa<\/p>\n<p>Conferencia: \u00abAutomatizando la Academia: C\u00f3mo la IA est\u00e1 Transformando los Servicios Bibliotecarios\u00bb<br \/> Expositor: <strong><span style=\"text-decoration: underline;\">SANTIAGO VILLEGAS-CEBALLOS (COLOMBIA)<\/span><\/strong><br \/> Instituci\u00f3n: The Shelf<br \/> Hora: 11:00- 11:45 horas<br \/> Ronda de preguntas: 11:45 \u2013 12:00<br \/> Auditorio: Teatro Auditorio Mario Vargas Llosa de la Biblioteca Nacional del Per\u00fa<\/p>\n<p>Conversatorio: Experiencias de inteligencia artificial en bibliotecas universitarias. Estado del Arte.<br \/> Moderadora: <span style=\"text-decoration: underline;\"><strong>PAOLA ASCENCI\u00d3N MORALES<\/strong><\/span><br \/> Instituci\u00f3n: Universidad Nacional Mayor de San Marcos. Pontificia Universidad Cat\u00f3lica del Per\u00fa<br \/> Panelistas:<br \/> <strong>\u2022 Ana Tarazona Ayin Pontificia Universidad Cat\u00f3lica del Per\u00fa (PUCP)<\/strong><br \/> <strong>\u2022 Libio Huaroto Pajuelo Universidad Peruana de Ciencias Aplicadas (UPC)<\/strong><br \/> <strong>\u2022 Paolo Cuya Chamilco Universidad Cesar Vallejo (UCV)<\/strong><br \/> <strong>\u2022 Yuri Rivera Gavidia Universidad del Pac\u00edfico (UP)<\/strong><br \/> Hora: 12:00- 13:00 horas<br \/> Ronda de preguntas: 13:00 \u2013 13:15<br \/> Auditorio: Teatro Auditorio Mario Vargas Llosa de la Biblioteca Nacional del Per\u00fa<\/p>\n<p>Presentaci\u00f3n de Poster 13:15\u2013 13:30<br \/> Sala de Usos M\u00faltiples de la Biblioteca Nacional del Per\u00fa<\/p>\n<p>ALMUERZO 13:30 -14:30 HORAS<\/p>\n<p>Conferencia: Directrices para repositorios institucionales de la Red Nacional de Repositorios Digitales de Ciencia, Tecnolog\u00eda e Innovaci\u00f3n de Acceso Abierto (RENARE)<br \/>Expositor: <strong><span style=\"text-decoration: underline;\">DAVID QUISPE RIVEROS<\/span><\/strong><br \/>Instituci\u00f3n: CONCYTEC<br \/>Hora 14:30- 15:15:00 horas<br \/>Ronda de preguntas 15: 15\u2013 15:30<br \/>Auditorio: Teatro Auditorio Mario Vargas Llosa de la Biblioteca Nacional del Per\u00fa<\/p>\n<p>Conferencia: Aportes de la Ciencia Abierta a los Objetivos de Desarrollo Sostenible<br \/> Expositor: <span style=\"text-decoration: underline;\"><strong>JULIO SANTILL\u00c1N ALDANA<\/strong><\/span><br \/> Instituci\u00f3n: Faculdade de Ci\u00eancia da Informa\u00e7\u00e3o, Universidade de Bras\u00edlia, Brasil<br \/> Hora: 15:30- 16:15 horas<br \/> Ronda de preguntas: 16:15 \u2013 16:30<br \/> Auditorio: Teatro Auditorio Mario Vargas Llosa de la Biblioteca Nacional del Per\u00fa<\/p>\n<p>Conferencia Magistral: Implementaci\u00f3n de las Reglas de Descripci\u00f3n y Acceso (RDA) en las bibliotecas en el contexto de las herramientas tecnol\u00f3gicas, dentro del marco de los Objetivos de Desarrollo Sostenible 2030.<br \/> Expositora: <span style=\"text-decoration: underline;\"><strong>JULIA MARGARITA MART\u00cdNEZ SALDA\u00d1A<\/strong><\/span><br \/> Instituci\u00f3n: Jefa de Departamento, Sistema de Bibliotecas, Universidad Aut\u00f3noma de San Luis Potos\u00ed<br \/> Hora: 16:30- 17:15 horas<br \/> Ronda de preguntas: 17:15 \u2013 17:30<br \/> Auditorio: Teatro Auditorio Mario Vargas Llosa de la Biblioteca Nacional del Per\u00fa<\/p>\n<p><strong>CEREMONIA DE CLAUSURA<\/strong><\/p>\n<p>Premiaci\u00f3n de posters:<br \/> Instituci\u00f3n: Colegio de Bibliotec\u00f3logos del Per\u00fa<br \/> Hora: 17:30 \u2013 17:45<br \/> Auditorio: Teatro Auditorio Mario Vargas Llosa de la Biblioteca Nacional del Per\u00fa<\/p>\n<p><strong>Clausura:<\/strong> Mg Graciela Rengifo Garc\u00eda. Decana Nacional<br \/> Instituci\u00f3n: Colegio de Bibliotec\u00f3logos del Per\u00fa<br \/> Hora: 17:45 -18:00<br \/> Auditorio: Teatro Auditorio Mario Vargas Llosa de la Biblioteca Nacional del Per\u00fa<\/p>\n<p>Presentaci\u00f3n musical: 18:00 -19:00<br \/> Auditorio: Teatro Auditorio Mario Vargas Llosa de la Biblioteca Nacional del Per\u00fa<\/p>\n<p>[\/et_pb_text][et_pb_divider show_divider=\u00bboff\u00bb _builder_version=\u00bb4.7.7&#8243; _module_preset=\u00bbdefault\u00bb][\/et_pb_divider][\/et_pb_column][\/et_pb_row][\/et_pb_section][et_pb_section fb_built=\u00bb1&#8243; _builder_version=\u00bb4.7.7&#8243; _module_preset=\u00bbdefault\u00bb custom_margin=\u00bb-5px||||false|false\u00bb custom_padding=\u00bb0px||3px|||\u00bb global_module=\u00bb2677&#8243; saved_tabs=\u00bball\u00bb][et_pb_row column_structure=\u00bb1_4,1_4,1_4,1_4&#8243; _builder_version=\u00bb4.7.7&#8243; _module_preset=\u00bbdefault\u00bb custom_margin=\u00bb89px|auto||auto||\u00bb][et_pb_column type=\u00bb1_4&#8243; _builder_version=\u00bb4.7.7&#8243; _module_preset=\u00bbdefault\u00bb][\/et_pb_column][et_pb_column type=\u00bb1_4&#8243; _builder_version=\u00bb4.7.7&#8243; _module_preset=\u00bbdefault\u00bb][\/et_pb_column][et_pb_column type=\u00bb1_4&#8243; _builder_version=\u00bb4.7.7&#8243; _module_preset=\u00bbdefault\u00bb][\/et_pb_column][et_pb_column type=\u00bb1_4&#8243; _builder_version=\u00bb4.7.7&#8243; _module_preset=\u00bbdefault\u00bb][\/et_pb_column][\/et_pb_row][\/et_pb_section][et_pb_section fb_built=\u00bb1&#8243; _builder_version=\u00bb4.7.7&#8243; _module_preset=\u00bbdefault\u00bb background_color=\u00bb#f0b800&#8243; custom_padding=\u00bb21px||41px|||\u00bb global_module=\u00bb2641&#8243; saved_tabs=\u00bball\u00bb][et_pb_row _builder_version=\u00bb4.7.7&#8243; _module_preset=\u00bbdefault\u00bb][et_pb_column type=\u00bb4_4&#8243; _builder_version=\u00bb4.7.7&#8243; _module_preset=\u00bbdefault\u00bb][et_pb_text _builder_version=\u00bb4.7.7&#8243; _module_preset=\u00bbdefault\u00bb text_text_color=\u00bb#000000&#8243; text_font_size=\u00bb21px\u00bb text_letter_spacing=\u00bb-1px\u00bb text_line_height=\u00bb1.6em\u00bb header_font_size=\u00bb39px\u00bb]<\/p>\n<p style=\"text-align: center;\"><strong>03 de noviembre<\/strong><br \/> Curso-Taller: Dise\u00f1o de estrategias de b\u00fasqueda con ChatGPT<\/p>\n<p style=\"text-align: center;\"><strong>04 de noviembre<\/strong><br \/> Curso-Taller: Uso de las Reglas RDA: Pautas Fundamentales para Bibliotecas<\/p>\n<p style=\"text-align: center;\"><strong>Seminario Internacional <\/strong><br \/> <strong>\u00abTendencias de las Bibliotecas en el Marco de los Objetivos de Desarrollo Sostenible 2030\u00bb<\/strong><br \/> 3 y 4 de noviembre 2023<br \/> Teatro Auditorio Mario Vargas Llosa<br \/> Biblioteca Nacional del Per\u00fa.<br \/> Av. De la Poes\u00eda 160, San Borja.<\/p>\n<p>[\/et_pb_text][\/et_pb_column][\/et_pb_row][\/et_pb_section][et_pb_section fb_built=\u00bb1&#8243; _builder_version=\u00bb4.7.7&#8243; _module_preset=\u00bbdefault\u00bb background_color=\u00bb#0c71c3&#8243; custom_padding=\u00bb0px||0px|||\u00bb global_module=\u00bb2731&#8243;][et_pb_row column_structure=\u00bb1_4,1_4,1_4,1_4&#8243; _builder_version=\u00bb4.7.7&#8243; _module_preset=\u00bbdefault\u00bb][et_pb_column type=\u00bb1_4&#8243; _builder_version=\u00bb4.7.7&#8243; _module_preset=\u00bbdefault\u00bb][et_pb_image src=\u00bbhttps:\/\/bibliotecologos.pe\/wp-content\/uploads\/2023\/09\/logo-ODS-CBP-150&#215;150.jpg\u00bb title_text=\u00bblogo ODS CBP\u00bb align=\u00bbleft\u00bb _builder_version=\u00bb4.7.7&#8243; _module_preset=\u00bbdefault\u00bb][\/et_pb_image][et_pb_text _builder_version=\u00bb4.7.7&#8243; _module_preset=\u00bbdefault\u00bb text_text_color=\u00bb#ffffff\u00bb]<\/p>\n<p>Seminario Internacional: \u00abTendencias de las bibliotecas en el marco de los objetivos de desarrollo sostenible 2030\u00bb a realizarse los d\u00edas 03 y 04 de noviembre de 2023.<\/p>\n<p>[\/et_pb_text][\/et_pb_column][et_pb_column type=\u00bb1_4&#8243; _builder_version=\u00bb4.7.7&#8243; _module_preset=\u00bbdefault\u00bb][\/et_pb_column][et_pb_column type=\u00bb1_4&#8243; _builder_version=\u00bb4.7.7&#8243; _module_preset=\u00bbdefault\u00bb][et_pb_text _builder_version=\u00bb4.7.7&#8243; _module_preset=\u00bbdefault\u00bb text_text_color=\u00bb#ffffff\u00bb]<\/p>\n<p>Accesos R\u00e1pidos<\/p>\n<p><a href=\"https:\/\/bibliotecologos.pe\/index.php\/tendenciasbibliotecasods\/\">Inicio<\/a><\/p>\n<p><a href=\"https:\/\/bibliotecologos.pe\/index.php\/presentacion\/\">Presentaci\u00f3n<\/a><\/p>\n<p>[\/et_pb_text][\/et_pb_column][et_pb_column type=\u00bb1_4&#8243; _builder_version=\u00bb4.7.7&#8243; _module_preset=\u00bbdefault\u00bb][et_pb_text _builder_version=\u00bb4.7.7&#8243; _module_preset=\u00bbdefault\u00bb text_text_color=\u00bb#ffffff\u00bb custom_margin=\u00bb|-76px||||\u00bb]<\/p>\n<p><span style=\"text-decoration: underline;\">Cont\u00e1ctenos<\/span><\/p>\n<p><span>WhatsApp:\u00a0<\/span>(+51)\u00a0986 467 369<\/p>\n<p><span style=\"color: #00ffff;\"><a href=\"mailto:bibliotecologosperu@bibliotecologos.pe\" style=\"color: #00ffff;\">bibliotecologosperu@bibliotecologos.pe<\/a><\/span><\/p>\n<p>Twitter:\u00a0<span>@cbiblioperu<\/span><\/p>\n<p><span>Facebook:\u00a0ColegiodeBibliotecologosdelPeru<\/span><\/p>\n<p>[\/et_pb_text][\/et_pb_column][\/et_pb_row][\/et_pb_section][et_pb_section fb_built=\u00bb1&#8243; _builder_version=\u00bb4.7.7&#8243; _module_preset=\u00bbdefault\u00bb background_color=\u00bb#00457a\u00bb custom_padding=\u00bb0px||0px|||\u00bb global_module=\u00bb2732&#8243; saved_tabs=\u00bball\u00bb][et_pb_row column_structure=\u00bb3_4,1_4&#8243; _builder_version=\u00bb4.7.7&#8243; _module_preset=\u00bbdefault\u00bb custom_padding=\u00bb8px||13px|||\u00bb][et_pb_column type=\u00bb3_4&#8243; _builder_version=\u00bb4.7.7&#8243; _module_preset=\u00bbdefault\u00bb][et_pb_text _builder_version=\u00bb4.7.7&#8243; _module_preset=\u00bbdefault\u00bb]<\/p>\n<p><span style=\"color: #ffffff;\"><span style=\"color: #ffff00;\">Copyright \u00a92023 Colegio de Bibliotec\u00f3logos del Per\u00fa<\/span> \u2502<span style=\"color: #00ff00;\"> Seminario Internacional: \u00abTendencias de las bibliotecas en el marco de los objetivos de desarrollo sostenible 2030\u00bb 2023<\/span>. <span style=\"color: #ffff00;\">Todos los Derechos Reservados. Colegio de Bibliotec\u00f3logos del Per\u00fa<\/span><\/span><\/p>\n<p>[\/et_pb_text][\/et_pb_column][et_pb_column type=\u00bb1_4&#8243; _builder_version=\u00bb4.7.7&#8243; _module_preset=\u00bbdefault\u00bb][et_pb_code _builder_version=\u00bb4.7.7&#8243; _module_preset=\u00bbdefault\u00bb]<\/p>\n<div class=\"redes-sociales\"><!-- [et_pb_line_break_holder] -->  <a href=\"https:\/\/www.facebook.com\/ColegiodeBibliotecologosdelPeru\/\" target=\"_blank\" rel=\"noopener\"><!-- [et_pb_line_break_holder] -->    <img loading=\"lazy\" decoding=\"async\" src=\"https:\/\/bibliotecologos.pe\/wp-content\/uploads\/2023\/09\/facebook-icon.png\" alt=\"Facebook\" width=\"24\" height=\"24\"><!-- [et_pb_line_break_holder] -->  <\/a><!-- [et_pb_line_break_holder] -->  <a href=\"https:\/\/twitter.com\/cbiblioperu\" target=\"_blank\" rel=\"noopener\"><!-- [et_pb_line_break_holder] -->    <img loading=\"lazy\" decoding=\"async\" src=\"https:\/\/bibliotecologos.pe\/wp-content\/uploads\/2023\/09\/twitter.png\" alt=\"Twitter\" width=\"24\" height=\"24\"><!-- [et_pb_line_break_holder] -->  <\/a><!-- [et_pb_line_break_holder] -->  <a href=\"https:\/\/www.linkedin.com\/in\/colegiobibliotecologosperu\/\" target=\"_blank\" rel=\"noopener\"><!-- [et_pb_line_break_holder] -->    <img loading=\"lazy\" decoding=\"async\" src=\"https:\/\/bibliotecologos.pe\/wp-content\/uploads\/2023\/09\/linkedin.png\" alt=\"LinkedIn\" width=\"24\" height=\"24\"><!-- [et_pb_line_break_holder] -->  <\/a><!-- [et_pb_line_break_holder] --><\/div>\n<p>[\/et_pb_code][\/et_pb_column][\/et_pb_row][\/et_pb_section]<\/p>\n","protected":false},"excerpt":{"rendered":"<p>[et_pb_section fb_built=\u00bb1&#8243; admin_label=\u00bbsection\u00bb _builder_version=\u00bb4.7.7&#8243; use_background_color_gradient=\u00bbon\u00bb background_image=\u00bbhttps:\/\/bibliotecologos.pe\/wp-content\/uploads\/2022\/04\/Coleccion-4.jpg\u00bb min_height=\u00bb728.6px\u00bb custom_margin=\u00bb||-90px|||\u00bb custom_padding=\u00bb||18px|||\u00bb][et_pb_row column_structure=\u00bb1_5,3_5,1_5&#8243; use_custom_gutter=\u00bbon\u00bb gutter_width=\u00bb1&#8243; make_equal=\u00bbon\u00bb admin_label=\u00bbrow\u00bb _builder_version=\u00bb4.7.7&#8243; background_color=\u00bb#ffffff\u00bb background_size=\u00bbinitial\u00bb background_position=\u00bbtop_left\u00bb background_repeat=\u00bbrepeat\u00bb width=\u00bb90%\u00bb max_width=\u00bb1273px\u00bb module_alignment=\u00bbcenter\u00bb custom_margin=\u00bb|0px||0px|false|false\u00bb custom_padding=\u00bb0px||0px||false|false\u00bb global_module=\u00bb2637&#8243;][et_pb_column type=\u00bb1_5&#8243; _builder_version=\u00bb4.7.7&#8243; custom_padding=\u00bb|||\u00bb custom_padding__hover=\u00bb|||\u00bb][et_pb_image src=\u00bbhttps:\/\/bibliotecologos.pe\/wp-content\/uploads\/2023\/09\/logotipoCBP.png\u00bb title_text=\u00bblogotipoCBP\u00bb url=\u00bbhttps:\/\/bibliotecologos.pe\/index.php\/tendenciasbibliotecasods\/\u00bb _builder_version=\u00bb4.7.7&#8243; _module_preset=\u00bbdefault\u00bb][\/et_pb_image][\/et_pb_column][et_pb_column type=\u00bb3_5&#8243; _builder_version=\u00bb4.7.7&#8243; custom_padding=\u00bb|||\u00bb custom_padding__hover=\u00bb|||\u00bb][et_pb_menu menu_id=\u00bb24&#8243; menu_style=\u00bbcentered\u00bb _builder_version=\u00bb4.7.7&#8243; _module_preset=\u00bbdefault\u00bb menu_font=\u00bb|700||on|||||\u00bb menu_font_size=\u00bb17px\u00bb module_alignment=\u00bbcenter\u00bb min_height=\u00bb25px\u00bb custom_margin=\u00bb14px|||0px|false|false\u00bb custom_padding=\u00bb0px|||0px|false|false\u00bb][\/et_pb_menu][\/et_pb_column][et_pb_column type=\u00bb1_5&#8243; _builder_version=\u00bb4.7.7&#8243; custom_padding=\u00bb|||\u00bb custom_padding__hover=\u00bb|||\u00bb][et_pb_code _builder_version=\u00bb4.7.7&#8243; _module_preset=\u00bbdefault\u00bb text_orientation=\u00bbcenter\u00bb [&hellip;]<\/p>\n","protected":false},"author":4,"featured_media":0,"parent":0,"menu_order":0,"comment_status":"closed","ping_status":"closed","template":"page-template-blank.php","meta":{"_et_pb_use_builder":"on","_et_pb_old_content":"","_et_gb_content_width":"","_monsterinsights_skip_tracking":false,"_monsterinsights_sitenote_active":false,"_monsterinsights_sitenote_note":"","_monsterinsights_sitenote_category":0,"_joinchat":[],"footnotes":""},"_links":{"self":[{"href":"https:\/\/bibliotecologos.pe\/index.php\/wp-json\/wp\/v2\/pages\/2539"}],"collection":[{"href":"https:\/\/bibliotecologos.pe\/index.php\/wp-json\/wp\/v2\/pages"}],"about":[{"href":"https:\/\/bibliotecologos.pe\/index.php\/wp-json\/wp\/v2\/types\/page"}],"author":[{"embeddable":true,"href":"https:\/\/bibliotecologos.pe\/index.php\/wp-json\/wp\/v2\/users\/4"}],"replies":[{"embeddable":true,"href":"https:\/\/bibliotecologos.pe\/index.php\/wp-json\/wp\/v2\/comments?post=2539"}],"version-history":[{"count":45,"href":"https:\/\/bibliotecologos.pe\/index.php\/wp-json\/wp\/v2\/pages\/2539\/revisions"}],"predecessor-version":[{"id":3370,"href":"https:\/\/bibliotecologos.pe\/index.php\/wp-json\/wp\/v2\/pages\/2539\/revisions\/3370"}],"wp:attachment":[{"href":"https:\/\/bibliotecologos.pe\/index.php\/wp-json\/wp\/v2\/media?parent=2539"}],"curies":[{"name":"wp","href":"https:\/\/api.w.org\/{rel}","templated":true}]}}