

{"id":2711,"date":"2023-09-28T16:23:12","date_gmt":"2023-09-28T16:23:12","guid":{"rendered":"https:\/\/bibliotecologos.pe\/?page_id=2711"},"modified":"2025-07-13T18:11:25","modified_gmt":"2025-07-13T18:11:25","slug":"descripcion","status":"publish","type":"page","link":"https:\/\/bibliotecologos.pe\/index.php\/descripcion\/","title":{"rendered":"Descripci\u00f3n"},"content":{"rendered":"<p>[et_pb_section fb_built=\u00bb1&#8243; admin_label=\u00bbsection\u00bb _builder_version=\u00bb4.7.7&#8243; use_background_color_gradient=\u00bbon\u00bb background_image=\u00bbhttps:\/\/bibliotecologos.pe\/wp-content\/uploads\/2022\/04\/Coleccion-4.jpg\u00bb min_height=\u00bb728.6px\u00bb custom_margin=\u00bb||-90px|||\u00bb custom_padding=\u00bb||18px|||\u00bb][et_pb_row column_structure=\u00bb1_5,3_5,1_5&#8243; use_custom_gutter=\u00bbon\u00bb gutter_width=\u00bb1&#8243; make_equal=\u00bbon\u00bb admin_label=\u00bbrow\u00bb _builder_version=\u00bb4.7.7&#8243; background_color=\u00bb#ffffff\u00bb background_size=\u00bbinitial\u00bb background_position=\u00bbtop_left\u00bb background_repeat=\u00bbrepeat\u00bb width=\u00bb90%\u00bb max_width=\u00bb1273px\u00bb module_alignment=\u00bbcenter\u00bb custom_margin=\u00bb|0px||0px|false|false\u00bb custom_padding=\u00bb0px||0px||false|false\u00bb global_module=\u00bb2637&#8243; saved_tabs=\u00bball\u00bb][et_pb_column type=\u00bb1_5&#8243; _builder_version=\u00bb4.7.7&#8243; custom_padding=\u00bb|||\u00bb custom_padding__hover=\u00bb|||\u00bb][et_pb_image src=\u00bbhttps:\/\/bibliotecologos.pe\/wp-content\/uploads\/2023\/09\/logotipoCBP.png\u00bb title_text=\u00bblogotipoCBP\u00bb url=\u00bbhttps:\/\/bibliotecologos.pe\/index.php\/tendenciasbibliotecasods\/\u00bb _builder_version=\u00bb4.7.7&#8243; _module_preset=\u00bbdefault\u00bb][\/et_pb_image][\/et_pb_column][et_pb_column type=\u00bb3_5&#8243; _builder_version=\u00bb4.7.7&#8243; custom_padding=\u00bb|||\u00bb custom_padding__hover=\u00bb|||\u00bb][et_pb_menu menu_id=\u00bb24&#8243; menu_style=\u00bbcentered\u00bb _builder_version=\u00bb4.7.7&#8243; _module_preset=\u00bbdefault\u00bb menu_font=\u00bb|700||on|||||\u00bb menu_font_size=\u00bb17px\u00bb module_alignment=\u00bbcenter\u00bb min_height=\u00bb25px\u00bb custom_margin=\u00bb14px|||0px|false|false\u00bb custom_padding=\u00bb0px|||0px|false|false\u00bb][\/et_pb_menu][\/et_pb_column][et_pb_column type=\u00bb1_5&#8243; _builder_version=\u00bb4.7.7&#8243; custom_padding=\u00bb|||\u00bb custom_padding__hover=\u00bb|||\u00bb][et_pb_code _builder_version=\u00bb4.7.7&#8243; _module_preset=\u00bbdefault\u00bb text_orientation=\u00bbcenter\u00bb module_alignment=\u00bbcenter\u00bb custom_margin=\u00bb15px||||false|false\u00bb]<\/p>\n<div class=\"redes-sociales\"><!-- [et_pb_line_break_holder] -->  <a href=\"https:\/\/www.facebook.com\/ColegiodeBibliotecologosdelPeru\/\" target=\"_blank\" rel=\"noopener\"><!-- [et_pb_line_break_holder] -->    <img loading=\"lazy\" decoding=\"async\" src=\"https:\/\/bibliotecologos.pe\/wp-content\/uploads\/2023\/09\/facebook-icon.png\" alt=\"Facebook\" width=\"24\" height=\"24\"><!-- [et_pb_line_break_holder] -->  <\/a><!-- [et_pb_line_break_holder] -->  <a href=\"https:\/\/twitter.com\/cbiblioperu\" target=\"_blank\" rel=\"noopener\"><!-- [et_pb_line_break_holder] -->    <img loading=\"lazy\" decoding=\"async\" src=\"https:\/\/bibliotecologos.pe\/wp-content\/uploads\/2023\/09\/twitter.png\" alt=\"Twitter\" width=\"24\" height=\"24\"><!-- [et_pb_line_break_holder] -->  <\/a><!-- [et_pb_line_break_holder] -->  <a href=\"https:\/\/www.linkedin.com\/in\/colegiobibliotecologosperu\/\" target=\"_blank\" rel=\"noopener\"><!-- [et_pb_line_break_holder] -->    <img loading=\"lazy\" decoding=\"async\" src=\"https:\/\/bibliotecologos.pe\/wp-content\/uploads\/2023\/09\/linkedin.png\" alt=\"LinkedIn\" width=\"24\" height=\"24\"><!-- [et_pb_line_break_holder] -->  <\/a><!-- [et_pb_line_break_holder] --><\/div>\n<p>[\/et_pb_code][\/et_pb_column][\/et_pb_row][et_pb_row _builder_version=\u00bb4.7.7&#8243; _module_preset=\u00bbdefault\u00bb custom_padding=\u00bb||13px|||\u00bb][et_pb_column type=\u00bb4_4&#8243; _builder_version=\u00bb4.7.7&#8243; _module_preset=\u00bbdefault\u00bb][et_pb_divider show_divider=\u00bboff\u00bb _builder_version=\u00bb4.7.7&#8243; _module_preset=\u00bbdefault\u00bb min_height=\u00bb0.8px\u00bb custom_margin=\u00bb-13px|||||\u00bb custom_padding=\u00bb||11px|||\u00bb][\/et_pb_divider][\/et_pb_column][\/et_pb_row][et_pb_row _builder_version=\u00bb4.7.7&#8243; _module_preset=\u00bbdefault\u00bb background_color=\u00bb#ffffff\u00bb custom_margin=\u00bb-2px|auto||auto||\u00bb][et_pb_column type=\u00bb4_4&#8243; _builder_version=\u00bb4.7.7&#8243; _module_preset=\u00bbdefault\u00bb][et_pb_text _builder_version=\u00bb4.7.7&#8243; _module_preset=\u00bbdefault\u00bb background_color=\u00bb#ffffff\u00bb]<\/p>\n<h1 style=\"text-align: center;\"><span style=\"text-decoration: underline;\">Descripci\u00f3n<\/span><\/h1>\n<p>[\/et_pb_text][\/et_pb_column][\/et_pb_row][et_pb_row _builder_version=\u00bb4.7.7&#8243; _module_preset=\u00bbdefault\u00bb background_color=\u00bb#0c71c3&#8243; width=\u00bb100%\u00bb module_alignment=\u00bbcenter\u00bb custom_margin=\u00bb||0px||false|false\u00bb][et_pb_column type=\u00bb4_4&#8243; _builder_version=\u00bb4.7.7&#8243; _module_preset=\u00bbdefault\u00bb background_color=\u00bb#0c71c3&#8243; custom_padding=\u00bb||3px||false|false\u00bb][et_pb_text _builder_version=\u00bb4.7.7&#8243; _module_preset=\u00bbdefault\u00bb custom_margin=\u00bb||-1px|||\u00bb custom_padding=\u00bb10px|60px|10px|60px|false|false\u00bb]<span style=\"color: #ffffff;\">El Colegio de Bibliotec\u00f3logos del Per\u00fa (CBP) consciente de la labor profesional que realiza el bibliotec\u00f3logo y conocedores del sentir de los colegiados que requieren actualizarse constantemente ha programado el evento denominado seminario internacional Tendencias de las bibliotecas en el marco de los objetivos de desarrollo sostenible 2030 en conmemoraci\u00f3n del d\u00eda bibliotec\u00f3logo el 14 de noviembre del 2023.<\/span>[\/et_pb_text][\/et_pb_column][\/et_pb_row][et_pb_row _builder_version=\u00bb4.7.7&#8243; _module_preset=\u00bbdefault\u00bb custom_margin=\u00bb|auto|2px|auto||\u00bb custom_padding=\u00bb0px||0px|||\u00bb][et_pb_column type=\u00bb4_4&#8243; _builder_version=\u00bb4.7.7&#8243; _module_preset=\u00bbdefault\u00bb][et_pb_divider show_divider=\u00bboff\u00bb _builder_version=\u00bb4.7.7&#8243; _module_preset=\u00bbdefault\u00bb custom_margin=\u00bb17px|||||\u00bb custom_padding=\u00bb0px||0px|||\u00bb][\/et_pb_divider][\/et_pb_column][\/et_pb_row][et_pb_row _builder_version=\u00bb4.7.7&#8243; _module_preset=\u00bbdefault\u00bb background_color=\u00bb#ffffff\u00bb][et_pb_column type=\u00bb4_4&#8243; _builder_version=\u00bb4.7.7&#8243; _module_preset=\u00bbdefault\u00bb][et_pb_text _builder_version=\u00bb4.7.7&#8243; _module_preset=\u00bbdefault\u00bb background_color=\u00bb#ffffff\u00bb]<\/p>\n<h1 style=\"text-align: center;\"><span style=\"text-decoration: underline;\">Objetivo general<\/span><\/h1>\n<p>[\/et_pb_text][\/et_pb_column][\/et_pb_row][et_pb_row _builder_version=\u00bb4.7.7&#8243; _module_preset=\u00bbdefault\u00bb background_color=\u00bb#0c71c3&#8243;][et_pb_column type=\u00bb4_4&#8243; _builder_version=\u00bb4.7.7&#8243; _module_preset=\u00bbdefault\u00bb background_color=\u00bb#0c71c3&#8243;][et_pb_text _builder_version=\u00bb4.7.7&#8243; _module_preset=\u00bbdefault\u00bb custom_padding=\u00bb10px|60px|10px|60px|false|false\u00bb]<span style=\"text-decoration: underline;\"><span style=\"color: #ffffff; text-decoration: underline;\">Objetivo general<\/span><\/span><br \/>\n<span style=\"color: #ffffff;\">Conocer las tendencias y enfoques de las bibliotecas en el marco de las ODS.<\/span>[\/et_pb_text][\/et_pb_column][\/et_pb_row][et_pb_row _builder_version=\u00bb4.7.7&#8243; _module_preset=\u00bbdefault\u00bb background_color=\u00bb#ffffff\u00bb][et_pb_column type=\u00bb4_4&#8243; _builder_version=\u00bb4.7.7&#8243; _module_preset=\u00bbdefault\u00bb][et_pb_text _builder_version=\u00bb4.7.7&#8243; _module_preset=\u00bbdefault\u00bb background_color=\u00bb#ffffff\u00bb]<\/p>\n<h1 style=\"text-align: center;\"><span style=\"text-decoration: underline;\">Objetivos espec\u00edficos<\/span><\/h1>\n<p>[\/et_pb_text][\/et_pb_column][\/et_pb_row][et_pb_row _builder_version=\u00bb4.7.7&#8243; _module_preset=\u00bbdefault\u00bb background_color=\u00bb#0c71c3&#8243;][et_pb_column type=\u00bb4_4&#8243; _builder_version=\u00bb4.7.7&#8243; _module_preset=\u00bbdefault\u00bb background_color=\u00bb#0c71c3&#8243;][et_pb_text _builder_version=\u00bb4.7.7&#8243; _module_preset=\u00bbdefault\u00bb text_text_color=\u00bb#ffffff\u00bb custom_padding=\u00bb10px|60px|10px|60px|false|false\u00bb]<span style=\"text-decoration: underline; color: #ffffff;\"><span>Objetivos espec\u00edficos<\/span><\/span><\/p>\n<ul>\n<li><span style=\"color: #ffffff;\">Presentar las l\u00edneas de desarrollo profesional de los bibliotec\u00f3logos<\/span><\/li>\n<li><span style=\"color: #ffffff;\">Identificar las tendencias de la inserci\u00f3n de las tecnolog\u00edas de avanzada en las bibliotecas del futuro.<\/span><\/li>\n<li><span style=\"color: #ffffff;\">Conocer el grado de compromiso de las bibliotecas con las ODS.<\/span><\/li>\n<li><span style=\"color: #ffffff;\">Conocer el nivel de la investigaci\u00f3n bibliotecol\u00f3gica en el pa\u00eds.<\/span><\/li>\n<li><span style=\"color: #ffffff;\">Intercambiar experiencias entre los colegas a nivel nacional e internacional<\/span><\/li>\n<\/ul>\n<p>[\/et_pb_text][\/et_pb_column][\/et_pb_row][et_pb_row _builder_version=\u00bb4.7.7&#8243; _module_preset=\u00bbdefault\u00bb custom_margin=\u00bb|auto|-1px|auto||\u00bb custom_padding=\u00bb||0px|||\u00bb][et_pb_column type=\u00bb4_4&#8243; _builder_version=\u00bb4.7.7&#8243; _module_preset=\u00bbdefault\u00bb][\/et_pb_column][\/et_pb_row][et_pb_row _builder_version=\u00bb4.7.7&#8243; _module_preset=\u00bbdefault\u00bb background_color=\u00bb#0c71c3&#8243;][et_pb_column type=\u00bb4_4&#8243; _builder_version=\u00bb4.7.7&#8243; _module_preset=\u00bbdefault\u00bb][et_pb_text _builder_version=\u00bb4.7.7&#8243; _module_preset=\u00bbdefault\u00bb text_text_color=\u00bb#ffffff\u00bb background_color=\u00bb#0c71c3&#8243; custom_padding=\u00bb|60px||60px|false|false\u00bb]<\/p>\n<p>El viernes 3 de noviembre, la agenda del evento se desarrollar\u00e1 de la siguiente manera:<\/p>\n<ul>\n<li>De 9 a 10 de la ma\u00f1ana, se llevar\u00e1 a cabo el registro de los asistentes y la ceremonia de inauguraci\u00f3n.<\/li>\n<li>A partir de las 10 en punto, se dar\u00e1 inicio al curso taller sobre \u00abDise\u00f1o de Estrategias de B\u00fasqueda con ChatGPT.\u00bb<\/li>\n<li>Entre las 11:30 y las 12:30 horas, se llevar\u00e1 a cabo una videoconferencia desde Espa\u00f1a, relacionada con el eje tem\u00e1tico de \u00abCiencia Abierta.\u00bb A continuaci\u00f3n, se proceder\u00e1 con la sesi\u00f3n de presentaci\u00f3n de p\u00f3steres.<\/li>\n<li>Posteriormente, el coorganizador CONCYTEC presentar\u00e1 su primera conferencia sobre \u00abCiencia Abierta,\u00bb que se extender\u00e1 hasta las 14 horas.<br \/>De 15 a 17 horas, se desarrollar\u00e1n dos conferencias enmarcadas en el eje tem\u00e1tico de \u00abProyecci\u00f3n Social.\u00bb<\/li>\n<li>Finalmente, de 17 a 19 horas, se llevar\u00e1n a cabo dos conferencias relacionadas con el eje tem\u00e1tico de \u00abHerramientas Tecnol\u00f3gicas e Inteligencia Artificial.\u00bb<\/li>\n<\/ul>\n<p>[\/et_pb_text][\/et_pb_column][\/et_pb_row][et_pb_row _builder_version=\u00bb4.7.7&#8243; _module_preset=\u00bbdefault\u00bb custom_margin=\u00bb|auto|-1px|auto||\u00bb custom_padding=\u00bb||0px|||\u00bb][et_pb_column type=\u00bb4_4&#8243; _builder_version=\u00bb4.7.7&#8243; _module_preset=\u00bbdefault\u00bb][\/et_pb_column][\/et_pb_row][et_pb_row _builder_version=\u00bb4.7.7&#8243; _module_preset=\u00bbdefault\u00bb background_color=\u00bb#0c71c3&#8243;][et_pb_column type=\u00bb4_4&#8243; _builder_version=\u00bb4.7.7&#8243; _module_preset=\u00bbdefault\u00bb][et_pb_text _builder_version=\u00bb4.7.7&#8243; _module_preset=\u00bbdefault\u00bb text_text_color=\u00bb#ffffff\u00bb background_color=\u00bb#0c71c3&#8243; custom_padding=\u00bb|60px||60px|false|false\u00bb]<\/p>\n<p>El s\u00e1bado 4 de noviembre, a las 09:00 horas, comenzar\u00e1 el curso taller sobre el Uso de las Reglas RDA: Pautas Fundamentales para Bibliotecas. Luego, se llevar\u00e1 a cabo una sesi\u00f3n de posters.<\/p>\n<ul>\n<li>Desde las 11:00 hasta las 14:00 horas, se realizar\u00e1n dos conferencias relacionadas con el eje tem\u00e1tico de inteligencia artificial, que incluir\u00e1n un conversatorio entre universidades. Despu\u00e9s de estas conferencias, habr\u00e1 otra sesi\u00f3n de posters.<\/li>\n<li>A partir de las 15:00 horas, se llevar\u00e1n a cabo dos conferencias relacionadas con el eje tem\u00e1tico de ciencia abierta, patrocinadas por nuestro coorganizador CONCYTEC.<\/li>\n<li>A las 16:30 horas, tendr\u00e1 lugar la conferencia magistral asociada al eje tem\u00e1tico de herramientas tecnol\u00f3gicas.<br \/>Finalmente, de 17:30 a 19:00 horas, se realizar\u00e1 la clausura del evento, que incluir\u00e1 la premiaci\u00f3n de los posters ganadores, las palabras de clausura de la Decana y una presentaci\u00f3n musical.<\/li>\n<\/ul>\n<p>[\/et_pb_text][\/et_pb_column][\/et_pb_row][et_pb_row _builder_version=\u00bb4.7.7&#8243; _module_preset=\u00bbdefault\u00bb background_color=\u00bb#ffffff\u00bb height=\u00bb70px\u00bb custom_padding=\u00bb20px|||||\u00bb][et_pb_column type=\u00bb4_4&#8243; _builder_version=\u00bb4.7.7&#8243; _module_preset=\u00bbdefault\u00bb background_color=\u00bb#ffffff\u00bb][et_pb_text _builder_version=\u00bb4.7.7&#8243; _module_preset=\u00bbdefault\u00bb background_color=\u00bb#ffffff\u00bb custom_padding=\u00bb0px|60px||60px|false|false\u00bb hover_enabled=\u00bb0&#8243; sticky_enabled=\u00bb0&#8243;]<\/p>\n<h3 style=\"text-align: center;\"><span style=\"color: #0000ff;\"><a href=\"https:\/\/bibliotecologos.pe\/wp-content\/uploads\/2023\/10\/Programa-Seminario-11102023.docx.pdf\" target=\"_blank\" rel=\"noopener noreferrer\" style=\"color: #0000ff;\"><span style=\"text-decoration: underline;\">Ver Programa Completo<\/span><\/a><\/span><\/h3>\n<p>[\/et_pb_text][\/et_pb_column][\/et_pb_row][et_pb_row _builder_version=\u00bb4.7.7&#8243; _module_preset=\u00bbdefault\u00bb custom_margin=\u00bb-1px|auto|-1px|auto||\u00bb custom_padding=\u00bb||0px|||\u00bb][et_pb_column type=\u00bb4_4&#8243; _builder_version=\u00bb4.7.7&#8243; _module_preset=\u00bbdefault\u00bb][\/et_pb_column][\/et_pb_row][\/et_pb_section][et_pb_section fb_built=\u00bb1&#8243; _builder_version=\u00bb4.7.7&#8243; _module_preset=\u00bbdefault\u00bb custom_margin=\u00bb-5px||||false|false\u00bb custom_padding=\u00bb0px||3px|||\u00bb global_module=\u00bb2677&#8243; saved_tabs=\u00bball\u00bb][et_pb_row column_structure=\u00bb1_4,1_4,1_4,1_4&#8243; _builder_version=\u00bb4.7.7&#8243; _module_preset=\u00bbdefault\u00bb custom_margin=\u00bb89px|auto||auto||\u00bb][et_pb_column type=\u00bb1_4&#8243; _builder_version=\u00bb4.7.7&#8243; _module_preset=\u00bbdefault\u00bb][\/et_pb_column][et_pb_column type=\u00bb1_4&#8243; _builder_version=\u00bb4.7.7&#8243; _module_preset=\u00bbdefault\u00bb][\/et_pb_column][et_pb_column type=\u00bb1_4&#8243; _builder_version=\u00bb4.7.7&#8243; _module_preset=\u00bbdefault\u00bb][\/et_pb_column][et_pb_column type=\u00bb1_4&#8243; _builder_version=\u00bb4.7.7&#8243; _module_preset=\u00bbdefault\u00bb][\/et_pb_column][\/et_pb_row][\/et_pb_section][et_pb_section fb_built=\u00bb1&#8243; _builder_version=\u00bb4.7.7&#8243; _module_preset=\u00bbdefault\u00bb background_color=\u00bb#f0b800&#8243; custom_padding=\u00bb21px||41px|||\u00bb global_module=\u00bb2641&#8243; saved_tabs=\u00bball\u00bb][et_pb_row _builder_version=\u00bb4.7.7&#8243; _module_preset=\u00bbdefault\u00bb][et_pb_column type=\u00bb4_4&#8243; _builder_version=\u00bb4.7.7&#8243; _module_preset=\u00bbdefault\u00bb][et_pb_text _builder_version=\u00bb4.7.7&#8243; _module_preset=\u00bbdefault\u00bb text_text_color=\u00bb#000000&#8243; text_font_size=\u00bb23px\u00bb text_line_height=\u00bb0.9em\u00bb header_font_size=\u00bb39px\u00bb]<\/p>\n<p style=\"text-align: center;\"><strong>03 de noviembre<\/strong><br \/> \u2022 Curso-Taller: Dise\u00f1o de estrategias de b\u00fasqueda con ChatGPT<\/p>\n<p style=\"text-align: center;\"><strong>04 de noviembre<\/strong><br \/> \u2022 Curso-Taller: \u00abUso de las Reglas RDA: Pautas Fundamentales para Bibliotecas<\/p>\n<p style=\"text-align: center;\"><strong>Seminario Internacional \u00abTendencias de las Bibliotecas en el Marco de los Objetivos de Desarrollo Sostenible 2030\u00bb<\/strong><br \/> 3 y 4 de noviembre 2023<br \/> Teatro Auditorio Mario Vargas Llosa<br \/> Biblioteca Nacional del Per\u00fa. Av. De la Poes\u00eda 160, San Borja.<\/p>\n<p>[\/et_pb_text][\/et_pb_column][\/et_pb_row][\/et_pb_section][et_pb_section fb_built=\u00bb1&#8243; _builder_version=\u00bb4.7.7&#8243; _module_preset=\u00bbdefault\u00bb background_color=\u00bb#0c71c3&#8243; custom_padding=\u00bb0px||0px|||\u00bb global_module=\u00bb2731&#8243;][et_pb_row column_structure=\u00bb1_4,1_4,1_4,1_4&#8243; _builder_version=\u00bb4.7.7&#8243; _module_preset=\u00bbdefault\u00bb][et_pb_column type=\u00bb1_4&#8243; _builder_version=\u00bb4.7.7&#8243; _module_preset=\u00bbdefault\u00bb][et_pb_image src=\u00bbhttps:\/\/bibliotecologos.pe\/wp-content\/uploads\/2023\/09\/logo-ODS-CBP-150&#215;150.jpg\u00bb title_text=\u00bblogo ODS CBP\u00bb align=\u00bbleft\u00bb _builder_version=\u00bb4.7.7&#8243; _module_preset=\u00bbdefault\u00bb][\/et_pb_image][et_pb_text _builder_version=\u00bb4.7.7&#8243; _module_preset=\u00bbdefault\u00bb text_text_color=\u00bb#ffffff\u00bb]<\/p>\n<p>Seminario Internacional: \u00abTendencias de las bibliotecas en el marco de los objetivos de desarrollo sostenible 2030\u00bb a realizarse los d\u00edas 03 y 04 de noviembre de 2023.<\/p>\n<p>[\/et_pb_text][\/et_pb_column][et_pb_column type=\u00bb1_4&#8243; _builder_version=\u00bb4.7.7&#8243; _module_preset=\u00bbdefault\u00bb][\/et_pb_column][et_pb_column type=\u00bb1_4&#8243; _builder_version=\u00bb4.7.7&#8243; _module_preset=\u00bbdefault\u00bb][et_pb_text _builder_version=\u00bb4.7.7&#8243; _module_preset=\u00bbdefault\u00bb text_text_color=\u00bb#ffffff\u00bb]<\/p>\n<p>Accesos R\u00e1pidos<\/p>\n<p><a href=\"https:\/\/bibliotecologos.pe\/index.php\/tendenciasbibliotecasods\/\">Inicio<\/a><\/p>\n<p><a href=\"https:\/\/bibliotecologos.pe\/index.php\/presentacion\/\">Presentaci\u00f3n<\/a><\/p>\n<p>[\/et_pb_text][\/et_pb_column][et_pb_column type=\u00bb1_4&#8243; _builder_version=\u00bb4.7.7&#8243; _module_preset=\u00bbdefault\u00bb][et_pb_text _builder_version=\u00bb4.7.7&#8243; _module_preset=\u00bbdefault\u00bb text_text_color=\u00bb#ffffff\u00bb custom_margin=\u00bb|-76px||||\u00bb]<\/p>\n<p><span style=\"text-decoration: underline;\">Cont\u00e1ctenos<\/span><\/p>\n<p><span>WhatsApp:\u00a0<\/span>(+51)\u00a0986 467 369<\/p>\n<p><span style=\"color: #00ffff;\"><a href=\"mailto:bibliotecologosperu@bibliotecologos.pe\" style=\"color: #00ffff;\">bibliotecologosperu@bibliotecologos.pe<\/a><\/span><\/p>\n<p>Twitter:\u00a0<span>@cbiblioperu<\/span><\/p>\n<p><span>Facebook:\u00a0ColegiodeBibliotecologosdelPeru<\/span><\/p>\n<p>[\/et_pb_text][\/et_pb_column][\/et_pb_row][\/et_pb_section][et_pb_section fb_built=\u00bb1&#8243; _builder_version=\u00bb4.7.7&#8243; _module_preset=\u00bbdefault\u00bb background_color=\u00bb#00457a\u00bb custom_padding=\u00bb0px||0px|||\u00bb global_module=\u00bb2732&#8243; saved_tabs=\u00bball\u00bb][et_pb_row column_structure=\u00bb3_4,1_4&#8243; _builder_version=\u00bb4.7.7&#8243; _module_preset=\u00bbdefault\u00bb custom_padding=\u00bb8px||13px|||\u00bb][et_pb_column type=\u00bb3_4&#8243; _builder_version=\u00bb4.7.7&#8243; _module_preset=\u00bbdefault\u00bb][et_pb_text _builder_version=\u00bb4.7.7&#8243; _module_preset=\u00bbdefault\u00bb]<\/p>\n<p><span style=\"color: #ffffff;\"><span style=\"color: #ffff00;\">Copyright \u00a92023 Colegio de Bibliotec\u00f3logos del Per\u00fa<\/span> \u2502<span style=\"color: #00ff00;\"> Seminario Internacional: \u00abTendencias de las bibliotecas en el marco de los objetivos de desarrollo sostenible 2030\u00bb 2023<\/span>. <span style=\"color: #ffff00;\">Todos los Derechos Reservados. Colegio de Bibliotec\u00f3logos del Per\u00fa<\/span><\/span><\/p>\n<p>[\/et_pb_text][\/et_pb_column][et_pb_column type=\u00bb1_4&#8243; _builder_version=\u00bb4.7.7&#8243; _module_preset=\u00bbdefault\u00bb][et_pb_code _builder_version=\u00bb4.7.7&#8243; _module_preset=\u00bbdefault\u00bb]<\/p>\n<div class=\"redes-sociales\"><!-- [et_pb_line_break_holder] -->  <a href=\"https:\/\/www.facebook.com\/ColegiodeBibliotecologosdelPeru\/\" target=\"_blank\" rel=\"noopener\"><!-- [et_pb_line_break_holder] -->    <img loading=\"lazy\" decoding=\"async\" src=\"https:\/\/bibliotecologos.pe\/wp-content\/uploads\/2023\/09\/facebook-icon.png\" alt=\"Facebook\" width=\"24\" height=\"24\"><!-- [et_pb_line_break_holder] -->  <\/a><!-- [et_pb_line_break_holder] -->  <a href=\"https:\/\/twitter.com\/cbiblioperu\" target=\"_blank\" rel=\"noopener\"><!-- [et_pb_line_break_holder] -->    <img loading=\"lazy\" decoding=\"async\" src=\"https:\/\/bibliotecologos.pe\/wp-content\/uploads\/2023\/09\/twitter.png\" alt=\"Twitter\" width=\"24\" height=\"24\"><!-- [et_pb_line_break_holder] -->  <\/a><!-- [et_pb_line_break_holder] -->  <a href=\"https:\/\/www.linkedin.com\/in\/colegiobibliotecologosperu\/\" target=\"_blank\" rel=\"noopener\"><!-- [et_pb_line_break_holder] -->    <img loading=\"lazy\" decoding=\"async\" src=\"https:\/\/bibliotecologos.pe\/wp-content\/uploads\/2023\/09\/linkedin.png\" alt=\"LinkedIn\" width=\"24\" height=\"24\"><!-- [et_pb_line_break_holder] -->  <\/a><!-- [et_pb_line_break_holder] --><\/div>\n<p>[\/et_pb_code][\/et_pb_column][\/et_pb_row][\/et_pb_section]<\/p>\n","protected":false},"excerpt":{"rendered":"<p>[et_pb_section fb_built=\u00bb1&#8243; admin_label=\u00bbsection\u00bb _builder_version=\u00bb4.7.7&#8243; use_background_color_gradient=\u00bbon\u00bb background_image=\u00bbhttps:\/\/bibliotecologos.pe\/wp-content\/uploads\/2022\/04\/Coleccion-4.jpg\u00bb min_height=\u00bb728.6px\u00bb custom_margin=\u00bb||-90px|||\u00bb custom_padding=\u00bb||18px|||\u00bb][et_pb_row column_structure=\u00bb1_5,3_5,1_5&#8243; use_custom_gutter=\u00bbon\u00bb gutter_width=\u00bb1&#8243; make_equal=\u00bbon\u00bb admin_label=\u00bbrow\u00bb _builder_version=\u00bb4.7.7&#8243; background_color=\u00bb#ffffff\u00bb background_size=\u00bbinitial\u00bb background_position=\u00bbtop_left\u00bb background_repeat=\u00bbrepeat\u00bb width=\u00bb90%\u00bb max_width=\u00bb1273px\u00bb module_alignment=\u00bbcenter\u00bb custom_margin=\u00bb|0px||0px|false|false\u00bb custom_padding=\u00bb0px||0px||false|false\u00bb global_module=\u00bb2637&#8243; saved_tabs=\u00bball\u00bb][et_pb_column type=\u00bb1_5&#8243; _builder_version=\u00bb4.7.7&#8243; custom_padding=\u00bb|||\u00bb custom_padding__hover=\u00bb|||\u00bb][et_pb_image src=\u00bbhttps:\/\/bibliotecologos.pe\/wp-content\/uploads\/2023\/09\/logotipoCBP.png\u00bb title_text=\u00bblogotipoCBP\u00bb url=\u00bbhttps:\/\/bibliotecologos.pe\/index.php\/tendenciasbibliotecasods\/\u00bb _builder_version=\u00bb4.7.7&#8243; _module_preset=\u00bbdefault\u00bb][\/et_pb_image][\/et_pb_column][et_pb_column type=\u00bb3_5&#8243; _builder_version=\u00bb4.7.7&#8243; custom_padding=\u00bb|||\u00bb custom_padding__hover=\u00bb|||\u00bb][et_pb_menu menu_id=\u00bb24&#8243; menu_style=\u00bbcentered\u00bb _builder_version=\u00bb4.7.7&#8243; _module_preset=\u00bbdefault\u00bb menu_font=\u00bb|700||on|||||\u00bb menu_font_size=\u00bb17px\u00bb module_alignment=\u00bbcenter\u00bb min_height=\u00bb25px\u00bb custom_margin=\u00bb14px|||0px|false|false\u00bb custom_padding=\u00bb0px|||0px|false|false\u00bb][\/et_pb_menu][\/et_pb_column][et_pb_column type=\u00bb1_5&#8243; _builder_version=\u00bb4.7.7&#8243; custom_padding=\u00bb|||\u00bb custom_padding__hover=\u00bb|||\u00bb][et_pb_code _builder_version=\u00bb4.7.7&#8243; _module_preset=\u00bbdefault\u00bb [&hellip;]<\/p>\n","protected":false},"author":4,"featured_media":0,"parent":0,"menu_order":0,"comment_status":"closed","ping_status":"closed","template":"page-template-blank.php","meta":{"_et_pb_use_builder":"on","_et_pb_old_content":"","_et_gb_content_width":"","_monsterinsights_skip_tracking":false,"_monsterinsights_sitenote_active":false,"_monsterinsights_sitenote_note":"","_monsterinsights_sitenote_category":0,"_joinchat":[],"footnotes":""},"_links":{"self":[{"href":"https:\/\/bibliotecologos.pe\/index.php\/wp-json\/wp\/v2\/pages\/2711"}],"collection":[{"href":"https:\/\/bibliotecologos.pe\/index.php\/wp-json\/wp\/v2\/pages"}],"about":[{"href":"https:\/\/bibliotecologos.pe\/index.php\/wp-json\/wp\/v2\/types\/page"}],"author":[{"embeddable":true,"href":"https:\/\/bibliotecologos.pe\/index.php\/wp-json\/wp\/v2\/users\/4"}],"replies":[{"embeddable":true,"href":"https:\/\/bibliotecologos.pe\/index.php\/wp-json\/wp\/v2\/comments?post=2711"}],"version-history":[{"count":12,"href":"https:\/\/bibliotecologos.pe\/index.php\/wp-json\/wp\/v2\/pages\/2711\/revisions"}],"predecessor-version":[{"id":3075,"href":"https:\/\/bibliotecologos.pe\/index.php\/wp-json\/wp\/v2\/pages\/2711\/revisions\/3075"}],"wp:attachment":[{"href":"https:\/\/bibliotecologos.pe\/index.php\/wp-json\/wp\/v2\/media?parent=2711"}],"curies":[{"name":"wp","href":"https:\/\/api.w.org\/{rel}","templated":true}]}}