

{"id":2766,"date":"2023-10-03T03:10:53","date_gmt":"2023-10-03T03:10:53","guid":{"rendered":"https:\/\/bibliotecologos.pe\/?page_id=2766"},"modified":"2025-07-13T18:06:16","modified_gmt":"2025-07-13T18:06:16","slug":"bienvenida","status":"publish","type":"page","link":"https:\/\/bibliotecologos.pe\/index.php\/bienvenida\/","title":{"rendered":"Bienvenida"},"content":{"rendered":"<p>[et_pb_section fb_built=\u00bb1&#8243; admin_label=\u00bbsection\u00bb _builder_version=\u00bb4.7.7&#8243; use_background_color_gradient=\u00bbon\u00bb background_image=\u00bbhttps:\/\/bibliotecologos.pe\/wp-content\/uploads\/2022\/04\/Coleccion-4.jpg\u00bb min_height=\u00bb728.6px\u00bb custom_margin=\u00bb||-90px|||\u00bb custom_padding=\u00bb||18px|||\u00bb][et_pb_row column_structure=\u00bb1_5,3_5,1_5&#8243; use_custom_gutter=\u00bbon\u00bb gutter_width=\u00bb1&#8243; make_equal=\u00bbon\u00bb admin_label=\u00bbrow\u00bb _builder_version=\u00bb4.7.7&#8243; background_color=\u00bb#ffffff\u00bb background_size=\u00bbinitial\u00bb background_position=\u00bbtop_left\u00bb background_repeat=\u00bbrepeat\u00bb width=\u00bb90%\u00bb max_width=\u00bb1273px\u00bb module_alignment=\u00bbcenter\u00bb custom_margin=\u00bb|0px||0px|false|false\u00bb custom_padding=\u00bb0px||0px||false|false\u00bb global_module=\u00bb2637&#8243; saved_tabs=\u00bball\u00bb][et_pb_column type=\u00bb1_5&#8243; _builder_version=\u00bb4.7.7&#8243; custom_padding=\u00bb|||\u00bb custom_padding__hover=\u00bb|||\u00bb][et_pb_image src=\u00bbhttps:\/\/bibliotecologos.pe\/wp-content\/uploads\/2023\/09\/logotipoCBP.png\u00bb title_text=\u00bblogotipoCBP\u00bb url=\u00bbhttps:\/\/bibliotecologos.pe\/index.php\/tendenciasbibliotecasods\/\u00bb _builder_version=\u00bb4.7.7&#8243; _module_preset=\u00bbdefault\u00bb][\/et_pb_image][\/et_pb_column][et_pb_column type=\u00bb3_5&#8243; _builder_version=\u00bb4.7.7&#8243; custom_padding=\u00bb|||\u00bb custom_padding__hover=\u00bb|||\u00bb][et_pb_menu menu_id=\u00bb24&#8243; menu_style=\u00bbcentered\u00bb _builder_version=\u00bb4.7.7&#8243; _module_preset=\u00bbdefault\u00bb menu_font=\u00bb|700||on|||||\u00bb menu_font_size=\u00bb17px\u00bb module_alignment=\u00bbcenter\u00bb min_height=\u00bb25px\u00bb custom_margin=\u00bb14px|||0px|false|false\u00bb custom_padding=\u00bb0px|||0px|false|false\u00bb][\/et_pb_menu][\/et_pb_column][et_pb_column type=\u00bb1_5&#8243; _builder_version=\u00bb4.7.7&#8243; custom_padding=\u00bb|||\u00bb custom_padding__hover=\u00bb|||\u00bb][et_pb_code _builder_version=\u00bb4.7.7&#8243; _module_preset=\u00bbdefault\u00bb text_orientation=\u00bbcenter\u00bb module_alignment=\u00bbcenter\u00bb custom_margin=\u00bb15px||||false|false\u00bb]<\/p>\n<div class=\"redes-sociales\"><!-- [et_pb_line_break_holder] -->  <a href=\"https:\/\/www.facebook.com\/\" target=\"_blank\" rel=\"noopener\"><!-- [et_pb_line_break_holder] -->    <img loading=\"lazy\" decoding=\"async\" src=\"https:\/\/bibliotecologos.pe\/wp-content\/uploads\/2023\/09\/facebook-icon.png\" alt=\"Facebook\" width=\"24\" height=\"24\"><!-- [et_pb_line_break_holder] -->  <\/a><!-- [et_pb_line_break_holder] -->  <a href=\"https:\/\/twitter.com\/\" target=\"_blank\" rel=\"noopener\"><!-- [et_pb_line_break_holder] -->    <img loading=\"lazy\" decoding=\"async\" src=\"https:\/\/bibliotecologos.pe\/wp-content\/uploads\/2023\/09\/twitter.png\" alt=\"Twitter\" width=\"24\" height=\"24\"><!-- [et_pb_line_break_holder] -->  <\/a><!-- [et_pb_line_break_holder] -->  <a href=\"https:\/\/www.linkedin.com\/\" target=\"_blank\" rel=\"noopener\"><!-- [et_pb_line_break_holder] -->    <img loading=\"lazy\" decoding=\"async\" src=\"https:\/\/bibliotecologos.pe\/wp-content\/uploads\/2023\/09\/linkedin.png\" alt=\"LinkedIn\" width=\"24\" height=\"24\"><!-- [et_pb_line_break_holder] -->  <\/a><!-- [et_pb_line_break_holder] --><\/div>\n<p>[\/et_pb_code][\/et_pb_column][\/et_pb_row][et_pb_row _builder_version=\u00bb4.7.7&#8243; _module_preset=\u00bbdefault\u00bb][et_pb_column type=\u00bb4_4&#8243; _builder_version=\u00bb4.7.7&#8243; _module_preset=\u00bbdefault\u00bb][et_pb_divider show_divider=\u00bboff\u00bb _builder_version=\u00bb4.7.7&#8243; _module_preset=\u00bbdefault\u00bb min_height=\u00bb0px\u00bb custom_padding=\u00bb||11px|||\u00bb][\/et_pb_divider][\/et_pb_column][\/et_pb_row][et_pb_row _builder_version=\u00bb4.7.7&#8243; _module_preset=\u00bbdefault\u00bb background_color=\u00bbrgba(71,71,71,0.8)\u00bb min_height=\u00bb88.3px\u00bb][et_pb_column type=\u00bb4_4&#8243; _builder_version=\u00bb4.7.7&#8243; _module_preset=\u00bbdefault\u00bb][et_pb_text _builder_version=\u00bb4.7.7&#8243; _module_preset=\u00bbdefault\u00bb text_font=\u00bb||||||||\u00bb text_text_color=\u00bbrgba(0,0,0,0)\u00bb text_font_size=\u00bb27px\u00bb header_text_align=\u00bbleft\u00bb header_text_color=\u00bbrgba(0,0,0,0)\u00bb header_font_size=\u00bb47px\u00bb background_color=\u00bbrgba(0,0,0,0)\u00bb custom_margin=\u00bb1px|||||\u00bb custom_padding=\u00bb||0px|||\u00bb header_text_shadow_style=\u00bbpreset2&#8243; header_text_shadow_horizontal_length=\u00bb0em\u00bb header_text_shadow_vertical_length=\u00bb0em\u00bb header_text_shadow_blur_strength=\u00bb0em\u00bb header_text_shadow_color=\u00bbrgba(0,0,0,0)\u00bb box_shadow_style=\u00bbpreset1&#8243; box_shadow_vertical=\u00bb0px\u00bb box_shadow_blur=\u00bb0px\u00bb box_shadow_spread=\u00bb14px\u00bb box_shadow_color=\u00bbrgba(0,0,0,0)\u00bb]<\/p>\n<p style=\"text-align: center;\"><span style=\"color: #ffffff;\">\u00a1Bienvenidos al Seminario Internacional<\/span><br \/>\n<span style=\"color: #ffffff;\"> \u201cTendencias de las Bibliotecas en el Marco de los Objetivos de Desarrollo Sostenible 2030\u201d!<\/span><\/p>\n<p>[\/et_pb_text][\/et_pb_column][\/et_pb_row][et_pb_row _builder_version=\u00bb4.7.7&#8243; _module_preset=\u00bbdefault\u00bb][et_pb_column type=\u00bb4_4&#8243; _builder_version=\u00bb4.7.7&#8243; _module_preset=\u00bbdefault\u00bb][et_pb_divider show_divider=\u00bboff\u00bb _builder_version=\u00bb4.7.7&#8243; _module_preset=\u00bbdefault\u00bb][\/et_pb_divider][\/et_pb_column][\/et_pb_row][et_pb_row _builder_version=\u00bb4.7.7&#8243; _module_preset=\u00bbdefault\u00bb background_color=\u00bbrgba(71,71,71,0.8)\u00bb custom_padding=\u00bb0px|0px||||\u00bb][et_pb_column type=\u00bb4_4&#8243; _builder_version=\u00bb4.7.7&#8243; _module_preset=\u00bbdefault\u00bb][et_pb_text _builder_version=\u00bb4.7.7&#8243; _module_preset=\u00bbdefault\u00bb ul_text_color=\u00bb#ffffff\u00bb custom_margin=\u00bb30px|0px||30px|false|false\u00bb]<span style=\"color: #ffffff;\">Queridos colegas y amigos,<\/span><\/p>\n<p><span style=\"color: #ffffff;\">Nos llena de alegr\u00eda darles una c\u00e1lida bienvenida a este evento tan especial. Este seminario ha sido cuidadosamente dise\u00f1ado para reunir a profesionales y l\u00edderes del mundo de la bibliotecolog\u00eda, as\u00ed como a todos aquellos apasionados por las bibliotecas y la informaci\u00f3n en nuestro pa\u00eds.<\/span><\/p>\n<p><span style=\"color: #ffffff;\">El prop\u00f3sito de este seminario es claro: explorar juntos c\u00f3mo las bibliotecas pueden desempe\u00f1ar un papel fundamental en la consecuci\u00f3n de los Objetivos de Desarrollo Sostenible para el a\u00f1o 2030. Estamos convencidos de que este encuentro se convertir\u00e1 en una fuente valiosa de aprendizaje y colaboraci\u00f3n, donde podremos actualizar nuestros conocimientos y reafirmar nuestro compromiso con un futuro m\u00e1s sostenible.<\/span><\/p>\n<p><span style=\"color: #ffffff;\">Extendemos nuestra invitaci\u00f3n a todas las bibliotecas, sin importar su enfoque o tama\u00f1o, ya sean universitarias, acad\u00e9micas, especializadas, centros de investigaci\u00f3n, bibliotecas p\u00fablicas o escolares. Todos son bienvenidos en esta iniciativa que busca promover el cambio positivo a trav\u00e9s del poder de la informaci\u00f3n y el conocimiento.<\/span><\/p>\n<p><span style=\"color: #ffffff;\">Este seminario es la oportunidad perfecta para mantenerse al tanto de las \u00faltimas tendencias y mejores pr\u00e1cticas en el \u00e1mbito de las bibliotecas, y para contribuir activamente a los Objetivos de Desarrollo Sostenible. Tambi\u00e9n queremos expresar nuestro agradecimiento a la Biblioteca Nacional por su generosa hospitalidad al compartir sus instalaciones con nosotros.<\/span><\/p>\n<p><span style=\"color: #ffffff;\">A los estudiantes de las escuelas acad\u00e9micas profesionales de Bibliotecolog\u00eda y Ciencias de la Informaci\u00f3n, as\u00ed como a todos los interesados en este relevante tema, les extendemos una invitaci\u00f3n especial para unirse a esta experiencia enriquecedora.<\/span><br \/>\n<span style=\"color: #ffffff;\">Lo mejor de todo es que la entrada a este seminario es completamente libre y gratuita. As\u00ed que los animamos a participar, aprender, y contribuir juntos a un mundo m\u00e1s sostenible a trav\u00e9s del poder de las bibliotecas.<\/span><\/p>\n<p style=\"text-align: center;\"><span style=\"color: #ffffff;\">Estamos ansiosos por compartir este viaje de aprendizaje y colaboraci\u00f3n con todos ustedes.<\/span><br \/>\n<span style=\"color: #ffffff;\">\u00a1Bienvenidos!<\/span><\/p>\n<p>[\/et_pb_text][\/et_pb_column][\/et_pb_row][et_pb_row _builder_version=\u00bb4.7.7&#8243; _module_preset=\u00bbdefault\u00bb][et_pb_column type=\u00bb4_4&#8243; _builder_version=\u00bb4.7.7&#8243; _module_preset=\u00bbdefault\u00bb][et_pb_divider show_divider=\u00bboff\u00bb _builder_version=\u00bb4.7.7&#8243; _module_preset=\u00bbdefault\u00bb][\/et_pb_divider][\/et_pb_column][\/et_pb_row][et_pb_row _builder_version=\u00bb4.7.7&#8243; _module_preset=\u00bbdefault\u00bb][et_pb_column type=\u00bb4_4&#8243; _builder_version=\u00bb4.7.7&#8243; _module_preset=\u00bbdefault\u00bb][et_pb_divider show_divider=\u00bboff\u00bb _builder_version=\u00bb4.7.7&#8243; _module_preset=\u00bbdefault\u00bb][\/et_pb_divider][\/et_pb_column][\/et_pb_row][et_pb_row _builder_version=\u00bb4.7.7&#8243; _module_preset=\u00bbdefault\u00bb custom_margin=\u00bb|auto|-41px|auto||\u00bb][et_pb_column type=\u00bb4_4&#8243; _builder_version=\u00bb4.7.7&#8243; _module_preset=\u00bbdefault\u00bb][et_pb_divider show_divider=\u00bboff\u00bb _builder_version=\u00bb4.7.7&#8243; _module_preset=\u00bbdefault\u00bb min_height=\u00bb0px\u00bb custom_padding=\u00bb0px||40px|||\u00bb][\/et_pb_divider][\/et_pb_column][\/et_pb_row][\/et_pb_section][et_pb_section fb_built=\u00bb1&#8243; _builder_version=\u00bb4.7.7&#8243; _module_preset=\u00bbdefault\u00bb custom_margin=\u00bb-5px||||false|false\u00bb custom_padding=\u00bb0px||3px|||\u00bb global_module=\u00bb2677&#8243; saved_tabs=\u00bball\u00bb][et_pb_row column_structure=\u00bb1_4,1_4,1_4,1_4&#8243; _builder_version=\u00bb4.7.7&#8243; _module_preset=\u00bbdefault\u00bb custom_margin=\u00bb89px|auto||auto||\u00bb][et_pb_column type=\u00bb1_4&#8243; _builder_version=\u00bb4.7.7&#8243; _module_preset=\u00bbdefault\u00bb][\/et_pb_column][et_pb_column type=\u00bb1_4&#8243; _builder_version=\u00bb4.7.7&#8243; _module_preset=\u00bbdefault\u00bb][\/et_pb_column][et_pb_column type=\u00bb1_4&#8243; _builder_version=\u00bb4.7.7&#8243; _module_preset=\u00bbdefault\u00bb][\/et_pb_column][et_pb_column type=\u00bb1_4&#8243; _builder_version=\u00bb4.7.7&#8243; _module_preset=\u00bbdefault\u00bb][\/et_pb_column][\/et_pb_row][\/et_pb_section][et_pb_section fb_built=\u00bb1&#8243; _builder_version=\u00bb4.7.7&#8243; _module_preset=\u00bbdefault\u00bb background_color=\u00bb#f0b800&#8243; custom_padding=\u00bb21px||41px|||\u00bb global_module=\u00bb2641&#8243; saved_tabs=\u00bball\u00bb][et_pb_row _builder_version=\u00bb4.7.7&#8243; _module_preset=\u00bbdefault\u00bb][et_pb_column type=\u00bb4_4&#8243; _builder_version=\u00bb4.7.7&#8243; _module_preset=\u00bbdefault\u00bb][et_pb_text _builder_version=\u00bb4.7.7&#8243; _module_preset=\u00bbdefault\u00bb text_text_color=\u00bb#000000&#8243; text_font_size=\u00bb23px\u00bb text_line_height=\u00bb0.9em\u00bb header_font_size=\u00bb39px\u00bb]<\/p>\n<p style=\"text-align: center;\"><strong>03 de noviembre<\/strong><br \/> \u2022 Curso-Taller: Dise\u00f1o de estrategias de b\u00fasqueda con ChatGPT<\/p>\n<p style=\"text-align: center;\"><strong>04 de noviembre<\/strong><br \/> \u2022 Curso-Taller: \u00abUso de las Reglas RDA: Pautas Fundamentales para Bibliotecas<\/p>\n<p style=\"text-align: center;\"><strong>Seminario Internacional \u00abTendencias de las Bibliotecas en el Marco de los Objetivos de Desarrollo Sostenible 2030\u00bb<\/strong><br \/> 3 y 4 de noviembre 2023<br \/> Teatro Auditorio Mario Vargas Llosa<br \/> Biblioteca Nacional del Per\u00fa. Av. De la Poes\u00eda 160, San Borja.<\/p>\n<p>[\/et_pb_text][\/et_pb_column][\/et_pb_row][\/et_pb_section][et_pb_section fb_built=\u00bb1&#8243; _builder_version=\u00bb4.7.7&#8243; _module_preset=\u00bbdefault\u00bb background_color=\u00bb#0c71c3&#8243; custom_padding=\u00bb0px||0px|||\u00bb global_module=\u00bb2731&#8243;][et_pb_row column_structure=\u00bb1_4,1_4,1_4,1_4&#8243; _builder_version=\u00bb4.7.7&#8243; _module_preset=\u00bbdefault\u00bb][et_pb_column type=\u00bb1_4&#8243; _builder_version=\u00bb4.7.7&#8243; _module_preset=\u00bbdefault\u00bb][et_pb_image src=\u00bbhttps:\/\/bibliotecologos.pe\/wp-content\/uploads\/2023\/09\/logo-ODS-CBP-150&#215;150.jpg\u00bb title_text=\u00bblogo ODS CBP\u00bb align=\u00bbleft\u00bb _builder_version=\u00bb4.7.7&#8243; _module_preset=\u00bbdefault\u00bb][\/et_pb_image][et_pb_text _builder_version=\u00bb4.7.7&#8243; _module_preset=\u00bbdefault\u00bb text_text_color=\u00bb#ffffff\u00bb]<\/p>\n<p>Seminario Internacional: \u00abTendencias de las bibliotecas en el marco de los objetivos de desarrollo sostenible 2030\u00bb a realizarse los d\u00edas 03 y 04 de noviembre de 2023.<\/p>\n<p>[\/et_pb_text][\/et_pb_column][et_pb_column type=\u00bb1_4&#8243; _builder_version=\u00bb4.7.7&#8243; _module_preset=\u00bbdefault\u00bb][\/et_pb_column][et_pb_column type=\u00bb1_4&#8243; _builder_version=\u00bb4.7.7&#8243; _module_preset=\u00bbdefault\u00bb][et_pb_text _builder_version=\u00bb4.7.7&#8243; _module_preset=\u00bbdefault\u00bb text_text_color=\u00bb#ffffff\u00bb]<\/p>\n<p>Accesos R\u00e1pidos<\/p>\n<p><a href=\"https:\/\/bibliotecologos.pe\/index.php\/tendenciasbibliotecasods\/\">Inicio<\/a><\/p>\n<p><a href=\"https:\/\/bibliotecologos.pe\/index.php\/presentacion\/\">Presentaci\u00f3n<\/a><\/p>\n<p>[\/et_pb_text][\/et_pb_column][et_pb_column type=\u00bb1_4&#8243; _builder_version=\u00bb4.7.7&#8243; _module_preset=\u00bbdefault\u00bb][et_pb_text _builder_version=\u00bb4.7.7&#8243; _module_preset=\u00bbdefault\u00bb text_text_color=\u00bb#ffffff\u00bb custom_margin=\u00bb|-76px||||\u00bb]<\/p>\n<p><span style=\"text-decoration: underline;\">Cont\u00e1ctenos<\/span><\/p>\n<p><span>WhatsApp:\u00a0<\/span>(+51)\u00a0986 467 369<\/p>\n<p><span style=\"color: #00ffff;\"><a href=\"mailto:bibliotecologosperu@bibliotecologos.pe\" style=\"color: #00ffff;\">bibliotecologosperu@bibliotecologos.pe<\/a><\/span><\/p>\n<p>Twitter:\u00a0<span>@cbiblioperu<\/span><\/p>\n<p><span>Facebook:\u00a0ColegiodeBibliotecologosdelPeru<\/span><\/p>\n<p>[\/et_pb_text][\/et_pb_column][\/et_pb_row][\/et_pb_section][et_pb_section fb_built=\u00bb1&#8243; _builder_version=\u00bb4.7.7&#8243; _module_preset=\u00bbdefault\u00bb background_color=\u00bb#00457a\u00bb custom_padding=\u00bb0px||0px|||\u00bb global_module=\u00bb2732&#8243;][et_pb_row column_structure=\u00bb3_4,1_4&#8243; _builder_version=\u00bb4.7.7&#8243; _module_preset=\u00bbdefault\u00bb custom_padding=\u00bb8px||13px|||\u00bb][et_pb_column type=\u00bb3_4&#8243; _builder_version=\u00bb4.7.7&#8243; _module_preset=\u00bbdefault\u00bb][et_pb_text _builder_version=\u00bb4.7.7&#8243; _module_preset=\u00bbdefault\u00bb]<\/p>\n<p><span style=\"color: #ffffff;\"><span style=\"color: #ffff00;\">Copyright \u00a92023 Colegio de Bibliotec\u00f3logos del Per\u00fa<\/span> \u2502<span style=\"color: #00ff00;\"> Seminario Internacional: \u00abTendencias de las bibliotecas en el marco de los objetivos de desarrollo sostenible 2030\u00bb 2023<\/span>. <span style=\"color: #ffff00;\">Todos los Derechos Reservados. Colegio de Bibliotec\u00f3logos del Per\u00fa<\/span><\/span><\/p>\n<p>[\/et_pb_text][\/et_pb_column][et_pb_column type=\u00bb1_4&#8243; _builder_version=\u00bb4.7.7&#8243; _module_preset=\u00bbdefault\u00bb][et_pb_code _builder_version=\u00bb4.7.7&#8243; _module_preset=\u00bbdefault\u00bb]<\/p>\n<div class=\"redes-sociales\"><!-- [et_pb_line_break_holder] -->  <a href=\"https:\/\/www.facebook.com\/\" target=\"_blank\" rel=\"noopener\"><!-- [et_pb_line_break_holder] -->    <img loading=\"lazy\" decoding=\"async\" src=\"https:\/\/bibliotecologos.pe\/wp-content\/uploads\/2023\/09\/facebook-icon.png\" alt=\"Facebook\" width=\"24\" height=\"24\"><!-- [et_pb_line_break_holder] -->  <\/a><!-- [et_pb_line_break_holder] -->  <a href=\"https:\/\/twitter.com\/\" target=\"_blank\" rel=\"noopener\"><!-- [et_pb_line_break_holder] -->    <img loading=\"lazy\" decoding=\"async\" src=\"https:\/\/bibliotecologos.pe\/wp-content\/uploads\/2023\/09\/twitter.png\" alt=\"Twitter\" width=\"24\" height=\"24\"><!-- [et_pb_line_break_holder] -->  <\/a><!-- [et_pb_line_break_holder] -->  <a href=\"https:\/\/www.linkedin.com\/\" target=\"_blank\" rel=\"noopener\"><!-- [et_pb_line_break_holder] -->    <img loading=\"lazy\" decoding=\"async\" src=\"https:\/\/bibliotecologos.pe\/wp-content\/uploads\/2023\/09\/linkedin.png\" alt=\"LinkedIn\" width=\"24\" height=\"24\"><!-- [et_pb_line_break_holder] -->  <\/a><!-- [et_pb_line_break_holder] --><\/div>\n<p>[\/et_pb_code][\/et_pb_column][\/et_pb_row][\/et_pb_section]<\/p>\n","protected":false},"excerpt":{"rendered":"<p>[et_pb_section fb_built=\u00bb1&#8243; admin_label=\u00bbsection\u00bb _builder_version=\u00bb4.7.7&#8243; use_background_color_gradient=\u00bbon\u00bb background_image=\u00bbhttps:\/\/bibliotecologos.pe\/wp-content\/uploads\/2022\/04\/Coleccion-4.jpg\u00bb min_height=\u00bb728.6px\u00bb custom_margin=\u00bb||-90px|||\u00bb custom_padding=\u00bb||18px|||\u00bb][et_pb_row column_structure=\u00bb1_5,3_5,1_5&#8243; use_custom_gutter=\u00bbon\u00bb gutter_width=\u00bb1&#8243; make_equal=\u00bbon\u00bb admin_label=\u00bbrow\u00bb _builder_version=\u00bb4.7.7&#8243; background_color=\u00bb#ffffff\u00bb background_size=\u00bbinitial\u00bb background_position=\u00bbtop_left\u00bb background_repeat=\u00bbrepeat\u00bb width=\u00bb90%\u00bb max_width=\u00bb1273px\u00bb module_alignment=\u00bbcenter\u00bb custom_margin=\u00bb|0px||0px|false|false\u00bb custom_padding=\u00bb0px||0px||false|false\u00bb global_module=\u00bb2637&#8243; saved_tabs=\u00bball\u00bb][et_pb_column type=\u00bb1_5&#8243; _builder_version=\u00bb4.7.7&#8243; custom_padding=\u00bb|||\u00bb custom_padding__hover=\u00bb|||\u00bb][et_pb_image src=\u00bbhttps:\/\/bibliotecologos.pe\/wp-content\/uploads\/2023\/09\/logotipoCBP.png\u00bb title_text=\u00bblogotipoCBP\u00bb url=\u00bbhttps:\/\/bibliotecologos.pe\/index.php\/tendenciasbibliotecasods\/\u00bb _builder_version=\u00bb4.7.7&#8243; _module_preset=\u00bbdefault\u00bb][\/et_pb_image][\/et_pb_column][et_pb_column type=\u00bb3_5&#8243; _builder_version=\u00bb4.7.7&#8243; custom_padding=\u00bb|||\u00bb custom_padding__hover=\u00bb|||\u00bb][et_pb_menu menu_id=\u00bb24&#8243; menu_style=\u00bbcentered\u00bb _builder_version=\u00bb4.7.7&#8243; _module_preset=\u00bbdefault\u00bb menu_font=\u00bb|700||on|||||\u00bb menu_font_size=\u00bb17px\u00bb module_alignment=\u00bbcenter\u00bb min_height=\u00bb25px\u00bb custom_margin=\u00bb14px|||0px|false|false\u00bb custom_padding=\u00bb0px|||0px|false|false\u00bb][\/et_pb_menu][\/et_pb_column][et_pb_column type=\u00bb1_5&#8243; _builder_version=\u00bb4.7.7&#8243; custom_padding=\u00bb|||\u00bb custom_padding__hover=\u00bb|||\u00bb][et_pb_code _builder_version=\u00bb4.7.7&#8243; _module_preset=\u00bbdefault\u00bb [&hellip;]<\/p>\n","protected":false},"author":4,"featured_media":0,"parent":0,"menu_order":0,"comment_status":"closed","ping_status":"closed","template":"page-template-blank.php","meta":{"_et_pb_use_builder":"on","_et_pb_old_content":"","_et_gb_content_width":"","_monsterinsights_skip_tracking":false,"_monsterinsights_sitenote_active":false,"_monsterinsights_sitenote_note":"","_monsterinsights_sitenote_category":0,"_joinchat":[],"footnotes":""},"_links":{"self":[{"href":"https:\/\/bibliotecologos.pe\/index.php\/wp-json\/wp\/v2\/pages\/2766"}],"collection":[{"href":"https:\/\/bibliotecologos.pe\/index.php\/wp-json\/wp\/v2\/pages"}],"about":[{"href":"https:\/\/bibliotecologos.pe\/index.php\/wp-json\/wp\/v2\/types\/page"}],"author":[{"embeddable":true,"href":"https:\/\/bibliotecologos.pe\/index.php\/wp-json\/wp\/v2\/users\/4"}],"replies":[{"embeddable":true,"href":"https:\/\/bibliotecologos.pe\/index.php\/wp-json\/wp\/v2\/comments?post=2766"}],"version-history":[{"count":5,"href":"https:\/\/bibliotecologos.pe\/index.php\/wp-json\/wp\/v2\/pages\/2766\/revisions"}],"predecessor-version":[{"id":3028,"href":"https:\/\/bibliotecologos.pe\/index.php\/wp-json\/wp\/v2\/pages\/2766\/revisions\/3028"}],"wp:attachment":[{"href":"https:\/\/bibliotecologos.pe\/index.php\/wp-json\/wp\/v2\/media?parent=2766"}],"curies":[{"name":"wp","href":"https:\/\/api.w.org\/{rel}","templated":true}]}}