

{"id":29,"date":"2022-04-22T17:55:46","date_gmt":"2022-04-22T17:55:46","guid":{"rendered":"http:\/\/bibliotecademo.xn--construyendotussueos-l7b.com\/?page_id=29"},"modified":"2025-07-13T18:13:41","modified_gmt":"2025-07-13T18:13:41","slug":"historia","status":"publish","type":"page","link":"https:\/\/bibliotecologos.pe\/index.php\/historia\/","title":{"rendered":"Historia"},"content":{"rendered":"\n<div style=\"height:100px\" aria-hidden=\"true\" class=\"wp-block-spacer\"><\/div>\n\n\n\n<h1 class=\"has-text-align-center wp-block-heading\"><strong>Historia del Colegio de Bibliotec\u00f3logos del Per\u00fa<\/strong><\/h1>\n\n\n\n<div style=\"height:38px\" aria-hidden=\"true\" class=\"wp-block-spacer\"><\/div>\n\n\n\n<p style=\"font-size:15px\">El inicio de nuestra Comunidad Profesional fue la <strong><em>Asociaci\u00f3n Peruana de Bibliotecarios (APB)<\/em><\/strong>, organizaci\u00f3n creada en Lima el 6 de agosto de 1945 a iniciativa del Dr. Jorge Basadre, ilustre historiador, director y bibliotecario de la Biblioteca Nacional del Per\u00fa.<\/p>\n\n\n\n<p class=\"has-text-align-center\" style=\"font-size:15px\"><em>Por muchos a\u00f1os, el local de la APB fueron las instalaciones de la Asociaci\u00f3n Cultural INSULA, en Miraflores. Su primer presidente fue el Dr. Alberto Tauro.<\/em><\/p>\n\n\n\n<div class=\"wp-block-image\"><figure class=\"aligncenter size-full\"><img loading=\"lazy\" decoding=\"async\" width=\"358\" height=\"288\" src=\"https:\/\/bibliotecologos.pe\/wp-content\/uploads\/2022\/11\/Historia-del-CBP.jpg\" alt=\"\" class=\"wp-image-1278\" srcset=\"https:\/\/bibliotecologos.pe\/wp-content\/uploads\/2022\/11\/Historia-del-CBP.jpg 358w, https:\/\/bibliotecologos.pe\/wp-content\/uploads\/2022\/11\/Historia-del-CBP-300x241.jpg 300w\" sizes=\"(max-width: 358px) 100vw, 358px\" \/><\/figure><\/div>\n\n\n\n<p class=\"has-text-align-center\" style=\"font-size:15px;font-style:italic;font-weight:100\">El a\u00f1o 1990 se crea y se profesionaliza el Colegio Profesional de Bibliotec\u00f3logos del Per\u00fa como instituci\u00f3n aut\u00f3noma bajo la Ley 25189.<\/p>\n\n\n\n<div style=\"height:36px\" aria-hidden=\"true\" class=\"wp-block-spacer\"><\/div>\n\n\n\n<div class=\"wp-block-columns is-layout-flex wp-container-core-columns-is-layout-1 wp-block-columns-is-layout-flex\">\n<div class=\"wp-block-column is-layout-flow wp-block-column-is-layout-flow\" style=\"flex-basis:33.33%\">\n<div class=\"wp-block-image\"><figure class=\"aligncenter size-full\"><img loading=\"lazy\" decoding=\"async\" width=\"134\" height=\"134\" src=\"https:\/\/bibliotecologos.pe\/wp-content\/uploads\/2022\/05\/icono-bolsadeemleo.png\" alt=\"\" class=\"wp-image-781\" srcset=\"https:\/\/bibliotecologos.pe\/wp-content\/uploads\/2022\/05\/icono-bolsadeemleo.png 134w, https:\/\/bibliotecologos.pe\/wp-content\/uploads\/2022\/05\/icono-bolsadeemleo-130x130.png 130w\" sizes=\"(max-width: 134px) 100vw, 134px\" \/><\/figure><\/div>\n<\/div>\n\n\n\n<div class=\"wp-block-column is-layout-flow wp-block-column-is-layout-flow\" style=\"flex-basis:66.66%\">\n<p style=\"font-size:15px\"><strong>1990 \u2013 1992:<\/strong> Inicia sus funciones, siendo la Bib. Martha Fern\u00e1ndez de L\u00f3pez elegida como la primera Decana Nacional.<br><strong>1992 \u2013 1995:<\/strong> Decana Beatriz Chiriboga de Cussato.<br><strong>1996 \u2013 1997:<\/strong> Decana Beatriz Prieto Celi<br><strong>1998 \u2013 2000:<\/strong> Decana Carmen Nieto P\u00e9rez<br><strong>2001 \u2013 2002:<\/strong> Decana Carmen Ochoa de Di Franco<br><strong>2003 \u2013 2004:<\/strong> Decano Segundo Soto Coronel<br><strong>2005 \u2013 2006:<\/strong> Decana Nelly MacKeePrial\u00e9 de Maurial<br><strong>2007 \u2013 2008:<\/strong> Decana Antonieta AreccoAlcerreca<br><strong>2009 \u2013 2010:<\/strong> Decana Norma Mag\u00e1n Altamirano de Hurtado<br><strong>2011 \u2013 2012:<\/strong> Decana Ana Mar\u00eda Talavera Ibarra<br><strong>2013 \u2013 2014:<\/strong> Decano C\u00e9sar Augusto Castro Aliaga<br><strong>2015 \u2013 2016:<\/strong> Decana Lilian Maura Tejeda<br><strong>2017 \u2013 2018:<\/strong> Decana Ana Mar\u00eda Talavera Ibarra<br><strong>2019 \u2013 2020:<\/strong> Decana Eva Flores Noriega<br><strong>2021 \u2013 2022:<\/strong> Decano Eduardo Jorge Capar\u00f3 Soto<br><strong>2023 \u2013 2024:<\/strong> Decana Decana Olinda Graciela Rengifo Garc\u00eda<\/p>\n\n\n\n<p class=\"has-text-align-left\" style=\"font-size:15px\">D\u00eda del bibliotecario \u2013 14 de noviembre<\/p>\n<\/div>\n<\/div>\n\n\n\n<div style=\"height:42px\" aria-hidden=\"true\" class=\"wp-block-spacer\"><\/div>\n\n\n\n<p class=\"has-text-align-center\" style=\"font-size:15px;font-style:italic;font-weight:100\"><em>En la Asamblea General de la Asociaci\u00f3n Peruana de Bibliotecarios del d\u00eda 5 de agosto de 1958 se acord\u00f3 establecer el \u201cD\u00eda del Bibliotecario Peruano\u201d el 14 de noviembre de cada a\u00f1o. A\u00f1os despu\u00e9s, dicho acuerdo se legaliz\u00f3 mediante la Ley 16801, promulgada el 9 de enero de 1968 durante el Gobierno del Arq\u00ba Fernando Bela\u00fande Terry.<\/em><\/p>\n\n\n\n<div style=\"height:38px\" aria-hidden=\"true\" class=\"wp-block-spacer\"><\/div>\n\n\n\n<div class=\"wp-block-columns is-layout-flex wp-container-core-columns-is-layout-2 wp-block-columns-is-layout-flex\">\n<div class=\"wp-block-column is-layout-flow wp-block-column-is-layout-flow\" style=\"flex-basis:33.33%\"><\/div>\n\n\n\n<div class=\"wp-block-column is-layout-flow wp-block-column-is-layout-flow\" style=\"flex-basis:66.66%\">\n<p style=\"font-size:15px\"><strong>Nuestro local<\/strong><\/p>\n\n\n\n<p style=\"font-size:15px\">Siendo Decana la Bib. Beatriz Chiriboga de Cussato (1993-1995), se adquiri\u00f3 el actual local de la Av. 2 de Mayo, San Isidro, lo que permiti\u00f3 un espacio propio y libertad para reuni\u00f3n de los colegas y de los Consejos Directivos.<\/p>\n<\/div>\n<\/div>\n\n\n\n<div style=\"height:100px\" aria-hidden=\"true\" class=\"wp-block-spacer\"><\/div>\n\r\n","protected":false},"excerpt":{"rendered":"<p>Historia del Colegio de Bibliotec\u00f3logos del Per\u00fa El inicio de nuestra Comunidad Profesional fue la Asociaci\u00f3n Peruana de Bibliotecarios (APB), organizaci\u00f3n creada en Lima el 6 de agosto de 1945 a iniciativa del Dr. Jorge Basadre, ilustre historiador, director y bibliotecario de la Biblioteca Nacional del Per\u00fa. Por muchos a\u00f1os, el local de la APB [&hellip;]<\/p>\n","protected":false},"author":4,"featured_media":0,"parent":0,"menu_order":0,"comment_status":"closed","ping_status":"closed","template":"","meta":{"_et_pb_use_builder":"","_et_pb_old_content":"","_et_gb_content_width":"1080","_monsterinsights_skip_tracking":false,"_monsterinsights_sitenote_active":false,"_monsterinsights_sitenote_note":"","_monsterinsights_sitenote_category":0,"_joinchat":[],"footnotes":""},"_links":{"self":[{"href":"https:\/\/bibliotecologos.pe\/index.php\/wp-json\/wp\/v2\/pages\/29"}],"collection":[{"href":"https:\/\/bibliotecologos.pe\/index.php\/wp-json\/wp\/v2\/pages"}],"about":[{"href":"https:\/\/bibliotecologos.pe\/index.php\/wp-json\/wp\/v2\/types\/page"}],"author":[{"embeddable":true,"href":"https:\/\/bibliotecologos.pe\/index.php\/wp-json\/wp\/v2\/users\/4"}],"replies":[{"embeddable":true,"href":"https:\/\/bibliotecologos.pe\/index.php\/wp-json\/wp\/v2\/comments?post=29"}],"version-history":[{"count":12,"href":"https:\/\/bibliotecologos.pe\/index.php\/wp-json\/wp\/v2\/pages\/29\/revisions"}],"predecessor-version":[{"id":1643,"href":"https:\/\/bibliotecologos.pe\/index.php\/wp-json\/wp\/v2\/pages\/29\/revisions\/1643"}],"wp:attachment":[{"href":"https:\/\/bibliotecologos.pe\/index.php\/wp-json\/wp\/v2\/media?parent=29"}],"curies":[{"name":"wp","href":"https:\/\/api.w.org\/{rel}","templated":true}]}}