

{"id":4563,"date":"2025-02-11T23:44:10","date_gmt":"2025-02-11T23:44:10","guid":{"rendered":"https:\/\/bibliotecologos.pe\/?page_id=4563"},"modified":"2025-07-13T18:11:46","modified_gmt":"2025-07-13T18:11:46","slug":"documentos-oficiales","status":"publish","type":"page","link":"https:\/\/bibliotecologos.pe\/index.php\/documentos-oficiales\/","title":{"rendered":"DOCUMENTOS OFICIALES"},"content":{"rendered":"<p>[et_pb_section fb_built=\u00bb1&#8243; _builder_version=\u00bb4.7.7&#8243; _module_preset=\u00bbdefault\u00bb][et_pb_row _builder_version=\u00bb4.7.7&#8243; _module_preset=\u00bbdefault\u00bb hover_enabled=\u00bb0&#8243; min_height=\u00bb249px\u00bb sticky_enabled=\u00bb0&#8243;][et_pb_column type=\u00bb4_4&#8243; _builder_version=\u00bb4.7.7&#8243; _module_preset=\u00bbdefault\u00bb][et_pb_text _builder_version=\u00bb4.7.7&#8243; _module_preset=\u00bbdefault\u00bb hover_enabled=\u00bb0&#8243; sticky_enabled=\u00bb0&#8243;]<\/p>\n<h1><span style=\"text-decoration: underline;\"><strong>DOCUMENTOS OFICIALES<\/strong><\/span><\/h1>\n<p><a href=\"https:\/\/bibliotecologos.pe\/wp-content\/uploads\/2022\/12\/CODIGO-DE-ETICA-DEL-COLEGIO-DE-BIBLIOTECOLOGOS.pdf\">1. C\u00f3digo de \u00e9tica<\/a><\/p>\n<p><a href=\"https:\/\/bibliotecologos.pe\/wp-content\/uploads\/2022\/12\/Estatuto-del-Colegio-de-Bibliotecologos-del-Peru-Oficial.pdf\">2. Estatuto del Colegio de Bibliotec\u00f3logos del Per\u00fa<\/a><\/p>\n<p><a href=\"https:\/\/bibliotecologos.pe\/wp-content\/uploads\/2022\/05\/ley-29181.pdf\">3. Ley del ejercicio profesional en Ciencias de la Informaci\u00f3n<\/a><\/p>\n<p><a href=\"https:\/\/bibliotecologos.pe\/wp-content\/uploads\/2022\/12\/creacion_cbp.pdf\">4. Rese\u00f1a Hist\u00f3rica<\/a><\/p>\n<p><a href=\"https:\/\/bibliotecologos.pe\/wp-content\/uploads\/2022\/12\/creacion_cbp.pdf\">5.\u00a0Ley N\u00b0 25189 de Creaci\u00f3n del Colegio Profesional de Bibliotec\u00f3logos del Per\u00fa (1990)<\/a><\/p>\n<p>&nbsp;<\/p>\n<p>[\/et_pb_text][\/et_pb_column][\/et_pb_row][et_pb_row _builder_version=\u00bb4.7.7&#8243; _module_preset=\u00bbdefault\u00bb][et_pb_column type=\u00bb4_4&#8243; _builder_version=\u00bb4.7.7&#8243; _module_preset=\u00bbdefault\u00bb][et_pb_code _builder_version=\u00bb4.7.7&#8243; _module_preset=\u00bbdefault\u00bb]<iframe loading=\"lazy\" src=\"https:\/\/bibliotecologos.pe\/wp-content\/uploads\/2022\/12\/CODIGO-DE-ETICA-DEL-COLEGIO-DE-BIBLIOTECOLOGOS.pdf\" width=\"100%\" height=\"900\" ><\/iframe>[\/et_pb_code][\/et_pb_column][\/et_pb_row][et_pb_row _builder_version=\u00bb4.7.7&#8243; _module_preset=\u00bbdefault\u00bb][et_pb_column type=\u00bb4_4&#8243; _builder_version=\u00bb4.7.7&#8243; _module_preset=\u00bbdefault\u00bb][et_pb_code _builder_version=\u00bb4.7.7&#8243; _module_preset=\u00bbdefault\u00bb min_height=\u00bb927.9px\u00bb custom_padding=\u00bb0px|0px|16px|||\u00bb]<iframe loading=\"lazy\" src=\"https:\/\/bibliotecologos.pe\/wp-content\/uploads\/2023\/01\/Estatuto-Colegio-de-Bibliotecologos-del-Peru.pdf\" width=\"100%\" height=\"900\" ><\/iframe>[\/et_pb_code][\/et_pb_column][\/et_pb_row][et_pb_row _builder_version=\u00bb4.7.7&#8243; _module_preset=\u00bbdefault\u00bb][et_pb_column type=\u00bb4_4&#8243; _builder_version=\u00bb4.7.7&#8243; _module_preset=\u00bbdefault\u00bb][et_pb_code _builder_version=\u00bb4.7.7&#8243; _module_preset=\u00bbdefault\u00bb]<iframe loading=\"lazy\" src=\"https:\/\/bibliotecologos.pe\/wp-content\/uploads\/2022\/05\/ley-29181.pdf\" width=\"100%\" height=\"900\" ><\/iframe>[\/et_pb_code][\/et_pb_column][\/et_pb_row][et_pb_row _builder_version=\u00bb4.7.7&#8243; _module_preset=\u00bbdefault\u00bb hover_enabled=\u00bb0&#8243; sticky_enabled=\u00bb0&#8243;][et_pb_column type=\u00bb4_4&#8243; _builder_version=\u00bb4.7.7&#8243; _module_preset=\u00bbdefault\u00bb hover_enabled=\u00bb0&#8243; sticky_enabled=\u00bb0&#8243;][et_pb_code _builder_version=\u00bb4.7.7&#8243; _module_preset=\u00bbdefault\u00bb hover_enabled=\u00bb0&#8243; sticky_enabled=\u00bb0&#8243;]<iframe loading=\"lazy\" src=\"https:\/\/bibliotecologos.pe\/wp-content\/uploads\/2022\/05\/creacion_cbp.pdf\" width=\"100%\" height=\"900\" ><\/iframe>[\/et_pb_code][\/et_pb_column][\/et_pb_row][et_pb_row _builder_version=\u00bb4.7.7&#8243; _module_preset=\u00bbdefault\u00bb][et_pb_column _builder_version=\u00bb4.7.7&#8243; _module_preset=\u00bbdefault\u00bb type=\u00bb4_4&#8243;][et_pb_code _builder_version=\u00bb4.7.7&#8243; _module_preset=\u00bbdefault\u00bb hover_enabled=\u00bb0&#8243; sticky_enabled=\u00bb0&#8243;]<iframe loading=\"lazy\" src=\"https:\/\/busquedas.elperuano.pe\/dispositivo\/NL\/1865859-1\" width=\"100%\" height=\"900\" ><\/iframe>[\/et_pb_code][et_pb_code _builder_version=\u00bb4.7.7&#8243; _module_preset=\u00bbdefault\u00bb hover_enabled=\u00bb0&#8243; sticky_enabled=\u00bb0&#8243;][\/et_pb_code][\/et_pb_column][\/et_pb_row][\/et_pb_section]<\/p>\n","protected":false},"excerpt":{"rendered":"<p>[et_pb_section fb_built=\u00bb1&#8243; _builder_version=\u00bb4.7.7&#8243; _module_preset=\u00bbdefault\u00bb][et_pb_row _builder_version=\u00bb4.7.7&#8243; _module_preset=\u00bbdefault\u00bb hover_enabled=\u00bb0&#8243; min_height=\u00bb249px\u00bb sticky_enabled=\u00bb0&#8243;][et_pb_column type=\u00bb4_4&#8243; _builder_version=\u00bb4.7.7&#8243; _module_preset=\u00bbdefault\u00bb][et_pb_text _builder_version=\u00bb4.7.7&#8243; _module_preset=\u00bbdefault\u00bb hover_enabled=\u00bb0&#8243; sticky_enabled=\u00bb0&#8243;] DOCUMENTOS OFICIALES 1. C\u00f3digo de \u00e9tica 2. Estatuto del Colegio de Bibliotec\u00f3logos del Per\u00fa 3. Ley del ejercicio profesional en Ciencias de la Informaci\u00f3n 4. Rese\u00f1a Hist\u00f3rica 5.\u00a0Ley N\u00b0 25189 de Creaci\u00f3n del Colegio Profesional de Bibliotec\u00f3logos del Per\u00fa [&hellip;]<\/p>\n","protected":false},"author":4,"featured_media":0,"parent":0,"menu_order":0,"comment_status":"closed","ping_status":"closed","template":"","meta":{"_et_pb_use_builder":"on","_et_pb_old_content":"","_et_gb_content_width":"","_monsterinsights_skip_tracking":false,"_monsterinsights_sitenote_active":false,"_monsterinsights_sitenote_note":"","_monsterinsights_sitenote_category":0,"_joinchat":[],"footnotes":""},"_links":{"self":[{"href":"https:\/\/bibliotecologos.pe\/index.php\/wp-json\/wp\/v2\/pages\/4563"}],"collection":[{"href":"https:\/\/bibliotecologos.pe\/index.php\/wp-json\/wp\/v2\/pages"}],"about":[{"href":"https:\/\/bibliotecologos.pe\/index.php\/wp-json\/wp\/v2\/types\/page"}],"author":[{"embeddable":true,"href":"https:\/\/bibliotecologos.pe\/index.php\/wp-json\/wp\/v2\/users\/4"}],"replies":[{"embeddable":true,"href":"https:\/\/bibliotecologos.pe\/index.php\/wp-json\/wp\/v2\/comments?post=4563"}],"version-history":[{"count":10,"href":"https:\/\/bibliotecologos.pe\/index.php\/wp-json\/wp\/v2\/pages\/4563\/revisions"}],"predecessor-version":[{"id":4604,"href":"https:\/\/bibliotecologos.pe\/index.php\/wp-json\/wp\/v2\/pages\/4563\/revisions\/4604"}],"wp:attachment":[{"href":"https:\/\/bibliotecologos.pe\/index.php\/wp-json\/wp\/v2\/media?parent=4563"}],"curies":[{"name":"wp","href":"https:\/\/api.w.org\/{rel}","templated":true}]}}