

{"id":47,"date":"2022-04-22T18:17:30","date_gmt":"2022-04-22T18:17:30","guid":{"rendered":"http:\/\/bibliotecademo.xn--construyendotussueos-l7b.com\/?page_id=47"},"modified":"2025-07-13T18:16:13","modified_gmt":"2025-07-13T18:16:13","slug":"past-decanos","status":"publish","type":"page","link":"https:\/\/bibliotecologos.pe\/index.php\/past-decanos\/","title":{"rendered":"Past. Decanos"},"content":{"rendered":"[et_pb_section fb_built=\u00bb1&#8243; admin_label=\u00bbsection\u00bb _builder_version=\u00bb3.22&#8243;][et_pb_row admin_label=\u00bbrow\u00bb _builder_version=\u00bb3.25&#8243; background_size=\u00bbinitial\u00bb background_position=\u00bbtop_left\u00bb background_repeat=\u00bbrepeat\u00bb][et_pb_column type=\u00bb4_4&#8243; _builder_version=\u00bb3.25&#8243; custom_padding=\u00bb|||\u00bb custom_padding__hover=\u00bb|||\u00bb][et_pb_text admin_label=\u00bbText\u00bb _builder_version=\u00bb4.7.7&#8243; background_size=\u00bbinitial\u00bb background_position=\u00bbtop_left\u00bb background_repeat=\u00bbrepeat\u00bb hover_enabled=\u00bb0&#8243; sticky_enabled=\u00bb0&#8243;]<p><\/p>\n<div style=\"height: 100px;\" aria-hidden=\"true\" class=\"wp-block-spacer\"><\/div>\n<p><\/p>\n<p><\/p>\n<div class=\"wp-block-columns are-vertically-aligned-center is-layout-flex wp-container-core-columns-is-layout-1 wp-block-columns-is-layout-flex\">\n<p><\/p>\n<div class=\"wp-block-column is-vertically-aligned-center is-layout-flow wp-block-column-is-layout-flow\" style=\"flex-basis: 33.33%;\">\n<p><\/p>\n<div class=\"wp-block-image\">\n<figure class=\"aligncenter size-full\"><img loading=\"lazy\" decoding=\"async\" width=\"134\" height=\"134\" src=\"https:\/\/bibliotecologos.pe\/wp-content\/uploads\/2022\/05\/icono-bolsadeemleo.png\" alt=\"\" class=\"wp-image-781\" srcset=\"https:\/\/bibliotecologos.pe\/wp-content\/uploads\/2022\/05\/icono-bolsadeemleo.png 134w, https:\/\/bibliotecologos.pe\/wp-content\/uploads\/2022\/05\/icono-bolsadeemleo-130x130.png 130w\" sizes=\"(max-width: 134px) 100vw, 134px\" \/><\/figure>\n<\/div>\n<p><\/p>\n<\/div>\n<p><\/p>\n<p><\/p>\n<div class=\"wp-block-column is-vertically-aligned-center is-layout-flow wp-block-column-is-layout-flow\" style=\"flex-basis: 66.66%;\">\n<p><\/p>\n<p><strong>1990 \u2013 1992:<\/strong> Inicia sus funciones, siendo la Bibliotec\u00f3loga Martha Fern\u00e1ndez de L\u00f3pez elegida como la primera Decana Nacional.<br \/> <strong>1992 \u2013 1995:<\/strong> Decana Beatriz Chiriboga de Cussato.<br \/> <strong>1996 \u2013 1997:<\/strong> Decana Beatriz Prieto Celi<br \/> <strong>1998 \u2013 2000:<\/strong> Decana Carmen Nieto P\u00e9rez<br \/> <strong>2001 \u2013 2002:<\/strong> Decana Carmen Ochoa de Di Franco<br \/> <strong>2003 \u2013 2004:<\/strong> Decano Segundo Soto Coronel<br \/> <strong>2005 \u2013 2006:<\/strong> Decana Nelly MacKee Prial\u00e9 de Maurial<br \/> <strong>2007 \u2013 2008:<\/strong> Decana Antonieta Arecco Alcerreca<br \/> <strong>2009 \u2013 2010:<\/strong> Decana Norma Mag\u00e1n Altamirano de Hurtado<br \/> <strong>2011 \u2013 2012:<\/strong> Decana Ana Mar\u00eda Talavera Ibarra<br \/> <strong>2013 \u2013 2014:<\/strong> Decano C\u00e9sar Augusto Castro Aliaga<br \/> <strong>2015 \u2013 2016:<\/strong> Decana Lilian Maura Tejeda<br \/> <strong>2017 \u2013 2018:<\/strong> Decana Ana Mar\u00eda Talavera Ibarra<br \/> <strong>2019 \u2013 2020:<\/strong> Decana Eva Flores Noriega<br \/> <strong>2021 \u2013 2022:<\/strong> Decano Eduardo Jorge Capar\u00f3 Soto<br \/> <strong>2023 \u2013 2024:<\/strong> Decana Olinda Graciela Rengifo Garc\u00eda<\/p>\n<p><\/p>\n<\/div>\n<p><\/p>\n<\/div>\n<p><\/p>\n<p><\/p>\n<p><\/p>\n<p><\/p>\n<div style=\"height: 110px;\" aria-hidden=\"true\" class=\"wp-block-spacer\"><\/div>\n<p><\/p>\n[\/et_pb_text][\/et_pb_column][\/et_pb_row][\/et_pb_section]","protected":false},"excerpt":{"rendered":"<p>[et_pb_section fb_built=\u00bb1&#8243; admin_label=\u00bbsection\u00bb _builder_version=\u00bb3.22&#8243;][et_pb_row admin_label=\u00bbrow\u00bb _builder_version=\u00bb3.25&#8243; background_size=\u00bbinitial\u00bb background_position=\u00bbtop_left\u00bb background_repeat=\u00bbrepeat\u00bb][et_pb_column type=\u00bb4_4&#8243; _builder_version=\u00bb3.25&#8243; custom_padding=\u00bb|||\u00bb custom_padding__hover=\u00bb|||\u00bb][et_pb_text admin_label=\u00bbText\u00bb _builder_version=\u00bb4.7.7&#8243; background_size=\u00bbinitial\u00bb background_position=\u00bbtop_left\u00bb background_repeat=\u00bbrepeat\u00bb hover_enabled=\u00bb0&#8243; sticky_enabled=\u00bb0&#8243;] 1990 \u2013 1992: Inicia sus funciones, siendo la Bibliotec\u00f3loga Martha Fern\u00e1ndez de L\u00f3pez elegida como la primera Decana Nacional. 1992 \u2013 1995: Decana Beatriz Chiriboga de Cussato. 1996 \u2013 1997: Decana Beatriz Prieto Celi 1998 [&hellip;]<\/p>\n","protected":false},"author":4,"featured_media":0,"parent":0,"menu_order":0,"comment_status":"closed","ping_status":"closed","template":"","meta":{"_et_pb_use_builder":"on","_et_pb_old_content":"<!-- wp:spacer -->\n<div style=\"height:100px\" aria-hidden=\"true\" class=\"wp-block-spacer\"><\/div>\n<!-- \/wp:spacer -->\n\n<!-- wp:columns {\"verticalAlignment\":\"center\"} -->\n<div class=\"wp-block-columns are-vertically-aligned-center\"><!-- wp:column {\"verticalAlignment\":\"center\",\"width\":\"33.33%\"} -->\n<div class=\"wp-block-column is-vertically-aligned-center\" style=\"flex-basis:33.33%\"><!-- wp:image {\"align\":\"center\",\"id\":781,\"sizeSlug\":\"full\",\"linkDestination\":\"none\"} -->\n<div class=\"wp-block-image\"><figure class=\"aligncenter size-full\"><img src=\"https:\/\/bibliotecologos.pe\/wp-content\/uploads\/2022\/05\/icono-bolsadeemleo.png\" alt=\"\" class=\"wp-image-781\"\/><\/figure><\/div>\n<!-- \/wp:image --><\/div>\n<!-- \/wp:column -->\n\n<!-- wp:column {\"verticalAlignment\":\"center\",\"width\":\"66.66%\"} -->\n<div class=\"wp-block-column is-vertically-aligned-center\" style=\"flex-basis:66.66%\"><!-- wp:paragraph -->\n<p><strong>1990 \u2013 1992:<\/strong> Inicia sus funciones, siendo la Bibliotec\u00f3loga Martha Fern\u00e1ndez de L\u00f3pez elegida como la primera Decana Nacional.<br><strong>1992 \u2013 1995:<\/strong> Decana Beatriz Chiriboga de Cussato.<br><strong>1996 \u2013 1997:<\/strong> Decana Beatriz Prieto Celi<br><strong>1998 \u2013 2000:<\/strong> Decana Carmen Nieto P\u00e9rez<br><strong>2001 \u2013 2002:<\/strong> Decana Carmen Ochoa de Di Franco<br><strong>2003 \u2013 2004:<\/strong> Decano Segundo Soto Coronel<br><strong>2005 \u2013 2006:<\/strong> Decana Nelly MacKee Prial\u00e9 de Maurial<br><strong>2007 \u2013 2008:<\/strong> Decana Antonieta Arecco Alcerreca<br><strong>2009 \u2013 2010:<\/strong> Decana Norma Mag\u00e1n Altamirano de Hurtado<br><strong>2011 \u2013 2012:<\/strong> Decana Ana Mar\u00eda Talavera Ibarra<br><strong>2013 \u2013 2014:<\/strong> Decano C\u00e9sar Augusto Castro Aliaga<br><strong>2015 \u2013 2016:<\/strong> Decana Lilian Maura Tejeda<br><strong>2017 \u2013 2018:<\/strong> Decana Ana Mar\u00eda Talavera Ibarra<br><strong>2019 \u2013 2020:<\/strong> Decana Eva Flores Noriega<br><strong>2021 \u2013 2022:<\/strong> Decano Eduardo Jorge Capar\u00f3 Soto<\/p>\n<!-- \/wp:paragraph --><\/div>\n<!-- \/wp:column --><\/div>\n<!-- \/wp:columns -->\n\n<!-- wp:paragraph {\"align\":\"center\"} -->\n<p class=\"has-text-align-center\">D\u00eda del bibliotecario \u2013 14 de noviembre<\/p>\n<!-- \/wp:paragraph -->\n\n<!-- wp:spacer {\"height\":\"110px\"} -->\n<div style=\"height:110px\" aria-hidden=\"true\" class=\"wp-block-spacer\"><\/div>\n<!-- \/wp:spacer -->\r\n","_et_gb_content_width":"1080","_monsterinsights_skip_tracking":false,"_monsterinsights_sitenote_active":false,"_monsterinsights_sitenote_note":"","_monsterinsights_sitenote_category":0,"_joinchat":[],"footnotes":""},"_links":{"self":[{"href":"https:\/\/bibliotecologos.pe\/index.php\/wp-json\/wp\/v2\/pages\/47"}],"collection":[{"href":"https:\/\/bibliotecologos.pe\/index.php\/wp-json\/wp\/v2\/pages"}],"about":[{"href":"https:\/\/bibliotecologos.pe\/index.php\/wp-json\/wp\/v2\/types\/page"}],"author":[{"embeddable":true,"href":"https:\/\/bibliotecologos.pe\/index.php\/wp-json\/wp\/v2\/users\/4"}],"replies":[{"embeddable":true,"href":"https:\/\/bibliotecologos.pe\/index.php\/wp-json\/wp\/v2\/comments?post=47"}],"version-history":[{"count":13,"href":"https:\/\/bibliotecologos.pe\/index.php\/wp-json\/wp\/v2\/pages\/47\/revisions"}],"predecessor-version":[{"id":4507,"href":"https:\/\/bibliotecologos.pe\/index.php\/wp-json\/wp\/v2\/pages\/47\/revisions\/4507"}],"wp:attachment":[{"href":"https:\/\/bibliotecologos.pe\/index.php\/wp-json\/wp\/v2\/media?parent=47"}],"curies":[{"name":"wp","href":"https:\/\/api.w.org\/{rel}","templated":true}]}}