

{"id":64,"date":"2022-04-22T18:27:34","date_gmt":"2022-04-22T18:27:34","guid":{"rendered":"http:\/\/bibliotecademo.xn--construyendotussueos-l7b.com\/?page_id=64"},"modified":"2025-07-13T18:10:39","modified_gmt":"2025-07-13T18:10:39","slug":"convenios-institucionales","status":"publish","type":"page","link":"https:\/\/bibliotecologos.pe\/index.php\/convenios-institucionales\/","title":{"rendered":"Convenios Institucionales"},"content":{"rendered":"<p>[et_pb_section fb_built=\u00bb1&#8243; admin_label=\u00bbsection\u00bb _builder_version=\u00bb3.22&#8243;][et_pb_row _builder_version=\u00bb4.7.7&#8243; _module_preset=\u00bbdefault\u00bb][et_pb_column type=\u00bb4_4&#8243; _builder_version=\u00bb4.7.7&#8243; _module_preset=\u00bbdefault\u00bb][et_pb_text _builder_version=\u00bb4.7.7&#8243; _module_preset=\u00bbdefault\u00bb header_text_color=\u00bb#0c71c3&#8243; header_text_shadow_style=\u00bbpreset3&#8243;]<\/p>\n<h1 style=\"text-align: center;\"><strong>Convenios Institucionales<\/strong><\/h1>\n<p>[\/et_pb_text][\/et_pb_column][\/et_pb_row][et_pb_row column_structure=\u00bb1_3,2_3&#8243; _builder_version=\u00bb4.7.7&#8243; _module_preset=\u00bbdefault\u00bb][et_pb_column type=\u00bb1_3&#8243; _builder_version=\u00bb4.7.7&#8243; _module_preset=\u00bbdefault\u00bb][et_pb_image src=\u00bbhttps:\/\/bibliotecologos.pe\/wp-content\/uploads\/2023\/02\/elbibliotecariogiusseppe.png\u00bb title_text=\u00bbelbibliotecariogiusseppe\u00bb _builder_version=\u00bb4.7.7&#8243; _module_preset=\u00bbdefault\u00bb box_shadow_style=\u00bbpreset2&#8243;][\/et_pb_image][et_pb_text _builder_version=\u00bb4.7.7&#8243; _module_preset=\u00bbdefault\u00bb]<\/p>\n<p>Imagen Cr\u00e9ditos:\u00a0\u00abEl Bibliotecario\u00bb de Giuseppe Arcimboldo, 1566<\/p>\n<p>[\/et_pb_text][\/et_pb_column][et_pb_column type=\u00bb2_3&#8243; _builder_version=\u00bb4.7.7&#8243; _module_preset=\u00bbdefault\u00bb][et_pb_text _builder_version=\u00bb4.7.7&#8243; _module_preset=\u00bbdefault\u00bb hover_enabled=\u00bb0&#8243; sticky_enabled=\u00bb0&#8243;]<\/p>\n<p><span style=\"text-decoration: underline;\"><strong>Convenios Institucionales<\/strong><\/span><\/p>\n<p>El Colegio de Bibliotec\u00f3logos del Per\u00fa (CBP) ha fortalecido su red de alianzas estrat\u00e9gicas mediante la firma del Convenio Marco de Colaboraci\u00f3n Interinstitucional entre la Biblioteca Nacional del Per\u00fa (BNP) y el Colegio de Bibliotec\u00f3logos del Per\u00fa. Este acuerdo proporciona importantes beneficios mutuos, orientados al desarrollo profesional y acad\u00e9mico de ambas instituciones.<\/p>\n<p>En virtud de este convenio, la Biblioteca Nacional del Per\u00fa se comprometi\u00f3 a ceder el uso de sus instalaciones para la realizaci\u00f3n de actividades acad\u00e9micas organizadas por el CBP. Por su parte, el Colegio asumi\u00f3 la responsabilidad de apoyar la ejecuci\u00f3n de cursos y talleres dirigidos al personal de la BNP, en el marco de su Plan Anual de Capacitaciones, adem\u00e1s de coordinar otras actividades acad\u00e9micas conjuntas.<\/p>\n<p>Adicionalmente, el CBP mantiene acuerdos de colaboraci\u00f3n con el Consejo de Decanos de los Colegios Profesionales del Per\u00fa, a trav\u00e9s del cual se desarrollan iniciativas acad\u00e9micas y profesionales destinadas a los miembros de dicho consejo. Asimismo, el Colegio celebra convenios orientados a la investigaci\u00f3n bibliotecol\u00f3gica y al fortalecimiento del ejercicio profesional en el \u00e1mbito acad\u00e9mico.<\/p>\n<p>En su esfuerzo por fomentar el trabajo interinstitucional, el CBP tambi\u00e9n ha establecido comunicaci\u00f3n activa con universidades, asociaciones y diversos grupos acad\u00e9micos que abordan tem\u00e1ticas relacionadas con la bibliotecolog\u00eda. Estas alianzas buscan promover actividades de investigaci\u00f3n, formaci\u00f3n y difusi\u00f3n del conocimiento en el campo.<\/p>\n<p>Finalmente, de manera peri\u00f3dica, el Colegio recibe propuestas de colaboraci\u00f3n de instituciones de salud, promotores editoriales y otros organismos interesados en brindar apoyo y asesor\u00eda en temas legales y acad\u00e9micos. Estas propuestas son socializadas con los colegiados a trav\u00e9s de las plataformas oficiales del CBP, garantizando as\u00ed su acceso a oportunidades relevantes para su desarrollo profesional.<\/p>\n<p>[\/et_pb_text][\/et_pb_column][\/et_pb_row][\/et_pb_section]<\/p>\n","protected":false},"excerpt":{"rendered":"<p>[et_pb_section fb_built=\u00bb1&#8243; admin_label=\u00bbsection\u00bb _builder_version=\u00bb3.22&#8243;][et_pb_row _builder_version=\u00bb4.7.7&#8243; _module_preset=\u00bbdefault\u00bb][et_pb_column type=\u00bb4_4&#8243; _builder_version=\u00bb4.7.7&#8243; _module_preset=\u00bbdefault\u00bb][et_pb_text _builder_version=\u00bb4.7.7&#8243; _module_preset=\u00bbdefault\u00bb header_text_color=\u00bb#0c71c3&#8243; header_text_shadow_style=\u00bbpreset3&#8243;] Convenios Institucionales [\/et_pb_text][\/et_pb_column][\/et_pb_row][et_pb_row column_structure=\u00bb1_3,2_3&#8243; _builder_version=\u00bb4.7.7&#8243; _module_preset=\u00bbdefault\u00bb][et_pb_column type=\u00bb1_3&#8243; _builder_version=\u00bb4.7.7&#8243; _module_preset=\u00bbdefault\u00bb][et_pb_image src=\u00bbhttps:\/\/bibliotecologos.pe\/wp-content\/uploads\/2023\/02\/elbibliotecariogiusseppe.png\u00bb title_text=\u00bbelbibliotecariogiusseppe\u00bb _builder_version=\u00bb4.7.7&#8243; _module_preset=\u00bbdefault\u00bb box_shadow_style=\u00bbpreset2&#8243;][\/et_pb_image][et_pb_text _builder_version=\u00bb4.7.7&#8243; _module_preset=\u00bbdefault\u00bb] Imagen Cr\u00e9ditos:\u00a0\u00abEl Bibliotecario\u00bb de Giuseppe Arcimboldo, 1566 [\/et_pb_text][\/et_pb_column][et_pb_column type=\u00bb2_3&#8243; _builder_version=\u00bb4.7.7&#8243; _module_preset=\u00bbdefault\u00bb][et_pb_text _builder_version=\u00bb4.7.7&#8243; _module_preset=\u00bbdefault\u00bb hover_enabled=\u00bb0&#8243; sticky_enabled=\u00bb0&#8243;] Convenios Institucionales El Colegio de Bibliotec\u00f3logos del Per\u00fa (CBP) ha fortalecido [&hellip;]<\/p>\n","protected":false},"author":4,"featured_media":0,"parent":0,"menu_order":0,"comment_status":"closed","ping_status":"closed","template":"","meta":{"_et_pb_use_builder":"on","_et_pb_old_content":"<!-- wp:spacer {\"height\":\"69px\"} -->\n<div style=\"height:69px\" aria-hidden=\"true\" class=\"wp-block-spacer\"><\/div>\n<!-- \/wp:spacer -->\n\n<!-- wp:paragraph -->\n<p>El Colegio de Bibliotec\u00f3logos cuenta con distintos convenios institucionales que proporciona a sus miembros facilidades para el desarrollo profesional como por ejemplo capacitaciones. Este tipo de formaci\u00f3n proporciona conocimientos en disciplinas como la catalogaci\u00f3n, la gesti\u00f3n de las bibliotecas, las tecnolog\u00edas de la informaci\u00f3n y comunicaci\u00f3n, la alfabetizaci\u00f3n informacional y distintas otras \u00e1reas de la disciplina. <\/p>\n<!-- \/wp:paragraph -->\n\n<!-- wp:paragraph -->\n<p>Adem\u00e1s de ello, tambi\u00e9n existen convenios relativos a la actividad acad\u00e9mica de la investigaci\u00f3n. Esto permite el intercambio de distintas publicaciones acad\u00e9micas o el acceso a diferentes centros de investigaci\u00f3n desde los que se puede recuperar informaci\u00f3n o contar con datos actualizados sobre la carrera. Asimismo, se ha establecido comunicaci\u00f3n interinstitucional con diferentes organizaciones como universidades, colegios profesionales, asociaciones y diferentes grupos acad\u00e9micos que tratan el tema bibliotecol\u00f3gico.<\/p>\n<!-- \/wp:paragraph -->\n\n<!-- wp:spacer {\"height\":\"75px\"} -->\n<div style=\"height:75px\" aria-hidden=\"true\" class=\"wp-block-spacer\"><\/div>\n<!-- \/wp:spacer -->\n\n<!-- wp:image {\"align\":\"center\",\"id\":270,\"sizeSlug\":\"full\",\"linkDestination\":\"none\"} -->\n<div class=\"wp-block-image\"><figure class=\"aligncenter size-full\"><img src=\"https:\/\/bibliotecologos.pe\/wp-content\/uploads\/2022\/04\/Coleccion-4.jpg\" alt=\"\" class=\"wp-image-270\"\/><figcaption>Los libros son una puerta a la imaginaci\u00f3n<\/figcaption><\/figure><\/div>\n<!-- \/wp:image -->\n\n<!-- wp:spacer {\"height\":\"125px\"} -->\n<div style=\"height:125px\" aria-hidden=\"true\" class=\"wp-block-spacer\"><\/div>\n<!-- \/wp:spacer -->","_et_gb_content_width":"1080","_monsterinsights_skip_tracking":false,"_monsterinsights_sitenote_active":false,"_monsterinsights_sitenote_note":"","_monsterinsights_sitenote_category":0,"_joinchat":[],"footnotes":""},"_links":{"self":[{"href":"https:\/\/bibliotecologos.pe\/index.php\/wp-json\/wp\/v2\/pages\/64"}],"collection":[{"href":"https:\/\/bibliotecologos.pe\/index.php\/wp-json\/wp\/v2\/pages"}],"about":[{"href":"https:\/\/bibliotecologos.pe\/index.php\/wp-json\/wp\/v2\/types\/page"}],"author":[{"embeddable":true,"href":"https:\/\/bibliotecologos.pe\/index.php\/wp-json\/wp\/v2\/users\/4"}],"replies":[{"embeddable":true,"href":"https:\/\/bibliotecologos.pe\/index.php\/wp-json\/wp\/v2\/comments?post=64"}],"version-history":[{"count":5,"href":"https:\/\/bibliotecologos.pe\/index.php\/wp-json\/wp\/v2\/pages\/64\/revisions"}],"predecessor-version":[{"id":4423,"href":"https:\/\/bibliotecologos.pe\/index.php\/wp-json\/wp\/v2\/pages\/64\/revisions\/4423"}],"wp:attachment":[{"href":"https:\/\/bibliotecologos.pe\/index.php\/wp-json\/wp\/v2\/media?parent=64"}],"curies":[{"name":"wp","href":"https:\/\/api.w.org\/{rel}","templated":true}]}}