

{"id":700,"date":"2022-05-06T23:53:10","date_gmt":"2022-05-06T23:53:10","guid":{"rendered":"http:\/\/bibliotecademo.xn--construyendotussueos-l7b.com\/?page_id=700"},"modified":"2025-07-13T18:07:41","modified_gmt":"2025-07-13T18:07:41","slug":"capitulo-de-bibliotecas-escolares","status":"publish","type":"page","link":"https:\/\/bibliotecologos.pe\/index.php\/capitulo-de-bibliotecas-escolares\/","title":{"rendered":"Cap\u00edtulo de Bibliotecas Escolares"},"content":{"rendered":"\n<div class=\"wp-block-columns is-layout-flex wp-container-core-columns-is-layout-1 wp-block-columns-is-layout-flex\">\n<div class=\"wp-block-column is-layout-flow wp-block-column-is-layout-flow\" style=\"flex-basis:66.66%\">\n<p>El Cap\u00edtulo de Bibliotecas Escolares del Colegio de Bibliotec\u00f3logos del Per\u00fa denominado \u00ab<strong>Bibliotecas Escolares Peruanas en Acci\u00f3n<\/strong>\u00bb se presenta ante la comunidad especializada, como un aporte para promover la participaci\u00f3n activa del profesional de la Informaci\u00f3n, y del personal bibliotecario, con el objetivo de mejorar e innovar la gesti\u00f3n de las Bibliotecas Escolares en nuestro pa\u00eds.<\/p>\n\n\n\n<p>Dependiendo de su grado de desarrollo, la Biblioteca Escolar es un Centro de Recursos para el Aprendizaje y la Investigaci\u00f3n (CRAI), pues constituye una herramienta clave en apoyo a la formaci\u00f3n del educando y del docente escolar. Es en la Biblioteca Escolar donde se dan los cimientos necesarios hacia la orientaci\u00f3n y motivaci\u00f3n en la formaci\u00f3n del h\u00e1bito lector y la lectura cr\u00edtica en las personas, en base al desarrollo y aplicaci\u00f3n de habilidades y competencias para el manejo, acceso, evaluaci\u00f3n y uso de la informaci\u00f3n.<\/p>\n\n\n\n<p>Desde este espacio invitamos a participar a todos quienes est\u00e9n dedicados a la labor de gesti\u00f3n de bibliotecas escolares en el pa\u00eds, con el objetivo de intercambiar y compartir las experiencias de todo tipo, as\u00ed como para fomentar mayores condiciones de desarrollo.<\/p>\n\n\n\n<p>Para contactarnos, por favor, escr\u00edbanos a <a href=\"mailto:bib.escolar.cbp@gmail.com\">bib.escolar.cbp@gmail.com<\/a> o ac\u00e9rquese a la sede del Colegio de Bibliotec\u00f3logos del Per\u00fa: Av. 2 de Mayo 1545, Ofic. 218, San Isidro, de Lunes a Viernes por las tardes de 5 a 8 pm.<\/p>\n\n\n\n<p>O siga nuestras actividades a trav\u00e9s de nuestro <a href=\"http:\/\/bibliotecasescolaresperuanas.blogspot.pe\/\" target=\"_blank\" rel=\"noreferrer noopener\"><strong>blog oficial<\/strong><\/a>.<\/p>\n<\/div>\n\n\n\n<div class=\"wp-block-column is-layout-flow wp-block-column-is-layout-flow\" style=\"flex-basis:33.33%\">\n<figure class=\"wp-block-image size-large\"><img decoding=\"async\" src=\"http:\/\/bibliotecologos.pe\/wp-content\/uploads\/2022\/05\/capesc-300x225-1.jpg\" alt=\"\"\/><\/figure>\n<\/div>\n<\/div>\n\r\n","protected":false},"excerpt":{"rendered":"<p>El Cap\u00edtulo de Bibliotecas Escolares del Colegio de Bibliotec\u00f3logos del Per\u00fa denominado \u00abBibliotecas Escolares Peruanas en Acci\u00f3n\u00bb se presenta ante la comunidad especializada, como un aporte para promover la participaci\u00f3n activa del profesional de la Informaci\u00f3n, y del personal bibliotecario, con el objetivo de mejorar e innovar la gesti\u00f3n de las Bibliotecas Escolares en nuestro [&hellip;]<\/p>\n","protected":false},"author":4,"featured_media":0,"parent":0,"menu_order":0,"comment_status":"closed","ping_status":"closed","template":"","meta":{"_et_pb_use_builder":"","_et_pb_old_content":"","_et_gb_content_width":"1080","_monsterinsights_skip_tracking":false,"_monsterinsights_sitenote_active":false,"_monsterinsights_sitenote_note":"","_monsterinsights_sitenote_category":0,"_joinchat":[],"footnotes":""},"_links":{"self":[{"href":"https:\/\/bibliotecologos.pe\/index.php\/wp-json\/wp\/v2\/pages\/700"}],"collection":[{"href":"https:\/\/bibliotecologos.pe\/index.php\/wp-json\/wp\/v2\/pages"}],"about":[{"href":"https:\/\/bibliotecologos.pe\/index.php\/wp-json\/wp\/v2\/types\/page"}],"author":[{"embeddable":true,"href":"https:\/\/bibliotecologos.pe\/index.php\/wp-json\/wp\/v2\/users\/4"}],"replies":[{"embeddable":true,"href":"https:\/\/bibliotecologos.pe\/index.php\/wp-json\/wp\/v2\/comments?post=700"}],"version-history":[{"count":5,"href":"https:\/\/bibliotecologos.pe\/index.php\/wp-json\/wp\/v2\/pages\/700\/revisions"}],"predecessor-version":[{"id":887,"href":"https:\/\/bibliotecologos.pe\/index.php\/wp-json\/wp\/v2\/pages\/700\/revisions\/887"}],"wp:attachment":[{"href":"https:\/\/bibliotecologos.pe\/index.php\/wp-json\/wp\/v2\/media?parent=700"}],"curies":[{"name":"wp","href":"https:\/\/api.w.org\/{rel}","templated":true}]}}