

{"id":73,"date":"2022-04-22T18:30:23","date_gmt":"2022-04-22T18:30:23","guid":{"rendered":"http:\/\/bibliotecademo.xn--construyendotussueos-l7b.com\/?page_id=73"},"modified":"2025-07-13T18:06:03","modified_gmt":"2025-07-13T18:06:03","slug":"actividades-culturales","status":"publish","type":"page","link":"https:\/\/bibliotecologos.pe\/index.php\/actividades-culturales\/","title":{"rendered":"Actividades Culturales"},"content":{"rendered":"<p>[et_pb_section fb_built=\u00bb1&#8243; admin_label=\u00bbsection\u00bb _builder_version=\u00bb3.22&#8243;][et_pb_row _builder_version=\u00bb4.7.7&#8243; _module_preset=\u00bbdefault\u00bb][et_pb_column type=\u00bb4_4&#8243; _builder_version=\u00bb4.7.7&#8243; _module_preset=\u00bbdefault\u00bb][et_pb_text _builder_version=\u00bb4.7.7&#8243; _module_preset=\u00bbdefault\u00bb header_text_color=\u00bb#0c71c3&#8243; header_text_shadow_style=\u00bbpreset3&#8243;]<\/p>\n<h1 style=\"text-align: center;\"><strong>Actividades culturales<\/strong><\/h1>\n<p>[\/et_pb_text][\/et_pb_column][\/et_pb_row][et_pb_row column_structure=\u00bb3_5,2_5&#8243; _builder_version=\u00bb4.7.7&#8243; _module_preset=\u00bbdefault\u00bb][et_pb_column type=\u00bb3_5&#8243; _builder_version=\u00bb4.7.7&#8243; _module_preset=\u00bbdefault\u00bb][et_pb_text _builder_version=\u00bb4.7.7&#8243; _module_preset=\u00bbdefault\u00bb]<\/p>\n<p>La diversidad cultural o la multiculturalidad son la base de nuestra fuerza colectiva, tanto en nuestras comunidades locales como en nuestra sociedad global; diversidad que es patrimonio de la humanidad y debe ser conservada y mantenida para el beneficio de todos.<\/p>\n<p>Por tanto, todas las bibliotecas deben reflejar, apoyar y promover la diversidad cultural y ling\u00fc\u00edstica en los \u00e1mbitos locales, nacionales e internacionales, y de esta manera trabajar por el di\u00e1logo intercultural y una ciudadan\u00eda activa.<\/p>\n<p>La Declaraci\u00f3n de Lyon, suscrita por la Federaci\u00f3n Internacional de Bibliotecas y Bibliotecarios (IFLA) en agosto de 2014, proyecta esta propuesta hacia el siglo XXI, afirmando que el progresivo acceso a la informaci\u00f3n y al conocimiento, en toda la sociedad, junto con la disponibilidad de las tecnolog\u00edas de la informaci\u00f3n y las comunicaciones (Tics), apoyan el desarrollo sostenible y mejoran la calidad de vida de las personas.<\/p>\n<p>En Lima y el Per\u00fa existen una diversidad de centros de informaci\u00f3n y de bibliotecas en las cuales el arte es uno de sus ejes de trabajo: bibliotecas de museos, bibliotecas de arte vinculadas a universidades, bibliotecas p\u00fablicas, departamentos y agencias gubernamentales, bibliotecas en centros culturales, etc.<\/p>\n<p>Nos interesa conocer y compartir como todas estas unidades de informaci\u00f3n desarrollar creativamente el estudio, disfrute y fomentos de las artes.<\/p>\n<p>Nuestro inter\u00e9s es conocer propuestas acerca del estudio, investigaci\u00f3n, disfrute y fomento de las artes, especialmente en los siguientes temas:<\/p>\n<p>Puesta en valor de colecciones, en particular en relaci\u00f3n al patrimonio nacional del Per\u00fa.<br \/>\u200bProcesamiento de informaci\u00f3n en arte, incluyendo aspectos como Desarrollo de Colecciones, Difusi\u00f3n de Contenidos y Servicios.<br \/>Gesti\u00f3n de TICS en arte y cultura en todo el proceso productivo, desde su conceptualizaci\u00f3n, acopio, gesti\u00f3n hasta el consumo.<br \/>Coordinadora:<\/p>\n<p>Liliana Polo \u2013 <strong>lilianapololudena@gmail.com<\/strong><\/p>\n<p>[\/et_pb_text][\/et_pb_column][et_pb_column type=\u00bb2_5&#8243; _builder_version=\u00bb4.7.7&#8243; _module_preset=\u00bbdefault\u00bb][et_pb_image src=\u00bbhttps:\/\/bibliotecologos.pe\/wp-content\/uploads\/2023\/02\/Estacion-biblioteca-publica.png\u00bb title_text=\u00bbEstaci\u00f3n biblioteca publica\u00bb _builder_version=\u00bb4.7.7&#8243; _module_preset=\u00bbdefault\u00bb box_shadow_style=\u00bbpreset2&#8243;][\/et_pb_image][et_pb_text _builder_version=\u00bb4.7.7&#8243; _module_preset=\u00bbdefault\u00bb]<\/p>\n<p>Foto Cr\u00e9ditos:<em>\u00a0\u00abEstaci\u00f3n de Biblioteca P\u00fablica en el Rimac Martha Fernandez de L\u00f3pez\u00bb<\/em><\/p>\n<p>[\/et_pb_text][\/et_pb_column][\/et_pb_row][et_pb_row _builder_version=\u00bb4.7.7&#8243; _module_preset=\u00bbdefault\u00bb][et_pb_column type=\u00bb4_4&#8243; _builder_version=\u00bb4.7.7&#8243; _module_preset=\u00bbdefault\u00bb][\/et_pb_column][\/et_pb_row][\/et_pb_section]<\/p>\n","protected":false},"excerpt":{"rendered":"<p>[et_pb_section fb_built=\u00bb1&#8243; admin_label=\u00bbsection\u00bb _builder_version=\u00bb3.22&#8243;][et_pb_row _builder_version=\u00bb4.7.7&#8243; _module_preset=\u00bbdefault\u00bb][et_pb_column type=\u00bb4_4&#8243; _builder_version=\u00bb4.7.7&#8243; _module_preset=\u00bbdefault\u00bb][et_pb_text _builder_version=\u00bb4.7.7&#8243; _module_preset=\u00bbdefault\u00bb header_text_color=\u00bb#0c71c3&#8243; header_text_shadow_style=\u00bbpreset3&#8243;] Actividades culturales [\/et_pb_text][\/et_pb_column][\/et_pb_row][et_pb_row column_structure=\u00bb3_5,2_5&#8243; _builder_version=\u00bb4.7.7&#8243; _module_preset=\u00bbdefault\u00bb][et_pb_column type=\u00bb3_5&#8243; _builder_version=\u00bb4.7.7&#8243; _module_preset=\u00bbdefault\u00bb][et_pb_text _builder_version=\u00bb4.7.7&#8243; _module_preset=\u00bbdefault\u00bb] La diversidad cultural o la multiculturalidad son la base de nuestra fuerza colectiva, tanto en nuestras comunidades locales como en nuestra sociedad global; diversidad que es patrimonio de la humanidad y [&hellip;]<\/p>\n","protected":false},"author":4,"featured_media":0,"parent":0,"menu_order":0,"comment_status":"closed","ping_status":"closed","template":"","meta":{"_et_pb_use_builder":"on","_et_pb_old_content":"<!-- wp:spacer {\"height\":\"48px\"} -->\n<div style=\"height:48px\" aria-hidden=\"true\" class=\"wp-block-spacer\"><\/div>\n<!-- \/wp:spacer -->\n\n<!-- wp:columns -->\n<div class=\"wp-block-columns\"><!-- wp:column {\"width\":\"66.66%\"} -->\n<div class=\"wp-block-column\" style=\"flex-basis:66.66%\"><!-- wp:paragraph -->\n<p>La diversidad cultural o la multiculturalidad son la base de nuestra fuerza colectiva, tanto en nuestras comunidades locales como en nuestra sociedad global; diversidad que es patrimonio de la humanidad y debe ser conservada y mantenida para el beneficio de todos.<\/p>\n<!-- \/wp:paragraph -->\n\n<!-- wp:paragraph -->\n<p>Por tanto, todas las bibliotecas deben reflejar, apoyar y promover la diversidad cultural y ling\u00fc\u00edstica en los \u00e1mbitos locales, nacionales e internacionales, y de esta manera trabajar por el di\u00e1logo intercultural y una ciudadan\u00eda activa.<\/p>\n<!-- \/wp:paragraph -->\n\n<!-- wp:paragraph -->\n<p>La Declaraci\u00f3n de Lyon, suscrita por la Federaci\u00f3n Internacional de Bibliotecas y Bibliotecarios (IFLA) en agosto de 2014, proyecta esta propuesta hacia el siglo XXI, afirmando que el progresivo acceso a la informaci\u00f3n y al conocimiento, en toda la sociedad, junto con la disponibilidad de las tecnolog\u00edas de la informaci\u00f3n y las comunicaciones (Tics), apoyan el desarrollo sostenible y mejoran la calidad de vida de las personas.<\/p>\n<!-- \/wp:paragraph -->\n\n<!-- wp:paragraph -->\n<p>En Lima y el Per\u00fa existen una diversidad de centros de informaci\u00f3n y de bibliotecas en las cuales el arte es uno de sus ejes de trabajo: bibliotecas de museos, bibliotecas de arte vinculadas a universidades, bibliotecas p\u00fablicas, departamentos y agencias gubernamentales, bibliotecas en centros culturales, etc.<\/p>\n<!-- \/wp:paragraph -->\n\n<!-- wp:paragraph -->\n<p>Nos interesa conocer y compartir como todas estas unidades de informaci\u00f3n desarrollar creativamente el estudio, disfrute y fomentos de las artes.<\/p>\n<!-- \/wp:paragraph -->\n\n<!-- wp:paragraph -->\n<p>Nuestro inter\u00e9s es conocer propuestas acerca del estudio, investigaci\u00f3n, disfrute y fomento de las artes, especialmente en los siguientes temas:<\/p>\n<!-- \/wp:paragraph -->\n\n<!-- wp:paragraph -->\n<p>Puesta en valor de colecciones, en particular en relaci\u00f3n al patrimonio nacional del Per\u00fa.<br>\u200bProcesamiento de informaci\u00f3n en arte, incluyendo aspectos como Desarrollo de Colecciones, Difusi\u00f3n de Contenidos y Servicios.<br>Gesti\u00f3n de TICS en arte y cultura en todo el proceso productivo, desde su conceptualizaci\u00f3n, acopio, gesti\u00f3n hasta el consumo.<br>Coordinadora:<\/p>\n<!-- \/wp:paragraph -->\n\n<!-- wp:paragraph -->\n<p>Liliana Polo \u2013 <a href=\"mailto:lilianapololudena@gmail.com\">lilianapololudena@gmail.com<\/a> <\/p>\n<!-- \/wp:paragraph --><\/div>\n<!-- \/wp:column -->\n\n<!-- wp:column {\"width\":\"33.33%\"} -->\n<div class=\"wp-block-column\" style=\"flex-basis:33.33%\"><!-- wp:image {\"id\":310,\"sizeSlug\":\"full\",\"linkDestination\":\"none\"} -->\n<figure class=\"wp-block-image size-full\"><img src=\"https:\/\/bibliotecologos.pe\/wp-content\/uploads\/2022\/04\/La-biblioteca-es-inclusion-social-e-igualdad-de-oportunidades.jpg\" alt=\"\" class=\"wp-image-310\"\/><\/figure>\n<!-- \/wp:image --><\/div>\n<!-- \/wp:column --><\/div>\n<!-- \/wp:columns -->\n\n<!-- wp:spacer -->\n<div style=\"height:100px\" aria-hidden=\"true\" class=\"wp-block-spacer\"><\/div>\n<!-- \/wp:spacer -->","_et_gb_content_width":"1080","_monsterinsights_skip_tracking":false,"_monsterinsights_sitenote_active":false,"_monsterinsights_sitenote_note":"","_monsterinsights_sitenote_category":0,"_joinchat":[],"footnotes":""},"_links":{"self":[{"href":"https:\/\/bibliotecologos.pe\/index.php\/wp-json\/wp\/v2\/pages\/73"}],"collection":[{"href":"https:\/\/bibliotecologos.pe\/index.php\/wp-json\/wp\/v2\/pages"}],"about":[{"href":"https:\/\/bibliotecologos.pe\/index.php\/wp-json\/wp\/v2\/types\/page"}],"author":[{"embeddable":true,"href":"https:\/\/bibliotecologos.pe\/index.php\/wp-json\/wp\/v2\/users\/4"}],"replies":[{"embeddable":true,"href":"https:\/\/bibliotecologos.pe\/index.php\/wp-json\/wp\/v2\/comments?post=73"}],"version-history":[{"count":8,"href":"https:\/\/bibliotecologos.pe\/index.php\/wp-json\/wp\/v2\/pages\/73\/revisions"}],"predecessor-version":[{"id":4297,"href":"https:\/\/bibliotecologos.pe\/index.php\/wp-json\/wp\/v2\/pages\/73\/revisions\/4297"}],"wp:attachment":[{"href":"https:\/\/bibliotecologos.pe\/index.php\/wp-json\/wp\/v2\/media?parent=73"}],"curies":[{"name":"wp","href":"https:\/\/api.w.org\/{rel}","templated":true}]}}